{"id":14138,"date":"2022-03-14T11:43:56","date_gmt":"2022-03-14T10:43:56","guid":{"rendered":"https:\/\/kme.eu\/kme\/?page_id=14138"},"modified":"2026-03-20T09:30:32","modified_gmt":"2026-03-20T08:30:32","slug":"aktywacja","status":"publish","type":"page","link":"https:\/\/kme.eu\/kme\/narzedzia-warsztatu\/aktywacja\/","title":{"rendered":"Aktywacja"},"content":{"rendered":"<div class=\"wpb-content-wrapper\"><p>[vc_column][\/vc_column][vc_row row_btt_skin=&#8221;light&#8221; row_background_text_position=&#8221;front&#8221;][vc_column][vc_column_text]<\/p>\n<h2>AKTYWACJA ON-LINE<\/h2>\n<ul>\n<li>Aktywacji wymagaj\u0105 najnowsze sterowniki NEVO-SKY DIRECT.<\/li>\n<li>KOD AKTYWACYJNY to unikalny ci\u0105g znak\u00f3w, kt\u00f3ry jest przypisany do konkretnego warsztatu i s\u0142u\u017cy do wielorazowej aktywacji sterownik\u00f3w. Do jego uzyskania uprawnia uczestnictwo w zaawansowanym szkoleniu z obs\u0142ugi sterownik\u00f3w NEVO-SKY DIRECT *.<\/li>\n<li>KOD AKTYWACYJNY wystarczy wprowadzi\u0107 w programie tylko jeden raz. Oznacza to, \u017ce zar\u00f3wno pierwszy, jak i ka\u017cdy kolejny sterownik b\u0119d\u0105 aktywowane przy pomocy tego samego KODU AKTYWACYJNEGO.<\/li>\n<\/ul>\n<p>* Je\u015bli uczestniczy\u0142e\u015b w takim szkoleniu, a nie posiadasz KODU AKTYWACYJNEGO, skontaktuj si\u0119 ze swoim doradc\u0105 (opiekunem) technicznym b\u0105d\u017a handlowym.<\/p>\n<p>&nbsp;<\/p>\n<h2>Jak aktywowa\u0107 sterowniki?<\/h2>\n<ol>\n<li>Pod\u0142\u0105cz sterownik do komputera i uruchom program KME NEVO-SKY.<\/li>\n<li>Na ekranie pojawi si\u0119 okno z polem, w kt\u00f3re jednorazowo wprowadzisz KOD AKTYWACYJNY.<\/li>\n<\/ol>\n<p>&nbsp;<\/p>\n<p>&nbsp;<\/p>\n<p>[\/vc_column_text][\/vc_column][\/vc_row]<\/p>\n<\/div>","protected":false},"excerpt":{"rendered":"<p>[vc_column][\/vc_column][vc_row row_btt_skin=&#8221;light&#8221; row_background_text_position=&#8221;front&#8221;][vc_column][vc_column_text] AKTYWACJA ON-LINE Aktywacji wymagaj\u0105 najnowsze sterowniki NEVO-SKY DIRECT. KOD AKTYWACYJNY to unikalny ci\u0105g znak\u00f3w, kt\u00f3ry jest przypisany do konkretnego warsztatu i s\u0142u\u017cy do wielorazowej aktywacji sterownik\u00f3w. Do jego uzyskania uprawnia uczestnictwo w zaawansowanym szkoleniu z obs\u0142ugi sterownik\u00f3w [&hellip;]<\/p>\n","protected":false},"author":6,"featured_media":0,"parent":10850,"menu_order":0,"comment_status":"closed","ping_status":"closed","template":"","meta":{"footnotes":""},"class_list":["post-14138","page","type-page","status-publish","hentry"],"acf":[],"yoast_head":"<!-- This site is optimized with the Yoast SEO plugin v27.4 - https:\/\/yoast.com\/product\/yoast-seo-wordpress\/ -->\n<title>Aktywacja - KME<\/title>\n<meta name=\"robots\" content=\"index, follow, max-snippet:-1, max-image-preview:large, max-video-preview:-1\" \/>\n<link rel=\"canonical\" href=\"https:\/\/kme.eu\/kme\/narzedzia-warsztatu\/aktywacja\/\" \/>\n<meta property=\"og:locale\" content=\"pl_PL\" \/>\n<meta property=\"og:type\" content=\"article\" \/>\n<meta property=\"og:title\" content=\"Aktywacja - KME\" \/>\n<meta property=\"og:description\" content=\"[vc_column][\/vc_column][vc_row row_btt_skin=&#8221;light&#8221; row_background_text_position=&#8221;front&#8221;][vc_column][vc_column_text] AKTYWACJA ON-LINE Aktywacji wymagaj\u0105 najnowsze sterowniki NEVO-SKY DIRECT. KOD AKTYWACYJNY to unikalny ci\u0105g znak\u00f3w, kt\u00f3ry jest przypisany do konkretnego warsztatu i s\u0142u\u017cy do wielorazowej aktywacji sterownik\u00f3w. Do jego uzyskania uprawnia uczestnictwo w zaawansowanym szkoleniu z obs\u0142ugi sterownik\u00f3w [&hellip;]\" \/>\n<meta property=\"og:url\" content=\"https:\/\/kme.eu\/kme\/narzedzia-warsztatu\/aktywacja\/\" \/>\n<meta property=\"og:site_name\" content=\"KME\" \/>\n<meta property=\"article:publisher\" content=\"https:\/\/www.facebook.com\/KME.LPG\/\" \/>\n<meta property=\"article:modified_time\" content=\"2026-03-20T08:30:32+00:00\" \/>\n<meta name=\"twitter:card\" content=\"summary_large_image\" \/>\n<meta name=\"twitter:label1\" content=\"Szacowany czas czytania\" \/>\n\t<meta name=\"twitter:data1\" content=\"1 minuta\" \/>\n<script type=\"application\/ld+json\" class=\"yoast-schema-graph\">{\"@context\":\"https:\\\/\\\/schema.org\",\"@graph\":[{\"@type\":\"WebPage\",\"@id\":\"https:\\\/\\\/kme.eu\\\/kme\\\/narzedzia-warsztatu\\\/aktywacja\\\/\",\"url\":\"https:\\\/\\\/kme.eu\\\/kme\\\/narzedzia-warsztatu\\\/aktywacja\\\/\",\"name\":\"Aktywacja - KME\",\"isPartOf\":{\"@id\":\"https:\\\/\\\/kme.eu\\\/kme\\\/#website\"},\"datePublished\":\"2022-03-14T10:43:56+00:00\",\"dateModified\":\"2026-03-20T08:30:32+00:00\",\"breadcrumb\":{\"@id\":\"https:\\\/\\\/kme.eu\\\/kme\\\/narzedzia-warsztatu\\\/aktywacja\\\/#breadcrumb\"},\"inLanguage\":\"pl-PL\",\"potentialAction\":[{\"@type\":\"ReadAction\",\"target\":[\"https:\\\/\\\/kme.eu\\\/kme\\\/narzedzia-warsztatu\\\/aktywacja\\\/\"]}]},{\"@type\":\"BreadcrumbList\",\"@id\":\"https:\\\/\\\/kme.eu\\\/kme\\\/narzedzia-warsztatu\\\/aktywacja\\\/#breadcrumb\",\"itemListElement\":[{\"@type\":\"ListItem\",\"position\":1,\"name\":\"Strona g\u0142\u00f3wna\",\"item\":\"https:\\\/\\\/kme.eu\\\/kme\\\/\"},{\"@type\":\"ListItem\",\"position\":2,\"name\":\"Narz\u0119dzia warsztatu\",\"item\":\"https:\\\/\\\/kme.eu\\\/kme\\\/narzedzia-warsztatu\\\/\"},{\"@type\":\"ListItem\",\"position\":3,\"name\":\"Aktywacja\"}]},{\"@type\":\"WebSite\",\"@id\":\"https:\\\/\\\/kme.eu\\\/kme\\\/#website\",\"url\":\"https:\\\/\\\/kme.eu\\\/kme\\\/\",\"name\":\"KME\",\"description\":\"Autogas Systems\",\"publisher\":{\"@id\":\"https:\\\/\\\/kme.eu\\\/kme\\\/#organization\"},\"potentialAction\":[{\"@type\":\"SearchAction\",\"target\":{\"@type\":\"EntryPoint\",\"urlTemplate\":\"https:\\\/\\\/kme.eu\\\/kme\\\/?s={search_term_string}\"},\"query-input\":{\"@type\":\"PropertyValueSpecification\",\"valueRequired\":true,\"valueName\":\"search_term_string\"}}],\"inLanguage\":\"pl-PL\"},{\"@type\":\"Organization\",\"@id\":\"https:\\\/\\\/kme.eu\\\/kme\\\/#organization\",\"name\":\"KME\",\"url\":\"https:\\\/\\\/kme.eu\\\/kme\\\/\",\"logo\":{\"@type\":\"ImageObject\",\"inLanguage\":\"pl-PL\",\"@id\":\"https:\\\/\\\/kme.eu\\\/kme\\\/#\\\/schema\\\/logo\\\/image\\\/\",\"url\":\"https:\\\/\\\/kme.eu\\\/kme\\\/wp-content\\\/uploads\\\/2020\\\/04\\\/logo_KME_RGB_small_200px.png\",\"contentUrl\":\"https:\\\/\\\/kme.eu\\\/kme\\\/wp-content\\\/uploads\\\/2020\\\/04\\\/logo_KME_RGB_small_200px.png\",\"width\":272,\"height\":200,\"caption\":\"KME\"},\"image\":{\"@id\":\"https:\\\/\\\/kme.eu\\\/kme\\\/#\\\/schema\\\/logo\\\/image\\\/\"},\"sameAs\":[\"https:\\\/\\\/www.facebook.com\\\/KME.LPG\\\/\",\"https:\\\/\\\/www.instagram.com\\\/kme_lpg\\\/\"]}]}<\/script>\n<!-- \/ Yoast SEO plugin. -->","yoast_head_json":{"title":"Aktywacja - KME","robots":{"index":"index","follow":"follow","max-snippet":"max-snippet:-1","max-image-preview":"max-image-preview:large","max-video-preview":"max-video-preview:-1"},"canonical":"https:\/\/kme.eu\/kme\/narzedzia-warsztatu\/aktywacja\/","og_locale":"pl_PL","og_type":"article","og_title":"Aktywacja - KME","og_description":"[vc_column][\/vc_column][vc_row row_btt_skin=&#8221;light&#8221; row_background_text_position=&#8221;front&#8221;][vc_column][vc_column_text] AKTYWACJA ON-LINE Aktywacji wymagaj\u0105 najnowsze sterowniki NEVO-SKY DIRECT. KOD AKTYWACYJNY to unikalny ci\u0105g znak\u00f3w, kt\u00f3ry jest przypisany do konkretnego warsztatu i s\u0142u\u017cy do wielorazowej aktywacji sterownik\u00f3w. Do jego uzyskania uprawnia uczestnictwo w zaawansowanym szkoleniu z obs\u0142ugi sterownik\u00f3w [&hellip;]","og_url":"https:\/\/kme.eu\/kme\/narzedzia-warsztatu\/aktywacja\/","og_site_name":"KME","article_publisher":"https:\/\/www.facebook.com\/KME.LPG\/","article_modified_time":"2026-03-20T08:30:32+00:00","twitter_card":"summary_large_image","twitter_misc":{"Szacowany czas czytania":"1 minuta"},"schema":{"@context":"https:\/\/schema.org","@graph":[{"@type":"WebPage","@id":"https:\/\/kme.eu\/kme\/narzedzia-warsztatu\/aktywacja\/","url":"https:\/\/kme.eu\/kme\/narzedzia-warsztatu\/aktywacja\/","name":"Aktywacja - KME","isPartOf":{"@id":"https:\/\/kme.eu\/kme\/#website"},"datePublished":"2022-03-14T10:43:56+00:00","dateModified":"2026-03-20T08:30:32+00:00","breadcrumb":{"@id":"https:\/\/kme.eu\/kme\/narzedzia-warsztatu\/aktywacja\/#breadcrumb"},"inLanguage":"pl-PL","potentialAction":[{"@type":"ReadAction","target":["https:\/\/kme.eu\/kme\/narzedzia-warsztatu\/aktywacja\/"]}]},{"@type":"BreadcrumbList","@id":"https:\/\/kme.eu\/kme\/narzedzia-warsztatu\/aktywacja\/#breadcrumb","itemListElement":[{"@type":"ListItem","position":1,"name":"Strona g\u0142\u00f3wna","item":"https:\/\/kme.eu\/kme\/"},{"@type":"ListItem","position":2,"name":"Narz\u0119dzia warsztatu","item":"https:\/\/kme.eu\/kme\/narzedzia-warsztatu\/"},{"@type":"ListItem","position":3,"name":"Aktywacja"}]},{"@type":"WebSite","@id":"https:\/\/kme.eu\/kme\/#website","url":"https:\/\/kme.eu\/kme\/","name":"KME","description":"Autogas Systems","publisher":{"@id":"https:\/\/kme.eu\/kme\/#organization"},"potentialAction":[{"@type":"SearchAction","target":{"@type":"EntryPoint","urlTemplate":"https:\/\/kme.eu\/kme\/?s={search_term_string}"},"query-input":{"@type":"PropertyValueSpecification","valueRequired":true,"valueName":"search_term_string"}}],"inLanguage":"pl-PL"},{"@type":"Organization","@id":"https:\/\/kme.eu\/kme\/#organization","name":"KME","url":"https:\/\/kme.eu\/kme\/","logo":{"@type":"ImageObject","inLanguage":"pl-PL","@id":"https:\/\/kme.eu\/kme\/#\/schema\/logo\/image\/","url":"https:\/\/kme.eu\/kme\/wp-content\/uploads\/2020\/04\/logo_KME_RGB_small_200px.png","contentUrl":"https:\/\/kme.eu\/kme\/wp-content\/uploads\/2020\/04\/logo_KME_RGB_small_200px.png","width":272,"height":200,"caption":"KME"},"image":{"@id":"https:\/\/kme.eu\/kme\/#\/schema\/logo\/image\/"},"sameAs":["https:\/\/www.facebook.com\/KME.LPG\/","https:\/\/www.instagram.com\/kme_lpg\/"]}]}},"_links":{"self":[{"href":"https:\/\/kme.eu\/kme\/wp-json\/wp\/v2\/pages\/14138","targetHints":{"allow":["GET"]}}],"collection":[{"href":"https:\/\/kme.eu\/kme\/wp-json\/wp\/v2\/pages"}],"about":[{"href":"https:\/\/kme.eu\/kme\/wp-json\/wp\/v2\/types\/page"}],"author":[{"embeddable":true,"href":"https:\/\/kme.eu\/kme\/wp-json\/wp\/v2\/users\/6"}],"replies":[{"embeddable":true,"href":"https:\/\/kme.eu\/kme\/wp-json\/wp\/v2\/comments?post=14138"}],"version-history":[{"count":0,"href":"https:\/\/kme.eu\/kme\/wp-json\/wp\/v2\/pages\/14138\/revisions"}],"up":[{"embeddable":true,"href":"https:\/\/kme.eu\/kme\/wp-json\/wp\/v2\/pages\/10850"}],"wp:attachment":[{"href":"https:\/\/kme.eu\/kme\/wp-json\/wp\/v2\/media?parent=14138"}],"curies":[{"name":"wp","href":"https:\/\/api.w.org\/{rel}","templated":true}]}}