{"id":20615,"date":"2026-03-16T13:07:48","date_gmt":"2026-03-16T12:07:48","guid":{"rendered":"https:\/\/kme.eu\/kme\/?page_id=20615"},"modified":"2026-03-20T09:42:06","modified_gmt":"2026-03-20T08:42:06","slug":"5-lat-gwarancji","status":"publish","type":"page","link":"https:\/\/kme.eu\/kme\/narzedzia-warsztatu\/5-lat-gwarancji\/","title":{"rendered":"5 LAT GWARANCJI"},"content":{"rendered":"<div class=\"wpb-content-wrapper\"><p>[vc_column][\/vc_column][vc_row row_btt_skin=&#8221;light&#8221; row_background_text_position=&#8221;front&#8221;][vc_column][vc_column_text css=&#8221;&#8221;]<\/p>\n<h2>5 LAT GWARANCJI<\/h2>\n<p><strong>Rozszerzona gwarancja na sterowniki KME NEVO-SKY<\/strong><\/p>\n<p>Gwarancja wynosi 60 miesi\u0119cy od daty monta\u017cu (maksymalnie 66 miesi\u0119cy od daty produkcji) lub 100.000 km, w zale\u017cno\u015bci co nast\u0105pi wcze\u015bniej.<\/p>\n<p>Warunki:<\/p>\n<ul>\n<li>dotyczy sterownik\u00f3w wyprodukowanych od 01.01.2025<\/li>\n<li>dotyczy monta\u017cy dokonanych na terytorium RP od dnia\u00a002.03.2026<\/li>\n<li>dotyczy monta\u017cy z wykorzystaniem tylko komponent\u00f3w\u00a0produkcji KME (sterownik, wtryskiwacze, reduktor, CCT6,\u00a0filtr fazy lotnej)<\/li>\n<li>dotyczy monta\u017cy wpisanych na homologacj\u0119 KME<\/li>\n<\/ul>\n<p>W przypadku reklamacji sterownika warunkiem koniecznym jest do\u0142\u0105czenie do zg\u0142oszenia reklamacyjnego kopii prawid\u0142owo wype\u0142nionej Ksi\u0105\u017ceczki Gwarancyjnej przez uprawniony warsztat z wpisanym numerem sterownika oraz numerem wyci\u0105gu ze \u015bwiadectwa homologacji.<\/p>\n<p>W przypadku braku kompletnych dokument\u00f3w reklamacyjnych zastosowanie ma gwarancja standardowa.[\/vc_column_text][\/vc_column][\/vc_row]<\/p>\n<\/div>","protected":false},"excerpt":{"rendered":"<p>[vc_column][\/vc_column][vc_row row_btt_skin=&#8221;light&#8221; row_background_text_position=&#8221;front&#8221;][vc_column][vc_column_text css=&#8221;&#8221;] 5 LAT GWARANCJI Rozszerzona gwarancja na sterowniki KME NEVO-SKY Gwarancja wynosi 60 miesi\u0119cy od daty monta\u017cu (maksymalnie 66 miesi\u0119cy od daty produkcji) lub 100.000 km, w zale\u017cno\u015bci co nast\u0105pi wcze\u015bniej. Warunki: dotyczy sterownik\u00f3w wyprodukowanych od 01.01.2025 [&hellip;]<\/p>\n","protected":false},"author":6,"featured_media":0,"parent":10850,"menu_order":0,"comment_status":"closed","ping_status":"closed","template":"","meta":{"footnotes":""},"class_list":["post-20615","page","type-page","status-publish","hentry"],"acf":[],"yoast_head":"<!-- This site is optimized with the Yoast SEO plugin v27.4 - https:\/\/yoast.com\/product\/yoast-seo-wordpress\/ -->\n<title>5 LAT GWARANCJI - KME<\/title>\n<meta name=\"robots\" content=\"index, follow, max-snippet:-1, max-image-preview:large, max-video-preview:-1\" \/>\n<link rel=\"canonical\" href=\"https:\/\/kme.eu\/kme\/narzedzia-warsztatu\/5-lat-gwarancji\/\" \/>\n<meta property=\"og:locale\" content=\"pl_PL\" \/>\n<meta property=\"og:type\" content=\"article\" \/>\n<meta property=\"og:title\" content=\"5 LAT GWARANCJI - KME\" \/>\n<meta property=\"og:description\" content=\"[vc_column][\/vc_column][vc_row row_btt_skin=&#8221;light&#8221; row_background_text_position=&#8221;front&#8221;][vc_column][vc_column_text css=&#8221;&#8221;] 5 LAT GWARANCJI Rozszerzona gwarancja na sterowniki KME NEVO-SKY Gwarancja wynosi 60 miesi\u0119cy od daty monta\u017cu (maksymalnie 66 miesi\u0119cy od daty produkcji) lub 100.000 km, w zale\u017cno\u015bci co nast\u0105pi wcze\u015bniej. Warunki: dotyczy sterownik\u00f3w wyprodukowanych od 01.01.2025 [&hellip;]\" \/>\n<meta property=\"og:url\" content=\"https:\/\/kme.eu\/kme\/narzedzia-warsztatu\/5-lat-gwarancji\/\" \/>\n<meta property=\"og:site_name\" content=\"KME\" \/>\n<meta property=\"article:publisher\" content=\"https:\/\/www.facebook.com\/KME.LPG\/\" \/>\n<meta property=\"article:modified_time\" content=\"2026-03-20T08:42:06+00:00\" \/>\n<meta name=\"twitter:card\" content=\"summary_large_image\" \/>\n<script type=\"application\/ld+json\" class=\"yoast-schema-graph\">{\"@context\":\"https:\\\/\\\/schema.org\",\"@graph\":[{\"@type\":\"WebPage\",\"@id\":\"https:\\\/\\\/kme.eu\\\/kme\\\/narzedzia-warsztatu\\\/5-lat-gwarancji\\\/\",\"url\":\"https:\\\/\\\/kme.eu\\\/kme\\\/narzedzia-warsztatu\\\/5-lat-gwarancji\\\/\",\"name\":\"5 LAT GWARANCJI - KME\",\"isPartOf\":{\"@id\":\"https:\\\/\\\/kme.eu\\\/kme\\\/#website\"},\"datePublished\":\"2026-03-16T12:07:48+00:00\",\"dateModified\":\"2026-03-20T08:42:06+00:00\",\"breadcrumb\":{\"@id\":\"https:\\\/\\\/kme.eu\\\/kme\\\/narzedzia-warsztatu\\\/5-lat-gwarancji\\\/#breadcrumb\"},\"inLanguage\":\"pl-PL\",\"potentialAction\":[{\"@type\":\"ReadAction\",\"target\":[\"https:\\\/\\\/kme.eu\\\/kme\\\/narzedzia-warsztatu\\\/5-lat-gwarancji\\\/\"]}]},{\"@type\":\"BreadcrumbList\",\"@id\":\"https:\\\/\\\/kme.eu\\\/kme\\\/narzedzia-warsztatu\\\/5-lat-gwarancji\\\/#breadcrumb\",\"itemListElement\":[{\"@type\":\"ListItem\",\"position\":1,\"name\":\"Strona g\u0142\u00f3wna\",\"item\":\"https:\\\/\\\/kme.eu\\\/kme\\\/\"},{\"@type\":\"ListItem\",\"position\":2,\"name\":\"Narz\u0119dzia warsztatu\",\"item\":\"https:\\\/\\\/kme.eu\\\/kme\\\/narzedzia-warsztatu\\\/\"},{\"@type\":\"ListItem\",\"position\":3,\"name\":\"5 LAT GWARANCJI\"}]},{\"@type\":\"WebSite\",\"@id\":\"https:\\\/\\\/kme.eu\\\/kme\\\/#website\",\"url\":\"https:\\\/\\\/kme.eu\\\/kme\\\/\",\"name\":\"KME\",\"description\":\"Autogas Systems\",\"publisher\":{\"@id\":\"https:\\\/\\\/kme.eu\\\/kme\\\/#organization\"},\"potentialAction\":[{\"@type\":\"SearchAction\",\"target\":{\"@type\":\"EntryPoint\",\"urlTemplate\":\"https:\\\/\\\/kme.eu\\\/kme\\\/?s={search_term_string}\"},\"query-input\":{\"@type\":\"PropertyValueSpecification\",\"valueRequired\":true,\"valueName\":\"search_term_string\"}}],\"inLanguage\":\"pl-PL\"},{\"@type\":\"Organization\",\"@id\":\"https:\\\/\\\/kme.eu\\\/kme\\\/#organization\",\"name\":\"KME\",\"url\":\"https:\\\/\\\/kme.eu\\\/kme\\\/\",\"logo\":{\"@type\":\"ImageObject\",\"inLanguage\":\"pl-PL\",\"@id\":\"https:\\\/\\\/kme.eu\\\/kme\\\/#\\\/schema\\\/logo\\\/image\\\/\",\"url\":\"https:\\\/\\\/kme.eu\\\/kme\\\/wp-content\\\/uploads\\\/2020\\\/04\\\/logo_KME_RGB_small_200px.png\",\"contentUrl\":\"https:\\\/\\\/kme.eu\\\/kme\\\/wp-content\\\/uploads\\\/2020\\\/04\\\/logo_KME_RGB_small_200px.png\",\"width\":272,\"height\":200,\"caption\":\"KME\"},\"image\":{\"@id\":\"https:\\\/\\\/kme.eu\\\/kme\\\/#\\\/schema\\\/logo\\\/image\\\/\"},\"sameAs\":[\"https:\\\/\\\/www.facebook.com\\\/KME.LPG\\\/\",\"https:\\\/\\\/www.instagram.com\\\/kme_lpg\\\/\"]}]}<\/script>\n<!-- \/ Yoast SEO plugin. -->","yoast_head_json":{"title":"5 LAT GWARANCJI - KME","robots":{"index":"index","follow":"follow","max-snippet":"max-snippet:-1","max-image-preview":"max-image-preview:large","max-video-preview":"max-video-preview:-1"},"canonical":"https:\/\/kme.eu\/kme\/narzedzia-warsztatu\/5-lat-gwarancji\/","og_locale":"pl_PL","og_type":"article","og_title":"5 LAT GWARANCJI - KME","og_description":"[vc_column][\/vc_column][vc_row row_btt_skin=&#8221;light&#8221; row_background_text_position=&#8221;front&#8221;][vc_column][vc_column_text css=&#8221;&#8221;] 5 LAT GWARANCJI Rozszerzona gwarancja na sterowniki KME NEVO-SKY Gwarancja wynosi 60 miesi\u0119cy od daty monta\u017cu (maksymalnie 66 miesi\u0119cy od daty produkcji) lub 100.000 km, w zale\u017cno\u015bci co nast\u0105pi wcze\u015bniej. Warunki: dotyczy sterownik\u00f3w wyprodukowanych od 01.01.2025 [&hellip;]","og_url":"https:\/\/kme.eu\/kme\/narzedzia-warsztatu\/5-lat-gwarancji\/","og_site_name":"KME","article_publisher":"https:\/\/www.facebook.com\/KME.LPG\/","article_modified_time":"2026-03-20T08:42:06+00:00","twitter_card":"summary_large_image","schema":{"@context":"https:\/\/schema.org","@graph":[{"@type":"WebPage","@id":"https:\/\/kme.eu\/kme\/narzedzia-warsztatu\/5-lat-gwarancji\/","url":"https:\/\/kme.eu\/kme\/narzedzia-warsztatu\/5-lat-gwarancji\/","name":"5 LAT GWARANCJI - KME","isPartOf":{"@id":"https:\/\/kme.eu\/kme\/#website"},"datePublished":"2026-03-16T12:07:48+00:00","dateModified":"2026-03-20T08:42:06+00:00","breadcrumb":{"@id":"https:\/\/kme.eu\/kme\/narzedzia-warsztatu\/5-lat-gwarancji\/#breadcrumb"},"inLanguage":"pl-PL","potentialAction":[{"@type":"ReadAction","target":["https:\/\/kme.eu\/kme\/narzedzia-warsztatu\/5-lat-gwarancji\/"]}]},{"@type":"BreadcrumbList","@id":"https:\/\/kme.eu\/kme\/narzedzia-warsztatu\/5-lat-gwarancji\/#breadcrumb","itemListElement":[{"@type":"ListItem","position":1,"name":"Strona g\u0142\u00f3wna","item":"https:\/\/kme.eu\/kme\/"},{"@type":"ListItem","position":2,"name":"Narz\u0119dzia warsztatu","item":"https:\/\/kme.eu\/kme\/narzedzia-warsztatu\/"},{"@type":"ListItem","position":3,"name":"5 LAT GWARANCJI"}]},{"@type":"WebSite","@id":"https:\/\/kme.eu\/kme\/#website","url":"https:\/\/kme.eu\/kme\/","name":"KME","description":"Autogas Systems","publisher":{"@id":"https:\/\/kme.eu\/kme\/#organization"},"potentialAction":[{"@type":"SearchAction","target":{"@type":"EntryPoint","urlTemplate":"https:\/\/kme.eu\/kme\/?s={search_term_string}"},"query-input":{"@type":"PropertyValueSpecification","valueRequired":true,"valueName":"search_term_string"}}],"inLanguage":"pl-PL"},{"@type":"Organization","@id":"https:\/\/kme.eu\/kme\/#organization","name":"KME","url":"https:\/\/kme.eu\/kme\/","logo":{"@type":"ImageObject","inLanguage":"pl-PL","@id":"https:\/\/kme.eu\/kme\/#\/schema\/logo\/image\/","url":"https:\/\/kme.eu\/kme\/wp-content\/uploads\/2020\/04\/logo_KME_RGB_small_200px.png","contentUrl":"https:\/\/kme.eu\/kme\/wp-content\/uploads\/2020\/04\/logo_KME_RGB_small_200px.png","width":272,"height":200,"caption":"KME"},"image":{"@id":"https:\/\/kme.eu\/kme\/#\/schema\/logo\/image\/"},"sameAs":["https:\/\/www.facebook.com\/KME.LPG\/","https:\/\/www.instagram.com\/kme_lpg\/"]}]}},"_links":{"self":[{"href":"https:\/\/kme.eu\/kme\/wp-json\/wp\/v2\/pages\/20615","targetHints":{"allow":["GET"]}}],"collection":[{"href":"https:\/\/kme.eu\/kme\/wp-json\/wp\/v2\/pages"}],"about":[{"href":"https:\/\/kme.eu\/kme\/wp-json\/wp\/v2\/types\/page"}],"author":[{"embeddable":true,"href":"https:\/\/kme.eu\/kme\/wp-json\/wp\/v2\/users\/6"}],"replies":[{"embeddable":true,"href":"https:\/\/kme.eu\/kme\/wp-json\/wp\/v2\/comments?post=20615"}],"version-history":[{"count":0,"href":"https:\/\/kme.eu\/kme\/wp-json\/wp\/v2\/pages\/20615\/revisions"}],"up":[{"embeddable":true,"href":"https:\/\/kme.eu\/kme\/wp-json\/wp\/v2\/pages\/10850"}],"wp:attachment":[{"href":"https:\/\/kme.eu\/kme\/wp-json\/wp\/v2\/media?parent=20615"}],"curies":[{"name":"wp","href":"https:\/\/api.w.org\/{rel}","templated":true}]}}