{"id":3,"date":"2020-04-16T16:55:43","date_gmt":"2020-04-16T14:55:43","guid":{"rendered":"https:\/\/mucha.sobnet.eu\/kme\/?page_id=3"},"modified":"2026-03-18T11:18:11","modified_gmt":"2026-03-18T10:18:11","slug":"polityka-prywatnosci","status":"publish","type":"page","link":"https:\/\/kme.eu\/kme\/o_nas\/polityka-prywatnosci\/","title":{"rendered":"Polityka prywatno\u015bci"},"content":{"rendered":"<div class=\"wpb-content-wrapper\"><p>[vc_row row_btt_skin=&#8221;light&#8221; row_background_text_position=&#8221;front&#8221;][vc_column][vc_column_text]<\/p>\r\n<h2 class=\"wp-block-heading\">1. Postanowienia og\u00f3lne<\/h2>\r\n\r\n<p>Administratorem Twoich danych osobowych jest KME sp. z o. o. z siedzib\u0105 w \u0141odzi, ul. \u015aw. Teresy Od Dzieci\u0105tka Jezus 103A 91-200 \u0141\u00f3d\u017a.<br \/>Niniejsza polityka dotyczy danych zbieranych na stronie <a href=\"https:\/\/www.kme.eu\" target=\"_blank\" rel=\"noreferrer noopener\">https:\/\/www.kme.eu<\/a>.<\/p>\r\n\r\n<p>W przypadku pyta\u0144 odno\u015bnie sposobu i zakresu przetwarzania danych osobowych prosimy o kontakt pod adres e-mail: <a href=\"mailto:kme@kme.eu\" target=\"_blank\" rel=\"noreferrer noopener\">kme@kme.eu<\/a>.<\/p>\r\n<p>\u00a0<\/p>\r\n\r\n<h2 class=\"wp-block-heading\">2. Gromadzenie danych<\/h2>\r\n\r\n<p>Celem przetwarzania Pa\u0144stwa danych jest zawarcie i wykonanie umowy pomi\u0119dzy Pa\u0144stwem a Administratorem, zwana dalej: &#8222;Umow\u0105&#8221;, dla kt\u00f3rej przetwarzanie Pa\u0144stwa danych jest niezb\u0119dne (podstawa z art. 6 ust. 1 lit. b RODO).<\/p>\r\n\r\n<p>W ramach korzystania ze strony internetowej mo\u017cemy gromadzi\u0107 nast\u0119puj\u0105ce dane osobowe:<\/p>\r\n<p>\u00a0<\/p>\r\n\r\n<div class=\"wp-block-columns is-layout-flex wp-container-core-columns-is-layout-9d6595d7 wp-block-columns-is-layout-flex\">\r\n<div class=\"wp-block-column is-layout-flow wp-block-column-is-layout-flow\">\r\n<ul class=\"wp-block-list\">\r\n<li>adres IP<\/li>\r\n<li>data i godzina dost\u0119pu<\/li>\r\n<li>r\u00f3\u017cnica strefy czasowej do czasu Greenwich Mean Time (GMT)<\/li>\r\n<li>ogl\u0105dana tre\u015b\u0107 (konkretna strona)<\/li>\r\n<\/ul>\r\n\r\n\r\n<\/div>\r\n\r\n\r\n\r\n<div class=\"wp-block-column is-layout-flow wp-block-column-is-layout-flow\">\r\n<ul class=\"wp-block-list\">\r\n<li>status kodu dost\u0119pu\/HTTP<\/li>\r\n<li>przekazana obj\u0119to\u015b\u0107 danych<\/li>\r\n<li>strona \u017c\u0105daj\u0105ca dost\u0119pu<\/li>\r\n<li>przegl\u0105darka, ustawienia j\u0119zykowe, wersja systemu operacyjnego i przegl\u0105darki.<\/li>\r\n<\/ul>\r\n<\/div>\r\n<\/div>\r\n\r\n<p>Ponadto w ramach wysy\u0142ania zg\u0142osze\u0144 poprzez formularz zg\u0142oszeniowy gromadzimy nast\u0119puj\u0105ce dane:<\/p>\r\n<p>\u00a0<\/p>\r\n\r\n<ul class=\"wp-block-list\">\r\n<li>Imi\u0119 i nazwisko<\/li>\r\n<li>adres e-mail<\/li>\r\n<li>numer telefonu<\/li>\r\n<li>wojew\u00f3dztwo zamieszkania<\/li>\r\n<\/ul>\r\n<p>\u00a0<\/p>\r\n\r\n<h2 class=\"wp-block-heading\">3. Wykorzystanie danych<\/h2>\r\n\r\n<p>Pa\u0144stwa dane osobowe mog\u0105 by\u0107 przekazywane przez administratora danych zewn\u0119trznym dostawc\u0105 us\u0142ug wspomagaj\u0105cych, kt\u00f3rym administrator zleci\u0142 us\u0142ugi zwi\u0105zane z przetwarzaniem danych osobowych takich jak us\u0142ugi IT, kurierskie. Takie podmioty mog\u0105 przetwarza\u0107 dane osobowe na podstawie umowy zawartej z administratorem.<\/p>\r\n<p>\u00a0<\/p>\r\n\r\n<h2 class=\"wp-block-heading\">4. Twoje prawa<\/h2>\r\n\r\n<p>Zgodnie z obowi\u0105zuj\u0105cym prawem masz prawo do:<\/p>\r\n<p>\u00a0<\/p>\r\n\r\n<ul class=\"wp-block-list\">\r\n<li>informacji o Twoich danych osobowych przechowywanych przez administratora<\/li>\r\n<li>\u017c\u0105dania korekty, usuni\u0119cia lub ograniczonego przetwarzania danych osobowych<\/li>\r\n<li>sprzeciwu przetwarzaniu z powodu naszego uzasadnianego interesu, interesu publicznego lub profilowania, chyba, \u017ce jeste\u015bmy w stanie udowodni\u0107, \u017ce istniej\u0105 wa\u017cne i uzasadnione wzgl\u0119du, kt\u00f3re maj\u0105 wy\u017cszo\u015b\u0107 nad osobistymi interesami, prawami i wolno\u015bciami, lub \u017ce takie przetwarzanie odbywa si\u0119 w celu stwierdzenia, dokonania lub obrony roszcze\u0144 prawnych<\/li>\r\n<li>przenoszenia danych<\/li>\r\n<li>z\u0142o\u017cenia skargi do organu ochrony danych<\/li>\r\n<li>wycofania zgody na gromadzenie, przetwarzanie i wykorzystywanie Twoich danych osobowych.<\/li>\r\n<\/ul>\r\n<p>\u00a0<\/p>\r\n\r\n<h2 class=\"wp-block-heading\">5. Polityka cookies<\/h2>\r\n\r\n<p>Strona korzysta z plik\u00f3w cookies zapisywanych na Twoim urz\u0105dzeniu. W tych plikach nie znajduj\u0105 si\u0119 dane osobowe.<\/p>\r\n\r\n<p>Obs\u0142ug\u0119 plik\u00f3w cookies mo\u017cna wy\u0142\u0105czy\u0107 w opcjach przegl\u0105darki internetowych.<\/p>\r\n<p>\u00a0<\/p>\r\n\r\n<h2 class=\"wp-block-heading\">6. Osadzone tre\u015bci z innych witryn<\/h2>\r\n\r\n<p>Artyku\u0142y na tej witrynie mog\u0105 zawiera\u0107 osadzone tre\u015bci (np. filmy, obrazki, artyku\u0142y itp.). Osadzone tre\u015bci z innych witryn zachowuj\u0105 si\u0119 analogicznie do tego, jakby u\u017cytkownik odwiedzi\u0142 bezpo\u015brednio konkretn\u0105 witryn\u0119.<\/p>\r\n\r\n<p>Witryny mog\u0105 zbiera\u0107 informacje o tobie, u\u017cywa\u0107 ciasteczek, do\u0142\u0105cza\u0107 dodatkowe, zewn\u0119trzne systemy \u015bledzenia i monitorowa\u0107 twoje interakcje z osadzonym materia\u0142em, w\u0142\u0105czaj\u0105c w to \u015bledzenie twoich interakcji z osadzonym materia\u0142em je\u015bli posiadasz konto i jeste\u015b zalogowany w tamtej witrynie.<\/p>\r\n\r\n<p>Ponadto witryna korzysta z us\u0142ug Google Analytics, kt\u00f3rej polityk\u0119 prywatno\u015bci mo\u017cna przeczyta\u0107 <a href=\"https:\/\/support.google.com\/analytics\/answer\/6004245?hl=en-GB\" target=\"_blank\" rel=\"noreferrer noopener\">tutaj<\/a>.<\/p>\r\n<p>\u00a0<\/p>\r\n<h2>Klauzula informacyjna RODO<\/h2>\r\n<p>Zgodnie z art. 13 ust. 1\u22122 rozporz\u0105dzenia Parlamentu Europejskiego i Rady (UE) 2016\/679 z 27.04.2016 r. w sprawie ochrony os\u00f3b fizycznych w zwi\u0105zku z przetwarzaniem danych osobowych i w sprawie swobodnego przep\u0142ywu takich danych oraz uchylenia dyrektywy 95\/46\/WE (og\u00f3lne rozporz\u0105dzenie o ochronie danych) (Dz.Urz. UE L 119, s. 1) \u2013 dalej RODO \u2212 informujemy, \u017ce:<br \/>Administratorem Pa\u0144stwa danych jest KME Sp. z o.o. z siedzib\u0105 w \u0141odzi, 91-222 ul. \u015aw. Teresy od Dzieci\u0105tka Jezus 103A. NIP 732-199-00-33, KRS 0000181402 W przypadku pyta\u0144 odno\u015bnie sposobu i zakresu przetwarzania danych osobowych prosimy o kontakt pod adres e-mail kme@kme.eu<\/p>\r\n<p>Celem przetwarzania Pa\u0144stwa danych jest zawarcie i wykonanie umowy pomi\u0119dzy Pa\u0144stwem a Administratorem, zwana dalej: &#8222;Umow\u0105&#8221;, dla kt\u00f3rej przetwarzanie Pa\u0144stwa danych jest niezb\u0119dne (podstawa z art. 6 ust. 1 lit. b RODO).<br \/>Pa\u0144stwa dane osobowe mog\u0105 by\u0107 przekazywane przez administratora danych zewn\u0119trznym dostawc\u0105 us\u0142ug wspomagaj\u0105cych, kt\u00f3rym administrator zleci\u0142 us\u0142ugi zwi\u0105zane z przetwarzaniem danych osobowych takich jak us\u0142ugi IT, kurierskie. Takie podmioty mog\u0105 przetwarza\u0107 dane osobowe na podstawie umowy zawartej z administratorem.<\/p>\r\n<p>Administrator nie zamierza przekazywa\u0107 Pa\u0144stwa danych do pa\u0144stwa trzeciego ani do organizacji mi\u0119dzynarodowych.<br \/>Na podstawie art. 15-18 oraz 20 RODO maj\u0105 Pa\u0144stwo prawo \u017c\u0105da\u0107 od Administratora dost\u0119pu do swoich danych, ich sprostowania, przenoszenia i usuni\u0119cia oraz ograniczenia przetwarzania danych na podstawie art. 21 RODO<br \/>W zwi\u0105zku z przetwarzaniem Pa\u0144stwa danych osobowych przez Administratora przys\u0142uguje Pa\u0144stwu prawo wniesienia skargi do organu nadzorczego.<br \/>W oparciu o Pa\u0144stwa dane osobowe Administrator nie b\u0119dzie podejmowa\u0142 wobec Pa\u0144stwa zautomatyzowanych decyzji, w tym decyzji b\u0119d\u0105cych wynikiem profilowania.<\/p>\r\n<p>KME Sp. z o.o.<\/p>\r\n<p>[\/vc_column_text][\/vc_column][\/vc_row][vc_row row_btt_skin=&#8221;light&#8221; row_background_text_position=&#8221;front&#8221;][vc_column][vc_empty_space][\/vc_column][\/vc_row]<\/p><\/div>","protected":false},"excerpt":{"rendered":"<p>[vc_row row_btt_skin=&#8221;light&#8221; row_background_text_position=&#8221;front&#8221;][vc_column][vc_column_text] 1. Postanowienia og\u00f3lne Administratorem Twoich danych osobowych jest KME sp. z o. o. z siedzib\u0105 w \u0141odzi, ul. \u015aw. Teresy Od Dzieci\u0105tka Jezus 103A 91-200 \u0141\u00f3d\u017a.Niniejsza polityka dotyczy danych zbieranych na stronie https:\/\/www.kme.eu. W przypadku pyta\u0144 odno\u015bnie [&hellip;]<\/p>\n","protected":false},"author":1,"featured_media":0,"parent":1458,"menu_order":0,"comment_status":"closed","ping_status":"closed","template":"","meta":{"footnotes":""},"class_list":["post-3","page","type-page","status-publish","hentry"],"acf":[],"yoast_head":"<!-- This site is optimized with the Yoast SEO plugin v27.4 - https:\/\/yoast.com\/product\/yoast-seo-wordpress\/ -->\n<title>Polityka prywatno\u015bci - KME<\/title>\n<meta name=\"robots\" content=\"index, follow, max-snippet:-1, max-image-preview:large, max-video-preview:-1\" \/>\n<link rel=\"canonical\" href=\"https:\/\/kme.eu\/kme\/o_nas\/polityka-prywatnosci\/\" \/>\n<meta property=\"og:locale\" content=\"pl_PL\" \/>\n<meta property=\"og:type\" content=\"article\" \/>\n<meta property=\"og:title\" content=\"Polityka prywatno\u015bci - KME\" \/>\n<meta property=\"og:description\" content=\"[vc_row row_btt_skin=&#8221;light&#8221; row_background_text_position=&#8221;front&#8221;][vc_column][vc_column_text] 1. Postanowienia og\u00f3lne Administratorem Twoich danych osobowych jest KME sp. z o. o. z siedzib\u0105 w \u0141odzi, ul. \u015aw. Teresy Od Dzieci\u0105tka Jezus 103A 91-200 \u0141\u00f3d\u017a.Niniejsza polityka dotyczy danych zbieranych na stronie https:\/\/www.kme.eu. W przypadku pyta\u0144 odno\u015bnie [&hellip;]\" \/>\n<meta property=\"og:url\" content=\"https:\/\/kme.eu\/kme\/o_nas\/polityka-prywatnosci\/\" \/>\n<meta property=\"og:site_name\" content=\"KME\" \/>\n<meta property=\"article:publisher\" content=\"https:\/\/www.facebook.com\/KME.LPG\/\" \/>\n<meta property=\"article:modified_time\" content=\"2026-03-18T10:18:11+00:00\" \/>\n<meta name=\"twitter:card\" content=\"summary_large_image\" \/>\n<meta name=\"twitter:label1\" content=\"Szacowany czas czytania\" \/>\n\t<meta name=\"twitter:data1\" content=\"4 minuty\" \/>\n<script type=\"application\/ld+json\" class=\"yoast-schema-graph\">{\"@context\":\"https:\\\/\\\/schema.org\",\"@graph\":[{\"@type\":\"WebPage\",\"@id\":\"https:\\\/\\\/kme.eu\\\/kme\\\/o_nas\\\/polityka-prywatnosci\\\/\",\"url\":\"https:\\\/\\\/kme.eu\\\/kme\\\/o_nas\\\/polityka-prywatnosci\\\/\",\"name\":\"Polityka prywatno\u015bci - KME\",\"isPartOf\":{\"@id\":\"https:\\\/\\\/kme.eu\\\/kme\\\/#website\"},\"datePublished\":\"2020-04-16T14:55:43+00:00\",\"dateModified\":\"2026-03-18T10:18:11+00:00\",\"breadcrumb\":{\"@id\":\"https:\\\/\\\/kme.eu\\\/kme\\\/o_nas\\\/polityka-prywatnosci\\\/#breadcrumb\"},\"inLanguage\":\"pl-PL\",\"potentialAction\":[{\"@type\":\"ReadAction\",\"target\":[\"https:\\\/\\\/kme.eu\\\/kme\\\/o_nas\\\/polityka-prywatnosci\\\/\"]}]},{\"@type\":\"BreadcrumbList\",\"@id\":\"https:\\\/\\\/kme.eu\\\/kme\\\/o_nas\\\/polityka-prywatnosci\\\/#breadcrumb\",\"itemListElement\":[{\"@type\":\"ListItem\",\"position\":1,\"name\":\"Strona g\u0142\u00f3wna\",\"item\":\"https:\\\/\\\/kme.eu\\\/kme\\\/\"},{\"@type\":\"ListItem\",\"position\":2,\"name\":\"O nas\",\"item\":\"https:\\\/\\\/kme.eu\\\/kme\\\/o_nas\\\/\"},{\"@type\":\"ListItem\",\"position\":3,\"name\":\"Polityka prywatno\u015bci\"}]},{\"@type\":\"WebSite\",\"@id\":\"https:\\\/\\\/kme.eu\\\/kme\\\/#website\",\"url\":\"https:\\\/\\\/kme.eu\\\/kme\\\/\",\"name\":\"KME\",\"description\":\"Autogas Systems\",\"publisher\":{\"@id\":\"https:\\\/\\\/kme.eu\\\/kme\\\/#organization\"},\"potentialAction\":[{\"@type\":\"SearchAction\",\"target\":{\"@type\":\"EntryPoint\",\"urlTemplate\":\"https:\\\/\\\/kme.eu\\\/kme\\\/?s={search_term_string}\"},\"query-input\":{\"@type\":\"PropertyValueSpecification\",\"valueRequired\":true,\"valueName\":\"search_term_string\"}}],\"inLanguage\":\"pl-PL\"},{\"@type\":\"Organization\",\"@id\":\"https:\\\/\\\/kme.eu\\\/kme\\\/#organization\",\"name\":\"KME\",\"url\":\"https:\\\/\\\/kme.eu\\\/kme\\\/\",\"logo\":{\"@type\":\"ImageObject\",\"inLanguage\":\"pl-PL\",\"@id\":\"https:\\\/\\\/kme.eu\\\/kme\\\/#\\\/schema\\\/logo\\\/image\\\/\",\"url\":\"https:\\\/\\\/kme.eu\\\/kme\\\/wp-content\\\/uploads\\\/2020\\\/04\\\/logo_KME_RGB_small_200px.png\",\"contentUrl\":\"https:\\\/\\\/kme.eu\\\/kme\\\/wp-content\\\/uploads\\\/2020\\\/04\\\/logo_KME_RGB_small_200px.png\",\"width\":272,\"height\":200,\"caption\":\"KME\"},\"image\":{\"@id\":\"https:\\\/\\\/kme.eu\\\/kme\\\/#\\\/schema\\\/logo\\\/image\\\/\"},\"sameAs\":[\"https:\\\/\\\/www.facebook.com\\\/KME.LPG\\\/\",\"https:\\\/\\\/www.instagram.com\\\/kme_lpg\\\/\"]}]}<\/script>\n<!-- \/ Yoast SEO plugin. -->","yoast_head_json":{"title":"Polityka prywatno\u015bci - KME","robots":{"index":"index","follow":"follow","max-snippet":"max-snippet:-1","max-image-preview":"max-image-preview:large","max-video-preview":"max-video-preview:-1"},"canonical":"https:\/\/kme.eu\/kme\/o_nas\/polityka-prywatnosci\/","og_locale":"pl_PL","og_type":"article","og_title":"Polityka prywatno\u015bci - KME","og_description":"[vc_row row_btt_skin=&#8221;light&#8221; row_background_text_position=&#8221;front&#8221;][vc_column][vc_column_text] 1. Postanowienia og\u00f3lne Administratorem Twoich danych osobowych jest KME sp. z o. o. z siedzib\u0105 w \u0141odzi, ul. \u015aw. Teresy Od Dzieci\u0105tka Jezus 103A 91-200 \u0141\u00f3d\u017a.Niniejsza polityka dotyczy danych zbieranych na stronie https:\/\/www.kme.eu. W przypadku pyta\u0144 odno\u015bnie [&hellip;]","og_url":"https:\/\/kme.eu\/kme\/o_nas\/polityka-prywatnosci\/","og_site_name":"KME","article_publisher":"https:\/\/www.facebook.com\/KME.LPG\/","article_modified_time":"2026-03-18T10:18:11+00:00","twitter_card":"summary_large_image","twitter_misc":{"Szacowany czas czytania":"4 minuty"},"schema":{"@context":"https:\/\/schema.org","@graph":[{"@type":"WebPage","@id":"https:\/\/kme.eu\/kme\/o_nas\/polityka-prywatnosci\/","url":"https:\/\/kme.eu\/kme\/o_nas\/polityka-prywatnosci\/","name":"Polityka prywatno\u015bci - KME","isPartOf":{"@id":"https:\/\/kme.eu\/kme\/#website"},"datePublished":"2020-04-16T14:55:43+00:00","dateModified":"2026-03-18T10:18:11+00:00","breadcrumb":{"@id":"https:\/\/kme.eu\/kme\/o_nas\/polityka-prywatnosci\/#breadcrumb"},"inLanguage":"pl-PL","potentialAction":[{"@type":"ReadAction","target":["https:\/\/kme.eu\/kme\/o_nas\/polityka-prywatnosci\/"]}]},{"@type":"BreadcrumbList","@id":"https:\/\/kme.eu\/kme\/o_nas\/polityka-prywatnosci\/#breadcrumb","itemListElement":[{"@type":"ListItem","position":1,"name":"Strona g\u0142\u00f3wna","item":"https:\/\/kme.eu\/kme\/"},{"@type":"ListItem","position":2,"name":"O nas","item":"https:\/\/kme.eu\/kme\/o_nas\/"},{"@type":"ListItem","position":3,"name":"Polityka prywatno\u015bci"}]},{"@type":"WebSite","@id":"https:\/\/kme.eu\/kme\/#website","url":"https:\/\/kme.eu\/kme\/","name":"KME","description":"Autogas Systems","publisher":{"@id":"https:\/\/kme.eu\/kme\/#organization"},"potentialAction":[{"@type":"SearchAction","target":{"@type":"EntryPoint","urlTemplate":"https:\/\/kme.eu\/kme\/?s={search_term_string}"},"query-input":{"@type":"PropertyValueSpecification","valueRequired":true,"valueName":"search_term_string"}}],"inLanguage":"pl-PL"},{"@type":"Organization","@id":"https:\/\/kme.eu\/kme\/#organization","name":"KME","url":"https:\/\/kme.eu\/kme\/","logo":{"@type":"ImageObject","inLanguage":"pl-PL","@id":"https:\/\/kme.eu\/kme\/#\/schema\/logo\/image\/","url":"https:\/\/kme.eu\/kme\/wp-content\/uploads\/2020\/04\/logo_KME_RGB_small_200px.png","contentUrl":"https:\/\/kme.eu\/kme\/wp-content\/uploads\/2020\/04\/logo_KME_RGB_small_200px.png","width":272,"height":200,"caption":"KME"},"image":{"@id":"https:\/\/kme.eu\/kme\/#\/schema\/logo\/image\/"},"sameAs":["https:\/\/www.facebook.com\/KME.LPG\/","https:\/\/www.instagram.com\/kme_lpg\/"]}]}},"_links":{"self":[{"href":"https:\/\/kme.eu\/kme\/wp-json\/wp\/v2\/pages\/3","targetHints":{"allow":["GET"]}}],"collection":[{"href":"https:\/\/kme.eu\/kme\/wp-json\/wp\/v2\/pages"}],"about":[{"href":"https:\/\/kme.eu\/kme\/wp-json\/wp\/v2\/types\/page"}],"author":[{"embeddable":true,"href":"https:\/\/kme.eu\/kme\/wp-json\/wp\/v2\/users\/1"}],"replies":[{"embeddable":true,"href":"https:\/\/kme.eu\/kme\/wp-json\/wp\/v2\/comments?post=3"}],"version-history":[{"count":0,"href":"https:\/\/kme.eu\/kme\/wp-json\/wp\/v2\/pages\/3\/revisions"}],"up":[{"embeddable":true,"href":"https:\/\/kme.eu\/kme\/wp-json\/wp\/v2\/pages\/1458"}],"wp:attachment":[{"href":"https:\/\/kme.eu\/kme\/wp-json\/wp\/v2\/media?parent=3"}],"curies":[{"name":"wp","href":"https:\/\/api.w.org\/{rel}","templated":true}]}}