{"id":6905,"date":"2020-05-25T13:32:37","date_gmt":"2020-05-25T11:32:37","guid":{"rendered":"https:\/\/mucha.sobnet.eu\/kme\/?page_id=6905"},"modified":"2026-03-18T11:03:13","modified_gmt":"2026-03-18T10:03:13","slug":"iso","status":"publish","type":"page","link":"https:\/\/kme.eu\/kme\/o_nas\/iso\/","title":{"rendered":"ISO"},"content":{"rendered":"<div class=\"wpb-content-wrapper\"><p>[vc_row row_content_width=&#8221;grid&#8221; row_btt_skin=&#8221;light&#8221; row_background_text_position=&#8221;front&#8221;][vc_column][vc_empty_space][vc_column_text el_class=&#8221;justowanie_tekst&#8221;]W celu uzyskania odpowiedniego stopnia wiarygodno\u015bci u naszych Klient\u00f3w oraz skutecznego zarz\u0105dzania jako\u015bci\u0105, w kwietniu 2002 roku zosta\u0142 wdro\u017cony udokumentowany system zarz\u0105dzania jako\u015bci\u0105, zgodny z wymaganiami norm mi\u0119dzynarodowych ISO serii 9000.[\/vc_column_text][\/vc_column][\/vc_row][vc_row content_placement=&#8221;middle&#8221; row_content_width=&#8221;grid&#8221; row_btt_skin=&#8221;light&#8221; row_background_text_position=&#8221;front&#8221;][vc_column width=&#8221;1\/6&#8243;][vc_single_image image=&#8221;7895&#8243; alignment=&#8221;center&#8221; css=&#8221;.vc_custom_1594367171268{padding-top: 10px !important;}&#8221;][\/vc_column][vc_column width=&#8221;5\/6&#8243;][vc_column_text el_class=&#8221;justowanie_tekst&#8221;]W 2003 roku po przeprowadzeniu auditu przez jednostk\u0119 certyfikuj\u0105c\u0105 T\u00dcV Management Service\u00a0 GmbH, KME Sp. z o.o., uzyska\u0142a certyfikat systemu jako\u015bci w zakresie \u201e<strong>Projektowanie, produkcja i sprzeda\u017c urz\u0105dze\u0144 elektronicznych, wi\u0105zek kablowych i urz\u0105dze\u0144 mechanicznych w szczeg\u00f3lno\u015bci do samochodowych system\u00f3w sterowania zasilania gazem<\/strong>\u201d potwierdzaj\u0105cy spe\u0142nienie wymaga\u0144 normy ISO 9001,<\/p>\n<p>W 2017 roku dostosowali\u015bmy obowi\u0105zuj\u0105cy System Zarz\u0105dzania Jako\u015bci\u0105 do wymaga\u0144 nowej <strong>normy ISO 9001:2015 r<\/strong>.[\/vc_column_text][\/vc_column][\/vc_row][vc_row row_content_width=&#8221;grid&#8221; row_btt_skin=&#8221;light&#8221; row_background_text_position=&#8221;front&#8221;][vc_column][vc_column_text el_class=&#8221;justowanie_tekst&#8221;]D\u0105\u017c\u0105c do ci\u0105g\u0142ego spe\u0142nienia oczekiwa\u0144 i potrzeb naszych Klient\u00f3w systematycznie dbamy o rozw\u00f3j i utrzymanie kompetencji personelu, oraz inwestujemy w\u00a0 infrastruktur\u0119 techniczn\u0105 sp\u00f3\u0142ki i rozw\u00f3j proces\u00f3w technologicznych, dzi\u0119ki czemu osi\u0105gamy wysokie standardy jako\u015bciowe, techniczne i organizacyjne.<\/p>\n<p>Innowacyjno\u015b\u0107 i jako\u015b\u0107 oferowanych wyrob\u00f3w, dostosowywanie oferty do oczekiwa\u0144 klient\u00f3w i ich specyficznych wymaga\u0144 oraz wysokie standardy obs\u0142ugi klient\u00f3w to atuty naszej firmy.[\/vc_column_text][vc_empty_space][vc_separator][vc_empty_space][\/vc_column][\/vc_row][vc_row row_content_width=&#8221;grid&#8221; row_btt_skin=&#8221;light&#8221; content_text_aligment=&#8221;center&#8221; row_background_text_position=&#8221;front&#8221;][vc_column width=&#8221;1\/3&#8243;][vc_single_image image=&#8221;8562&#8243; img_size=&#8221;medium&#8221; alignment=&#8221;center&#8221; onclick=&#8221;link_image&#8221;][\/vc_column][vc_column width=&#8221;1\/3&#8243;][vc_single_image image=&#8221;14680&#8243; img_size=&#8221;medium&#8221; alignment=&#8221;center&#8221; onclick=&#8221;link_image&#8221;][\/vc_column][vc_column width=&#8221;1\/3&#8243;][vc_single_image image=&#8221;7820&#8243; img_size=&#8221;medium&#8221; alignment=&#8221;center&#8221; onclick=&#8221;link_image&#8221;][\/vc_column][\/vc_row][vc_row row_content_width=&#8221;grid&#8221; row_btt_skin=&#8221;light&#8221; row_background_text_position=&#8221;front&#8221;][vc_column][vc_empty_space][\/vc_column][\/vc_row]<\/p>\n<\/div>","protected":false},"excerpt":{"rendered":"<p>[vc_row row_content_width=&#8221;grid&#8221; row_btt_skin=&#8221;light&#8221; row_background_text_position=&#8221;front&#8221;][vc_column][vc_empty_space][vc_column_text el_class=&#8221;justowanie_tekst&#8221;]W celu uzyskania odpowiedniego stopnia wiarygodno\u015bci u naszych Klient\u00f3w oraz skutecznego zarz\u0105dzania jako\u015bci\u0105, w kwietniu 2002 roku zosta\u0142 wdro\u017cony udokumentowany system zarz\u0105dzania jako\u015bci\u0105, zgodny z wymaganiami norm mi\u0119dzynarodowych ISO serii 9000.[\/vc_column_text][\/vc_column][\/vc_row][vc_row content_placement=&#8221;middle&#8221; row_content_width=&#8221;grid&#8221; row_btt_skin=&#8221;light&#8221; row_background_text_position=&#8221;front&#8221;][vc_column width=&#8221;1\/6&#8243;][vc_single_image [&hellip;]<\/p>\n","protected":false},"author":1,"featured_media":0,"parent":1458,"menu_order":0,"comment_status":"closed","ping_status":"closed","template":"full-width.php","meta":{"footnotes":""},"class_list":["post-6905","page","type-page","status-publish","hentry"],"acf":[],"yoast_head":"<!-- This site is optimized with the Yoast SEO plugin v27.5 - https:\/\/yoast.com\/product\/yoast-seo-wordpress\/ -->\n<title>ISO - KME<\/title>\n<meta name=\"robots\" content=\"index, follow, max-snippet:-1, max-image-preview:large, max-video-preview:-1\" \/>\n<link rel=\"canonical\" href=\"https:\/\/kme.eu\/kme\/o_nas\/iso\/\" \/>\n<meta property=\"og:locale\" content=\"pl_PL\" \/>\n<meta property=\"og:type\" content=\"article\" \/>\n<meta property=\"og:title\" content=\"ISO - KME\" \/>\n<meta property=\"og:description\" content=\"[vc_row row_content_width=&#8221;grid&#8221; row_btt_skin=&#8221;light&#8221; row_background_text_position=&#8221;front&#8221;][vc_column][vc_empty_space][vc_column_text el_class=&#8221;justowanie_tekst&#8221;]W celu uzyskania odpowiedniego stopnia wiarygodno\u015bci u naszych Klient\u00f3w oraz skutecznego zarz\u0105dzania jako\u015bci\u0105, w kwietniu 2002 roku zosta\u0142 wdro\u017cony udokumentowany system zarz\u0105dzania jako\u015bci\u0105, zgodny z wymaganiami norm mi\u0119dzynarodowych ISO serii 9000.[\/vc_column_text][\/vc_column][\/vc_row][vc_row content_placement=&#8221;middle&#8221; row_content_width=&#8221;grid&#8221; row_btt_skin=&#8221;light&#8221; row_background_text_position=&#8221;front&#8221;][vc_column width=&#8221;1\/6&#8243;][vc_single_image [&hellip;]\" \/>\n<meta property=\"og:url\" content=\"https:\/\/kme.eu\/kme\/o_nas\/iso\/\" \/>\n<meta property=\"og:site_name\" content=\"KME\" \/>\n<meta property=\"article:publisher\" content=\"https:\/\/www.facebook.com\/KME.LPG\/\" \/>\n<meta property=\"article:modified_time\" content=\"2026-03-18T10:03:13+00:00\" \/>\n<meta name=\"twitter:card\" content=\"summary_large_image\" \/>\n<meta name=\"twitter:label1\" content=\"Szacowany czas czytania\" \/>\n\t<meta name=\"twitter:data1\" content=\"2 minuty\" \/>\n<script type=\"application\/ld+json\" class=\"yoast-schema-graph\">{\"@context\":\"https:\\\/\\\/schema.org\",\"@graph\":[{\"@type\":\"WebPage\",\"@id\":\"https:\\\/\\\/kme.eu\\\/kme\\\/o_nas\\\/iso\\\/\",\"url\":\"https:\\\/\\\/kme.eu\\\/kme\\\/o_nas\\\/iso\\\/\",\"name\":\"ISO - KME\",\"isPartOf\":{\"@id\":\"https:\\\/\\\/kme.eu\\\/kme\\\/#website\"},\"datePublished\":\"2020-05-25T11:32:37+00:00\",\"dateModified\":\"2026-03-18T10:03:13+00:00\",\"breadcrumb\":{\"@id\":\"https:\\\/\\\/kme.eu\\\/kme\\\/o_nas\\\/iso\\\/#breadcrumb\"},\"inLanguage\":\"pl-PL\",\"potentialAction\":[{\"@type\":\"ReadAction\",\"target\":[\"https:\\\/\\\/kme.eu\\\/kme\\\/o_nas\\\/iso\\\/\"]}]},{\"@type\":\"BreadcrumbList\",\"@id\":\"https:\\\/\\\/kme.eu\\\/kme\\\/o_nas\\\/iso\\\/#breadcrumb\",\"itemListElement\":[{\"@type\":\"ListItem\",\"position\":1,\"name\":\"Strona g\u0142\u00f3wna\",\"item\":\"https:\\\/\\\/kme.eu\\\/kme\\\/\"},{\"@type\":\"ListItem\",\"position\":2,\"name\":\"O nas\",\"item\":\"https:\\\/\\\/kme.eu\\\/kme\\\/o_nas\\\/\"},{\"@type\":\"ListItem\",\"position\":3,\"name\":\"ISO\"}]},{\"@type\":\"WebSite\",\"@id\":\"https:\\\/\\\/kme.eu\\\/kme\\\/#website\",\"url\":\"https:\\\/\\\/kme.eu\\\/kme\\\/\",\"name\":\"KME\",\"description\":\"Autogas Systems\",\"publisher\":{\"@id\":\"https:\\\/\\\/kme.eu\\\/kme\\\/#organization\"},\"potentialAction\":[{\"@type\":\"SearchAction\",\"target\":{\"@type\":\"EntryPoint\",\"urlTemplate\":\"https:\\\/\\\/kme.eu\\\/kme\\\/?s={search_term_string}\"},\"query-input\":{\"@type\":\"PropertyValueSpecification\",\"valueRequired\":true,\"valueName\":\"search_term_string\"}}],\"inLanguage\":\"pl-PL\"},{\"@type\":\"Organization\",\"@id\":\"https:\\\/\\\/kme.eu\\\/kme\\\/#organization\",\"name\":\"KME\",\"url\":\"https:\\\/\\\/kme.eu\\\/kme\\\/\",\"logo\":{\"@type\":\"ImageObject\",\"inLanguage\":\"pl-PL\",\"@id\":\"https:\\\/\\\/kme.eu\\\/kme\\\/#\\\/schema\\\/logo\\\/image\\\/\",\"url\":\"https:\\\/\\\/kme.eu\\\/kme\\\/wp-content\\\/uploads\\\/2020\\\/04\\\/logo_KME_RGB_small_200px.png\",\"contentUrl\":\"https:\\\/\\\/kme.eu\\\/kme\\\/wp-content\\\/uploads\\\/2020\\\/04\\\/logo_KME_RGB_small_200px.png\",\"width\":272,\"height\":200,\"caption\":\"KME\"},\"image\":{\"@id\":\"https:\\\/\\\/kme.eu\\\/kme\\\/#\\\/schema\\\/logo\\\/image\\\/\"},\"sameAs\":[\"https:\\\/\\\/www.facebook.com\\\/KME.LPG\\\/\",\"https:\\\/\\\/www.instagram.com\\\/kme_lpg\\\/\"]}]}<\/script>\n<!-- \/ Yoast SEO plugin. -->","yoast_head_json":{"title":"ISO - KME","robots":{"index":"index","follow":"follow","max-snippet":"max-snippet:-1","max-image-preview":"max-image-preview:large","max-video-preview":"max-video-preview:-1"},"canonical":"https:\/\/kme.eu\/kme\/o_nas\/iso\/","og_locale":"pl_PL","og_type":"article","og_title":"ISO - KME","og_description":"[vc_row row_content_width=&#8221;grid&#8221; row_btt_skin=&#8221;light&#8221; row_background_text_position=&#8221;front&#8221;][vc_column][vc_empty_space][vc_column_text el_class=&#8221;justowanie_tekst&#8221;]W celu uzyskania odpowiedniego stopnia wiarygodno\u015bci u naszych Klient\u00f3w oraz skutecznego zarz\u0105dzania jako\u015bci\u0105, w kwietniu 2002 roku zosta\u0142 wdro\u017cony udokumentowany system zarz\u0105dzania jako\u015bci\u0105, zgodny z wymaganiami norm mi\u0119dzynarodowych ISO serii 9000.[\/vc_column_text][\/vc_column][\/vc_row][vc_row content_placement=&#8221;middle&#8221; row_content_width=&#8221;grid&#8221; row_btt_skin=&#8221;light&#8221; row_background_text_position=&#8221;front&#8221;][vc_column width=&#8221;1\/6&#8243;][vc_single_image [&hellip;]","og_url":"https:\/\/kme.eu\/kme\/o_nas\/iso\/","og_site_name":"KME","article_publisher":"https:\/\/www.facebook.com\/KME.LPG\/","article_modified_time":"2026-03-18T10:03:13+00:00","twitter_card":"summary_large_image","twitter_misc":{"Szacowany czas czytania":"2 minuty"},"schema":{"@context":"https:\/\/schema.org","@graph":[{"@type":"WebPage","@id":"https:\/\/kme.eu\/kme\/o_nas\/iso\/","url":"https:\/\/kme.eu\/kme\/o_nas\/iso\/","name":"ISO - KME","isPartOf":{"@id":"https:\/\/kme.eu\/kme\/#website"},"datePublished":"2020-05-25T11:32:37+00:00","dateModified":"2026-03-18T10:03:13+00:00","breadcrumb":{"@id":"https:\/\/kme.eu\/kme\/o_nas\/iso\/#breadcrumb"},"inLanguage":"pl-PL","potentialAction":[{"@type":"ReadAction","target":["https:\/\/kme.eu\/kme\/o_nas\/iso\/"]}]},{"@type":"BreadcrumbList","@id":"https:\/\/kme.eu\/kme\/o_nas\/iso\/#breadcrumb","itemListElement":[{"@type":"ListItem","position":1,"name":"Strona g\u0142\u00f3wna","item":"https:\/\/kme.eu\/kme\/"},{"@type":"ListItem","position":2,"name":"O nas","item":"https:\/\/kme.eu\/kme\/o_nas\/"},{"@type":"ListItem","position":3,"name":"ISO"}]},{"@type":"WebSite","@id":"https:\/\/kme.eu\/kme\/#website","url":"https:\/\/kme.eu\/kme\/","name":"KME","description":"Autogas Systems","publisher":{"@id":"https:\/\/kme.eu\/kme\/#organization"},"potentialAction":[{"@type":"SearchAction","target":{"@type":"EntryPoint","urlTemplate":"https:\/\/kme.eu\/kme\/?s={search_term_string}"},"query-input":{"@type":"PropertyValueSpecification","valueRequired":true,"valueName":"search_term_string"}}],"inLanguage":"pl-PL"},{"@type":"Organization","@id":"https:\/\/kme.eu\/kme\/#organization","name":"KME","url":"https:\/\/kme.eu\/kme\/","logo":{"@type":"ImageObject","inLanguage":"pl-PL","@id":"https:\/\/kme.eu\/kme\/#\/schema\/logo\/image\/","url":"https:\/\/kme.eu\/kme\/wp-content\/uploads\/2020\/04\/logo_KME_RGB_small_200px.png","contentUrl":"https:\/\/kme.eu\/kme\/wp-content\/uploads\/2020\/04\/logo_KME_RGB_small_200px.png","width":272,"height":200,"caption":"KME"},"image":{"@id":"https:\/\/kme.eu\/kme\/#\/schema\/logo\/image\/"},"sameAs":["https:\/\/www.facebook.com\/KME.LPG\/","https:\/\/www.instagram.com\/kme_lpg\/"]}]}},"_links":{"self":[{"href":"https:\/\/kme.eu\/kme\/wp-json\/wp\/v2\/pages\/6905","targetHints":{"allow":["GET"]}}],"collection":[{"href":"https:\/\/kme.eu\/kme\/wp-json\/wp\/v2\/pages"}],"about":[{"href":"https:\/\/kme.eu\/kme\/wp-json\/wp\/v2\/types\/page"}],"author":[{"embeddable":true,"href":"https:\/\/kme.eu\/kme\/wp-json\/wp\/v2\/users\/1"}],"replies":[{"embeddable":true,"href":"https:\/\/kme.eu\/kme\/wp-json\/wp\/v2\/comments?post=6905"}],"version-history":[{"count":0,"href":"https:\/\/kme.eu\/kme\/wp-json\/wp\/v2\/pages\/6905\/revisions"}],"up":[{"embeddable":true,"href":"https:\/\/kme.eu\/kme\/wp-json\/wp\/v2\/pages\/1458"}],"wp:attachment":[{"href":"https:\/\/kme.eu\/kme\/wp-json\/wp\/v2\/media?parent=6905"}],"curies":[{"name":"wp","href":"https:\/\/api.w.org\/{rel}","templated":true}]}}