{"id":6909,"date":"2020-05-25T13:36:16","date_gmt":"2020-05-25T11:36:16","guid":{"rendered":"https:\/\/mucha.sobnet.eu\/kme\/?page_id=6909"},"modified":"2026-03-18T11:09:23","modified_gmt":"2026-03-18T10:09:23","slug":"projekty-unijne","status":"publish","type":"page","link":"https:\/\/kme.eu\/kme\/o_nas\/projekty-unijne\/","title":{"rendered":"Projekty unijne"},"content":{"rendered":"<div class=\"wpb-content-wrapper\"><p>[vc_row row_content_width=&#8221;grid&#8221; row_btt_skin=&#8221;light&#8221; enable_bg_pattern=&#8221;yes&#8221; row_background_text_position=&#8221;front&#8221; row_skin=&#8221;dark&#8221; css=&#8221;.vc_custom_1556014711710{padding-top: 40px !important;padding-bottom: 50px !important;}&#8221;][vc_column offset=&#8221;vc_col-lg-offset-0 vc_col-lg-12 vc_col-md-offset-0 vc_col-md-12 vc_col-sm-offset-0&#8243;]<div class=\"mkdf-elements-holder   mkdf-two-columns  mkdf-responsive-mode-1024 \" ><div class=\"mkdf-eh-item mkdf-appearing-section   \"  data-item-class=\"mkdf-eh-custom-2190\" data-1367-1600=\"0px 0px 0 0px\" data-1025-1366=\"0px 0px 0 0px\" data-769-1024=\"0px 0px 0 0px\" data-681-768=\"0px 0px 0 0px\" data-680=\"0px 0px 0 0px\">\n\t<div class=\"mkdf-eh-item-inner\">\n\t\t<div class=\"mkdf-eh-item-content mkdf-eh-custom-2190\" style=\"padding: 0 0 0 0\">\n\t\t\t<div class=\"mkdf-single-image-holder   \">\n    <div class=\"mkdf-si-inner\" >\n                                    <img loading=\"lazy\" decoding=\"async\" width=\"600\" height=\"416\" src=\"https:\/\/kme.eu\/kme\/wp-content\/uploads\/2020\/07\/Iwestycja.jpg\" class=\"attachment-full size-full\" alt=\"\" srcset=\"https:\/\/kme.eu\/kme\/wp-content\/uploads\/2020\/07\/Iwestycja.jpg 600w, https:\/\/kme.eu\/kme\/wp-content\/uploads\/2020\/07\/Iwestycja-300x208.jpg 300w\" sizes=\"auto, (max-width: 600px) 100vw, 600px\" \/>                        <\/div>\n<\/div>\t\t<\/div>\n\t<\/div>\n<\/div><div class=\"mkdf-eh-item    \"  data-item-class=\"mkdf-eh-custom-3738\" data-1367-1600=\"0px 120px 0 50px\" data-1025-1366=\"0px 20px 0 50px\" data-769-1024=\"57px 260px 0 0px\" data-681-768=\"57px 120px 0 0px\" data-680=\"57px 0px 0 0px\">\n\t<div class=\"mkdf-eh-item-inner\">\n\t\t<div class=\"mkdf-eh-item-content mkdf-eh-custom-3738\" style=\"padding: 0px 90px 8px 80px\">\n\t\t\t[vc_column_text el_class=&#8221;justowanie_tekst&#8221;]Firma KME Sp. z o.o. zrealizowa\u0142a projekt pod nazw\u0105 \u201ePodniesienie potencja\u0142u konkurencyjnego i innowacyjnego firmy KME Sp. z o.o. poprzez wdro\u017cenie wynik\u00f3w prac w\u0142asnych B+R&#8221;.<br \/>\nCelem projektu by\u0142o wdro\u017cenie wynik\u00f3w przeprowadzonych prac badawczo \u2013 rozwojowych we w\u0142asnej dzia\u0142alno\u015bci firmy poprzez inwestycj\u0119 w dostosowanie hali produkcyjnej oraz zakup nowych linii technologicznych dla rozpocznie produkcji innowacyjnego sterownika NEVO-SKY.<br \/>\nZastosowanie produkt\u00f3w pozwoli na zmniejszenie si\u0119 emisji zanieczyszcze\u0144 poprzez zamontowanie system\u00f3w wtrysku paliwa LPG do nowych pojazd\u00f3w silnikowych.<br \/>\nInwestycje w nowocze\u015bnie linie technologiczne spowoduj\u0105 rozbudow\u0119 mo\u017cliwo\u015bci produkcyjnych firmy, wzrost zatrudnienia oraz zastosowanie nowoczesnych metod wytwarzania.<\/p>\n<p>Warto\u015b\u0107 projektu: 2 510 230,00 PLN<br \/>\nWk\u0142ad funduszy Europejskich: 1 129 603,50 PLN[\/vc_column_text]\t\t<\/div>\n\t<\/div>\n<\/div><\/div>[vc_row_inner][vc_column_inner][vc_empty_space height=&#8221;20px&#8221;]<div class=\"mkdf-image-gallery mkdf-grid-list mkdf-disable-bottom-space  mkdf-ig-grid-type mkdf-two-columns mkdf-medium-space   \">\n\t<div class=\"mkdf-ig-inner mkdf-outer-space\">\n\t\t\t\t\t<div class=\"mkdf-ig-image mkdf-item-space\">\n\t\t\t\t<div class=\"mkdf-ig-image-inner\">\n\t\t\t\t\t\t\t\t\t\t\t<img loading=\"lazy\" decoding=\"async\" width=\"665\" height=\"443\" src=\"https:\/\/kme.eu\/kme\/wp-content\/uploads\/2020\/09\/UE_6.jpg\" class=\"attachment-full size-full\" alt=\"\" srcset=\"https:\/\/kme.eu\/kme\/wp-content\/uploads\/2020\/09\/UE_6.jpg 665w, https:\/\/kme.eu\/kme\/wp-content\/uploads\/2020\/09\/UE_6-300x200.jpg 300w, https:\/\/kme.eu\/kme\/wp-content\/uploads\/2020\/09\/UE_6-600x400.jpg 600w\" sizes=\"auto, (max-width: 665px) 100vw, 665px\" \/>\t\t\t\t\t\t\t\t\t<\/div>\n\t\t\t<\/div>\n\t\t\t\t\t<div class=\"mkdf-ig-image mkdf-item-space\">\n\t\t\t\t<div class=\"mkdf-ig-image-inner\">\n\t\t\t\t\t\t\t\t\t\t\t<img loading=\"lazy\" decoding=\"async\" width=\"665\" height=\"444\" src=\"https:\/\/kme.eu\/kme\/wp-content\/uploads\/2020\/09\/UE_4.jpg\" class=\"attachment-full size-full\" alt=\"\" srcset=\"https:\/\/kme.eu\/kme\/wp-content\/uploads\/2020\/09\/UE_4.jpg 665w, https:\/\/kme.eu\/kme\/wp-content\/uploads\/2020\/09\/UE_4-300x200.jpg 300w, https:\/\/kme.eu\/kme\/wp-content\/uploads\/2020\/09\/UE_4-600x401.jpg 600w\" sizes=\"auto, (max-width: 665px) 100vw, 665px\" \/>\t\t\t\t\t\t\t\t\t<\/div>\n\t\t\t<\/div>\n\t\t\t\t\t<div class=\"mkdf-ig-image mkdf-item-space\">\n\t\t\t\t<div class=\"mkdf-ig-image-inner\">\n\t\t\t\t\t\t\t\t\t\t\t<img loading=\"lazy\" decoding=\"async\" width=\"665\" height=\"444\" src=\"https:\/\/kme.eu\/kme\/wp-content\/uploads\/2020\/09\/UE_3.jpg\" class=\"attachment-full size-full\" alt=\"\" srcset=\"https:\/\/kme.eu\/kme\/wp-content\/uploads\/2020\/09\/UE_3.jpg 665w, https:\/\/kme.eu\/kme\/wp-content\/uploads\/2020\/09\/UE_3-300x200.jpg 300w, https:\/\/kme.eu\/kme\/wp-content\/uploads\/2020\/09\/UE_3-600x401.jpg 600w\" sizes=\"auto, (max-width: 665px) 100vw, 665px\" \/>\t\t\t\t\t\t\t\t\t<\/div>\n\t\t\t<\/div>\n\t\t\t\t\t<div class=\"mkdf-ig-image mkdf-item-space\">\n\t\t\t\t<div class=\"mkdf-ig-image-inner\">\n\t\t\t\t\t\t\t\t\t\t\t<img loading=\"lazy\" decoding=\"async\" width=\"665\" height=\"444\" src=\"https:\/\/kme.eu\/kme\/wp-content\/uploads\/2020\/09\/UE_2.jpg\" class=\"attachment-full size-full\" alt=\"\" srcset=\"https:\/\/kme.eu\/kme\/wp-content\/uploads\/2020\/09\/UE_2.jpg 665w, https:\/\/kme.eu\/kme\/wp-content\/uploads\/2020\/09\/UE_2-300x200.jpg 300w, https:\/\/kme.eu\/kme\/wp-content\/uploads\/2020\/09\/UE_2-600x401.jpg 600w\" sizes=\"auto, (max-width: 665px) 100vw, 665px\" \/>\t\t\t\t\t\t\t\t\t<\/div>\n\t\t\t<\/div>\n\t\t\t\t\t<div class=\"mkdf-ig-image mkdf-item-space\">\n\t\t\t\t<div class=\"mkdf-ig-image-inner\">\n\t\t\t\t\t\t\t\t\t\t\t<img loading=\"lazy\" decoding=\"async\" width=\"665\" height=\"444\" src=\"https:\/\/kme.eu\/kme\/wp-content\/uploads\/2020\/09\/UE_5.jpg\" class=\"attachment-full size-full\" alt=\"\" srcset=\"https:\/\/kme.eu\/kme\/wp-content\/uploads\/2020\/09\/UE_5.jpg 665w, https:\/\/kme.eu\/kme\/wp-content\/uploads\/2020\/09\/UE_5-300x200.jpg 300w, https:\/\/kme.eu\/kme\/wp-content\/uploads\/2020\/09\/UE_5-600x401.jpg 600w\" sizes=\"auto, (max-width: 665px) 100vw, 665px\" \/>\t\t\t\t\t\t\t\t\t<\/div>\n\t\t\t<\/div>\n\t\t\t\t\t<div class=\"mkdf-ig-image mkdf-item-space\">\n\t\t\t\t<div class=\"mkdf-ig-image-inner\">\n\t\t\t\t\t\t\t\t\t\t\t<img loading=\"lazy\" decoding=\"async\" width=\"665\" height=\"444\" src=\"https:\/\/kme.eu\/kme\/wp-content\/uploads\/2020\/09\/UE_1.jpg\" class=\"attachment-full size-full\" alt=\"\" srcset=\"https:\/\/kme.eu\/kme\/wp-content\/uploads\/2020\/09\/UE_1.jpg 665w, https:\/\/kme.eu\/kme\/wp-content\/uploads\/2020\/09\/UE_1-300x200.jpg 300w, https:\/\/kme.eu\/kme\/wp-content\/uploads\/2020\/09\/UE_1-600x401.jpg 600w\" sizes=\"auto, (max-width: 665px) 100vw, 665px\" \/>\t\t\t\t\t\t\t\t\t<\/div>\n\t\t\t<\/div>\n\t\t\t<\/div>\n<\/div>[\/vc_column_inner][\/vc_row_inner][\/vc_column][\/vc_row]<\/p>\n\n\n<p><\/p>\n<\/div>","protected":false},"excerpt":{"rendered":"<p>[vc_row row_content_width=&#8221;grid&#8221; row_btt_skin=&#8221;light&#8221; enable_bg_pattern=&#8221;yes&#8221; row_background_text_position=&#8221;front&#8221; row_skin=&#8221;dark&#8221; css=&#8221;.vc_custom_1556014711710{padding-top: 40px !important;padding-bottom: 50px !important;}&#8221;][vc_column offset=&#8221;vc_col-lg-offset-0 vc_col-lg-12 vc_col-md-offset-0 vc_col-md-12 vc_col-sm-offset-0&#8243;][vc_row_inner][vc_column_inner][vc_empty_space height=&#8221;20px&#8221;][\/vc_column_inner][\/vc_row_inner][\/vc_column][\/vc_row]<\/p>\n","protected":false},"author":1,"featured_media":0,"parent":1458,"menu_order":0,"comment_status":"closed","ping_status":"closed","template":"full-width.php","meta":{"footnotes":""},"class_list":["post-6909","page","type-page","status-publish","hentry"],"acf":[],"yoast_head":"<!-- This site is optimized with the Yoast SEO plugin v27.4 - https:\/\/yoast.com\/product\/yoast-seo-wordpress\/ -->\n<title>Projekty unijne - KME<\/title>\n<meta name=\"robots\" content=\"index, follow, max-snippet:-1, max-image-preview:large, max-video-preview:-1\" \/>\n<link rel=\"canonical\" href=\"https:\/\/kme.eu\/kme\/o_nas\/projekty-unijne\/\" \/>\n<meta property=\"og:locale\" content=\"pl_PL\" \/>\n<meta property=\"og:type\" content=\"article\" \/>\n<meta property=\"og:title\" content=\"Projekty unijne - KME\" \/>\n<meta property=\"og:description\" content=\"[vc_row row_content_width=&#8221;grid&#8221; row_btt_skin=&#8221;light&#8221; enable_bg_pattern=&#8221;yes&#8221; row_background_text_position=&#8221;front&#8221; row_skin=&#8221;dark&#8221; css=&#8221;.vc_custom_1556014711710{padding-top: 40px !important;padding-bottom: 50px !important;}&#8221;][vc_column offset=&#8221;vc_col-lg-offset-0 vc_col-lg-12 vc_col-md-offset-0 vc_col-md-12 vc_col-sm-offset-0&#8243;][vc_row_inner][vc_column_inner][vc_empty_space height=&#8221;20px&#8221;][\/vc_column_inner][\/vc_row_inner][\/vc_column][\/vc_row]\" \/>\n<meta property=\"og:url\" content=\"https:\/\/kme.eu\/kme\/o_nas\/projekty-unijne\/\" \/>\n<meta property=\"og:site_name\" content=\"KME\" \/>\n<meta property=\"article:publisher\" content=\"https:\/\/www.facebook.com\/KME.LPG\/\" \/>\n<meta property=\"article:modified_time\" content=\"2026-03-18T10:09:23+00:00\" \/>\n<meta name=\"twitter:card\" content=\"summary_large_image\" \/>\n<meta name=\"twitter:label1\" content=\"Szacowany czas czytania\" \/>\n\t<meta name=\"twitter:data1\" content=\"2 minuty\" \/>\n<script type=\"application\/ld+json\" class=\"yoast-schema-graph\">{\"@context\":\"https:\\\/\\\/schema.org\",\"@graph\":[{\"@type\":\"WebPage\",\"@id\":\"https:\\\/\\\/kme.eu\\\/kme\\\/o_nas\\\/projekty-unijne\\\/\",\"url\":\"https:\\\/\\\/kme.eu\\\/kme\\\/o_nas\\\/projekty-unijne\\\/\",\"name\":\"Projekty unijne - KME\",\"isPartOf\":{\"@id\":\"https:\\\/\\\/kme.eu\\\/kme\\\/#website\"},\"datePublished\":\"2020-05-25T11:36:16+00:00\",\"dateModified\":\"2026-03-18T10:09:23+00:00\",\"breadcrumb\":{\"@id\":\"https:\\\/\\\/kme.eu\\\/kme\\\/o_nas\\\/projekty-unijne\\\/#breadcrumb\"},\"inLanguage\":\"pl-PL\",\"potentialAction\":[{\"@type\":\"ReadAction\",\"target\":[\"https:\\\/\\\/kme.eu\\\/kme\\\/o_nas\\\/projekty-unijne\\\/\"]}]},{\"@type\":\"BreadcrumbList\",\"@id\":\"https:\\\/\\\/kme.eu\\\/kme\\\/o_nas\\\/projekty-unijne\\\/#breadcrumb\",\"itemListElement\":[{\"@type\":\"ListItem\",\"position\":1,\"name\":\"Strona g\u0142\u00f3wna\",\"item\":\"https:\\\/\\\/kme.eu\\\/kme\\\/\"},{\"@type\":\"ListItem\",\"position\":2,\"name\":\"O nas\",\"item\":\"https:\\\/\\\/kme.eu\\\/kme\\\/o_nas\\\/\"},{\"@type\":\"ListItem\",\"position\":3,\"name\":\"Projekty unijne\"}]},{\"@type\":\"WebSite\",\"@id\":\"https:\\\/\\\/kme.eu\\\/kme\\\/#website\",\"url\":\"https:\\\/\\\/kme.eu\\\/kme\\\/\",\"name\":\"KME\",\"description\":\"Autogas Systems\",\"publisher\":{\"@id\":\"https:\\\/\\\/kme.eu\\\/kme\\\/#organization\"},\"potentialAction\":[{\"@type\":\"SearchAction\",\"target\":{\"@type\":\"EntryPoint\",\"urlTemplate\":\"https:\\\/\\\/kme.eu\\\/kme\\\/?s={search_term_string}\"},\"query-input\":{\"@type\":\"PropertyValueSpecification\",\"valueRequired\":true,\"valueName\":\"search_term_string\"}}],\"inLanguage\":\"pl-PL\"},{\"@type\":\"Organization\",\"@id\":\"https:\\\/\\\/kme.eu\\\/kme\\\/#organization\",\"name\":\"KME\",\"url\":\"https:\\\/\\\/kme.eu\\\/kme\\\/\",\"logo\":{\"@type\":\"ImageObject\",\"inLanguage\":\"pl-PL\",\"@id\":\"https:\\\/\\\/kme.eu\\\/kme\\\/#\\\/schema\\\/logo\\\/image\\\/\",\"url\":\"https:\\\/\\\/kme.eu\\\/kme\\\/wp-content\\\/uploads\\\/2020\\\/04\\\/logo_KME_RGB_small_200px.png\",\"contentUrl\":\"https:\\\/\\\/kme.eu\\\/kme\\\/wp-content\\\/uploads\\\/2020\\\/04\\\/logo_KME_RGB_small_200px.png\",\"width\":272,\"height\":200,\"caption\":\"KME\"},\"image\":{\"@id\":\"https:\\\/\\\/kme.eu\\\/kme\\\/#\\\/schema\\\/logo\\\/image\\\/\"},\"sameAs\":[\"https:\\\/\\\/www.facebook.com\\\/KME.LPG\\\/\",\"https:\\\/\\\/www.instagram.com\\\/kme_lpg\\\/\"]}]}<\/script>\n<!-- \/ Yoast SEO plugin. -->","yoast_head_json":{"title":"Projekty unijne - KME","robots":{"index":"index","follow":"follow","max-snippet":"max-snippet:-1","max-image-preview":"max-image-preview:large","max-video-preview":"max-video-preview:-1"},"canonical":"https:\/\/kme.eu\/kme\/o_nas\/projekty-unijne\/","og_locale":"pl_PL","og_type":"article","og_title":"Projekty unijne - KME","og_description":"[vc_row row_content_width=&#8221;grid&#8221; row_btt_skin=&#8221;light&#8221; enable_bg_pattern=&#8221;yes&#8221; row_background_text_position=&#8221;front&#8221; row_skin=&#8221;dark&#8221; css=&#8221;.vc_custom_1556014711710{padding-top: 40px !important;padding-bottom: 50px !important;}&#8221;][vc_column offset=&#8221;vc_col-lg-offset-0 vc_col-lg-12 vc_col-md-offset-0 vc_col-md-12 vc_col-sm-offset-0&#8243;][vc_row_inner][vc_column_inner][vc_empty_space height=&#8221;20px&#8221;][\/vc_column_inner][\/vc_row_inner][\/vc_column][\/vc_row]","og_url":"https:\/\/kme.eu\/kme\/o_nas\/projekty-unijne\/","og_site_name":"KME","article_publisher":"https:\/\/www.facebook.com\/KME.LPG\/","article_modified_time":"2026-03-18T10:09:23+00:00","twitter_card":"summary_large_image","twitter_misc":{"Szacowany czas czytania":"2 minuty"},"schema":{"@context":"https:\/\/schema.org","@graph":[{"@type":"WebPage","@id":"https:\/\/kme.eu\/kme\/o_nas\/projekty-unijne\/","url":"https:\/\/kme.eu\/kme\/o_nas\/projekty-unijne\/","name":"Projekty unijne - KME","isPartOf":{"@id":"https:\/\/kme.eu\/kme\/#website"},"datePublished":"2020-05-25T11:36:16+00:00","dateModified":"2026-03-18T10:09:23+00:00","breadcrumb":{"@id":"https:\/\/kme.eu\/kme\/o_nas\/projekty-unijne\/#breadcrumb"},"inLanguage":"pl-PL","potentialAction":[{"@type":"ReadAction","target":["https:\/\/kme.eu\/kme\/o_nas\/projekty-unijne\/"]}]},{"@type":"BreadcrumbList","@id":"https:\/\/kme.eu\/kme\/o_nas\/projekty-unijne\/#breadcrumb","itemListElement":[{"@type":"ListItem","position":1,"name":"Strona g\u0142\u00f3wna","item":"https:\/\/kme.eu\/kme\/"},{"@type":"ListItem","position":2,"name":"O nas","item":"https:\/\/kme.eu\/kme\/o_nas\/"},{"@type":"ListItem","position":3,"name":"Projekty unijne"}]},{"@type":"WebSite","@id":"https:\/\/kme.eu\/kme\/#website","url":"https:\/\/kme.eu\/kme\/","name":"KME","description":"Autogas Systems","publisher":{"@id":"https:\/\/kme.eu\/kme\/#organization"},"potentialAction":[{"@type":"SearchAction","target":{"@type":"EntryPoint","urlTemplate":"https:\/\/kme.eu\/kme\/?s={search_term_string}"},"query-input":{"@type":"PropertyValueSpecification","valueRequired":true,"valueName":"search_term_string"}}],"inLanguage":"pl-PL"},{"@type":"Organization","@id":"https:\/\/kme.eu\/kme\/#organization","name":"KME","url":"https:\/\/kme.eu\/kme\/","logo":{"@type":"ImageObject","inLanguage":"pl-PL","@id":"https:\/\/kme.eu\/kme\/#\/schema\/logo\/image\/","url":"https:\/\/kme.eu\/kme\/wp-content\/uploads\/2020\/04\/logo_KME_RGB_small_200px.png","contentUrl":"https:\/\/kme.eu\/kme\/wp-content\/uploads\/2020\/04\/logo_KME_RGB_small_200px.png","width":272,"height":200,"caption":"KME"},"image":{"@id":"https:\/\/kme.eu\/kme\/#\/schema\/logo\/image\/"},"sameAs":["https:\/\/www.facebook.com\/KME.LPG\/","https:\/\/www.instagram.com\/kme_lpg\/"]}]}},"_links":{"self":[{"href":"https:\/\/kme.eu\/kme\/wp-json\/wp\/v2\/pages\/6909","targetHints":{"allow":["GET"]}}],"collection":[{"href":"https:\/\/kme.eu\/kme\/wp-json\/wp\/v2\/pages"}],"about":[{"href":"https:\/\/kme.eu\/kme\/wp-json\/wp\/v2\/types\/page"}],"author":[{"embeddable":true,"href":"https:\/\/kme.eu\/kme\/wp-json\/wp\/v2\/users\/1"}],"replies":[{"embeddable":true,"href":"https:\/\/kme.eu\/kme\/wp-json\/wp\/v2\/comments?post=6909"}],"version-history":[{"count":0,"href":"https:\/\/kme.eu\/kme\/wp-json\/wp\/v2\/pages\/6909\/revisions"}],"up":[{"embeddable":true,"href":"https:\/\/kme.eu\/kme\/wp-json\/wp\/v2\/pages\/1458"}],"wp:attachment":[{"href":"https:\/\/kme.eu\/kme\/wp-json\/wp\/v2\/media?parent=6909"}],"curies":[{"name":"wp","href":"https:\/\/api.w.org\/{rel}","templated":true}]}}