{"id":9160,"date":"2020-09-01T09:53:50","date_gmt":"2020-09-01T07:53:50","guid":{"rendered":"https:\/\/kme.eu\/kme\/?page_id=9160"},"modified":"2026-03-18T10:55:42","modified_gmt":"2026-03-18T09:55:42","slug":"praca-w-kme","status":"publish","type":"page","link":"https:\/\/kme.eu\/kme\/o_nas\/praca-w-kme\/","title":{"rendered":"Praca w KME"},"content":{"rendered":"<div class=\"wpb-content-wrapper\"><p>[vc_row row_content_width=&#8221;grid&#8221; row_btt_skin=&#8221;light&#8221; row_background_text_position=&#8221;front&#8221;][vc_column][vc_empty_space][vc_column_text]<\/p>\n<h2 style=\"text-align: center;\">Kim jeste\u015bmy?<\/h2>\n<p>[\/vc_column_text][vc_column_text el_class=&#8221;justowanie_tekst&#8221;]KME jako wiod\u0105cy producent system\u00f3w LPG i CNG, dzia\u0142a na rynku samochodowych instalacji gazowych od 1993 roku, dostarczaj\u0105c nowatorskie rozwi\u0105zania z dziedziny autogazu i zaawansowanej elektroniki samochodowej. Profil dzia\u0142alno\u015bci obejmuje projektowanie, produkcj\u0119 system\u00f3w zasilania gazem LPG i CNG pojazd\u00f3w samochodowych oraz ich element\u00f3w sk\u0142adowych. KME dostarcza wysokiej jako\u015bci produkty odbiorcom w ponad 30 krajach.[\/vc_column_text][vc_empty_space][\/vc_column][\/vc_row][vc_row row_content_width=&#8221;grid&#8221; row_btt_skin=&#8221;light&#8221; row_background_text_position=&#8221;front&#8221;][vc_column width=&#8221;1\/3&#8243;]<div class=\"mkdf-counter-holder mkdf-shadow-counter   mkdf-counter-transparent-skin\" >\n\t<div class=\"mkdf-counter-inner clearfix\">\n        <div class=\"mkdf-counter-number mkdf-shadow-counter clearfix\">\n                                                <span class=\"mkdf-counter-background\"  >200<\/span>\n                                <span class=\"mkdf-counter mkdf-shadow-counter mkdf-zero-counter\" style=\"font-size: 80px\">200<\/span>\n                    <\/div>\n        <div class=\"mkdf-counter-content mkdf-shadow-counter\">\n                                        <h5 class=\"mkdf-counter-title\" >\n                    zatrudnionych os\u00f3b                <\/h5>\n                    <\/div>\n\t<\/div>\n<\/div>[\/vc_column][vc_column width=&#8221;1\/3&#8243;]<div class=\"mkdf-counter-holder mkdf-shadow-counter   mkdf-counter-transparent-skin\" >\n\t<div class=\"mkdf-counter-inner clearfix\">\n        <div class=\"mkdf-counter-number mkdf-shadow-counter clearfix\">\n                                                <span class=\"mkdf-counter-background\"  >30<\/span>\n                                <span class=\"mkdf-counter mkdf-shadow-counter mkdf-zero-counter\" style=\"font-size: 80px\">30<\/span>\n                    <\/div>\n        <div class=\"mkdf-counter-content mkdf-shadow-counter\">\n                                        <h5 class=\"mkdf-counter-title\" >\n                    Obs\u0142ugiwanych kraj\u00f3w                <\/h5>\n                    <\/div>\n\t<\/div>\n<\/div>[\/vc_column][vc_column width=&#8221;1\/3&#8243;]<div class=\"mkdf-counter-holder mkdf-shadow-counter   mkdf-counter-transparent-skin\" >\n\t<div class=\"mkdf-counter-inner clearfix\">\n        <div class=\"mkdf-counter-number mkdf-shadow-counter clearfix\">\n                                                <span class=\"mkdf-counter-background\"  >27<\/span>\n                                <span class=\"mkdf-counter mkdf-shadow-counter mkdf-zero-counter\" style=\"font-size: 80px\">27<\/span>\n                    <\/div>\n        <div class=\"mkdf-counter-content mkdf-shadow-counter\">\n                                        <h5 class=\"mkdf-counter-title\" >\n                    lat w bran\u017cy                <\/h5>\n                    <\/div>\n\t<\/div>\n<\/div>[\/vc_column][\/vc_row][vc_row row_btt_skin=&#8221;light&#8221; row_background_text_position=&#8221;front&#8221;][vc_column][vc_empty_space][vc_separator][vc_empty_space][vc_column_text]<\/p>\n<h2 style=\"text-align: center;\">Nasze oferty<\/h2>\n<p>[\/vc_column_text][vc_empty_space][\/vc_column][\/vc_row][vc_row row_content_width=&#8221;grid&#8221; row_btt_skin=&#8221;light&#8221; row_background_text_position=&#8221;front&#8221;][vc_column width=&#8221;1\/2&#8243;]<div class=\"mkdf-iwt clearfix  mkdf-iwt-icon-top-centered  mkdf-iwt-icon-medium\" >\n\t<div class=\"mkdf-iwt-icon\">\n\t\t\t\t\t<a itemprop=\"url\" href=\"\/kme\/o_nas\/operator-linii-smt\/\" target=\"_self\">\n\t\t\t\t\t\t\t\t\t    <span class=\"mkdf-icon-shortcode mkdf-normal   mkdf-icon-medium\"  >\n                    <i class=\"mkdf-icon-ion-icon ion-android-document mkdf-icon-element\" style=\"\" ><\/i>            <\/span>\n\t\t\t\t\t\t\t\t<\/a>\n\t\t\t<\/div>\n\t<div class=\"mkdf-iwt-content\" style=\"padding-top: px\">\n                    <p class=\"mkdf-iwt-caption\" >\u0141\u00f3d\u017a<\/p>\n        \t\t\t\t\t<h4 class=\"mkdf-iwt-title\" >\n\t\t\t\t\t\t\t\t\t<a itemprop=\"url\" href=\"\/kme\/o_nas\/operator-linii-smt\/\" target=\"_self\">\n\t\t\t\t\t\t\t\t<span class=\"mkdf-iwt-title-text\">Operator linii SMT<\/span>\n\t\t\t\t\t\t\t\t\t<\/a>\n\t\t\t\t\t\t\t<\/h4>\n\t\t\t\t\t<\/div>\n<\/div>[\/vc_column][vc_column width=&#8221;1\/2&#8243;]<div class=\"mkdf-iwt clearfix  mkdf-iwt-icon-top-centered  mkdf-iwt-icon-medium\" >\n\t<div class=\"mkdf-iwt-icon\">\n\t\t\t\t\t<a itemprop=\"url\" href=\"\/kme\/o_nas\/praca-w-kme\/elektronik-z-pasja\/\" target=\"_self\">\n\t\t\t\t\t\t\t\t\t    <span class=\"mkdf-icon-shortcode mkdf-normal   mkdf-icon-medium\"  >\n                    <i class=\"mkdf-icon-ion-icon ion-android-document mkdf-icon-element\" style=\"\" ><\/i>            <\/span>\n\t\t\t\t\t\t\t\t<\/a>\n\t\t\t<\/div>\n\t<div class=\"mkdf-iwt-content\" style=\"padding-top: px\">\n                    <p class=\"mkdf-iwt-caption\" >\u0141\u00f3d\u017a<\/p>\n        \t\t\t\t\t<h4 class=\"mkdf-iwt-title\" >\n\t\t\t\t\t\t\t\t\t<a itemprop=\"url\" href=\"\/kme\/o_nas\/praca-w-kme\/elektronik-z-pasja\/\" target=\"_self\">\n\t\t\t\t\t\t\t\t<span class=\"mkdf-iwt-title-text\">Konstruktor Elektronik w dziale Bada\u0144 i Rozwoju (R&amp;D)<\/span>\n\t\t\t\t\t\t\t\t\t<\/a>\n\t\t\t\t\t\t\t<\/h4>\n\t\t\t\t\t<\/div>\n<\/div>[\/vc_column][\/vc_row][vc_row row_btt_skin=&#8221;light&#8221; row_background_text_position=&#8221;front&#8221; row_skin=&#8221;dark&#8221;][vc_column][vc_empty_space][vc_separator][vc_column_text]<\/p>\n<h2 style=\"text-align: center;\">Poznaj nasz zesp\u00f3\u0142<\/h2>\n<p>[\/vc_column_text][\/vc_column][\/vc_row][vc_row row_btt_skin=&#8221;light&#8221; row_background_text_position=&#8221;front&#8221;][vc_column width=&#8221;1\/3&#8243;]<div class=\"mkdf-team-holder mkdf-team-info-on-image\">\n\t<div class=\"mkdf-team-inner\">\n\t\t\t\t\t<div class=\"mkdf-team-image\">\n                                    <div class=\"mkdf-team-social-holder\">\n                                    <span class=\"mkdf-team-icon mkdf-team-social-opener\">\n                                        <span class=\"mkdf-icon-shortcode mkdf-normal\">\n                                            <a href=\"#\">\n                                                <span class=\"social_share mkdf-icon-element\"><\/span>\n                                            <\/a>\n                                        <\/span>\n                                    <\/span>\n                                                    <span class=\"mkdf-team-icon\" style=\"color: #ffffff\">    <span class=\"mkdf-icon-shortcode mkdf-normal   \">\n                    <a class=\"\" href=\"mailto:akujawiak@kme.eu\" target=\"_blank\">\n                    <span aria-hidden=\"true\" class=\"mkdf-icon-font-elegant social_share mkdf-icon-element\"><\/span>                    <\/a>\n            <\/span>\n<\/span>\n                                            <\/div>\n                                <img loading=\"lazy\" decoding=\"async\" width=\"390\" height=\"520\" src=\"https:\/\/kme.eu\/kme\/wp-content\/uploads\/2020\/09\/6V0A0051.jpg\" class=\"attachment-full size-full\" alt=\"\" srcset=\"https:\/\/kme.eu\/kme\/wp-content\/uploads\/2020\/09\/6V0A0051.jpg 390w, https:\/\/kme.eu\/kme\/wp-content\/uploads\/2020\/09\/6V0A0051-225x300.jpg 225w\" sizes=\"auto, (max-width: 390px) 100vw, 390px\" \/>\t\t\t\t<div class=\"mkdf-team-social-wrapper\" style=\"background-color: #00235a\">\n\t\t\t\t\t<div class=\"mkdf-team-social-outer\">\n\t\t\t\t\t\t<div class=\"mkdf-team-social-inner\" style=\"color: #ffffff\">\n                                                            <h6 class=\"mkdf-team-position\" style=\"color: #ffffff\">Doradca handlowy<\/h6>\n                            \t\t\t\t\t\t\t\t\t\t\t\t\t\t\t<h4 class=\"mkdf-team-name\" style=\"color: #ffffff\">Agata Kujawiak<\/h4>\n\t\t\t\t\t\t\t\t\t\t\t\t\t\t\t\t\t\t\t\t\t\t<p class=\"mkdf-team-text\" >mob.: +42 605 651 700<\/p>\n\t\t\t\t\t\t\t\t\t\t\t\t\t<\/div>\n\t\t\t\t\t<\/div>\n\t\t\t\t<\/div>\n\t\t\t<\/div>\n\t\t\t<\/div>\n<\/div>[vc_empty_space height=&#8221;30px&#8221;][\/vc_column][vc_column width=&#8221;1\/3&#8243;]<div class=\"mkdf-team-holder mkdf-team-info-on-image\">\n\t<div class=\"mkdf-team-inner\">\n\t\t\t\t\t<div class=\"mkdf-team-image\">\n                                    <div class=\"mkdf-team-social-holder\">\n                                    <span class=\"mkdf-team-icon mkdf-team-social-opener\">\n                                        <span class=\"mkdf-icon-shortcode mkdf-normal\">\n                                            <a href=\"#\">\n                                                <span class=\"social_share mkdf-icon-element\"><\/span>\n                                            <\/a>\n                                        <\/span>\n                                    <\/span>\n                                                    <span class=\"mkdf-team-icon\" style=\"color: #ffffff\">    <span class=\"mkdf-icon-shortcode mkdf-normal   \">\n                    <a class=\"\" href=\"mailto:lkubiak@kme.eu\" target=\"_self\">\n                    <span aria-hidden=\"true\" class=\"mkdf-icon-font-elegant social_share mkdf-icon-element\"><\/span>                    <\/a>\n            <\/span>\n<\/span>\n                                            <\/div>\n                                <img loading=\"lazy\" decoding=\"async\" width=\"390\" height=\"520\" src=\"https:\/\/kme.eu\/kme\/wp-content\/uploads\/2020\/09\/6V0A0059.jpg\" class=\"attachment-full size-full\" alt=\"\" srcset=\"https:\/\/kme.eu\/kme\/wp-content\/uploads\/2020\/09\/6V0A0059.jpg 390w, https:\/\/kme.eu\/kme\/wp-content\/uploads\/2020\/09\/6V0A0059-225x300.jpg 225w\" sizes=\"auto, (max-width: 390px) 100vw, 390px\" \/>\t\t\t\t<div class=\"mkdf-team-social-wrapper\" style=\"background-color: #00235a\">\n\t\t\t\t\t<div class=\"mkdf-team-social-outer\">\n\t\t\t\t\t\t<div class=\"mkdf-team-social-inner\" style=\"color: #ffffff\">\n                                                            <h6 class=\"mkdf-team-position\" style=\"color: #ffffff\">Doradca handlowy<\/h6>\n                            \t\t\t\t\t\t\t\t\t\t\t\t\t\t\t<h4 class=\"mkdf-team-name\" style=\"color: #ffffff\">\u0141ukasz Kubiak<\/h4>\n\t\t\t\t\t\t\t\t\t\t\t\t\t\t\t\t\t\t\t\t\t\t<p class=\"mkdf-team-text\" >mob.: +48 664 064 199<\/p>\n\t\t\t\t\t\t\t\t\t\t\t\t\t<\/div>\n\t\t\t\t\t<\/div>\n\t\t\t\t<\/div>\n\t\t\t<\/div>\n\t\t\t<\/div>\n<\/div>[vc_empty_space height=&#8221;30px&#8221;][\/vc_column][vc_column width=&#8221;1\/3&#8243;]<div class=\"mkdf-team-holder mkdf-team-info-on-image\">\n\t<div class=\"mkdf-team-inner\">\n\t\t\t\t\t<div class=\"mkdf-team-image\">\n                                    <div class=\"mkdf-team-social-holder\">\n                                    <span class=\"mkdf-team-icon mkdf-team-social-opener\">\n                                        <span class=\"mkdf-icon-shortcode mkdf-normal\">\n                                            <a href=\"#\">\n                                                <span class=\"social_share mkdf-icon-element\"><\/span>\n                                            <\/a>\n                                        <\/span>\n                                    <\/span>\n                                                    <span class=\"mkdf-team-icon\" style=\"color: #ffffff\">    <span class=\"mkdf-icon-shortcode mkdf-normal   \">\n                    <a class=\"\" href=\"mailto:kdulas@kme.eu\" target=\"_blank\">\n                    <span aria-hidden=\"true\" class=\"mkdf-icon-font-elegant social_share mkdf-icon-element\"><\/span>                    <\/a>\n            <\/span>\n<\/span>\n                                            <\/div>\n                                <img loading=\"lazy\" decoding=\"async\" width=\"390\" height=\"520\" src=\"https:\/\/kme.eu\/kme\/wp-content\/uploads\/2020\/09\/6V0A0010.jpg\" class=\"attachment-full size-full\" alt=\"\" srcset=\"https:\/\/kme.eu\/kme\/wp-content\/uploads\/2020\/09\/6V0A0010.jpg 390w, https:\/\/kme.eu\/kme\/wp-content\/uploads\/2020\/09\/6V0A0010-225x300.jpg 225w\" sizes=\"auto, (max-width: 390px) 100vw, 390px\" \/>\t\t\t\t<div class=\"mkdf-team-social-wrapper\" style=\"background-color: #00235a\">\n\t\t\t\t\t<div class=\"mkdf-team-social-outer\">\n\t\t\t\t\t\t<div class=\"mkdf-team-social-inner\" style=\"color: #ffffff\">\n                                                            <h6 class=\"mkdf-team-position\" style=\"color: #ffffff\">Doradca handlowy<\/h6>\n                            \t\t\t\t\t\t\t\t\t\t\t\t\t\t\t<h4 class=\"mkdf-team-name\" style=\"color: #ffffff\">Katarzyna Dulas<\/h4>\n\t\t\t\t\t\t\t\t\t\t\t\t\t\t\t\t\t\t\t\t\t\t<p class=\"mkdf-team-text\" >mob.: +42 515 778 662<\/p>\n\t\t\t\t\t\t\t\t\t\t\t\t\t<\/div>\n\t\t\t\t\t<\/div>\n\t\t\t\t<\/div>\n\t\t\t<\/div>\n\t\t\t<\/div>\n<\/div>[vc_empty_space height=&#8221;30px&#8221;][\/vc_column][\/vc_row]<\/p>\n<\/div>","protected":false},"excerpt":{"rendered":"<p>[vc_row row_content_width=&#8221;grid&#8221; row_btt_skin=&#8221;light&#8221; row_background_text_position=&#8221;front&#8221;][vc_column][vc_empty_space][vc_column_text] Kim jeste\u015bmy? [\/vc_column_text][vc_column_text el_class=&#8221;justowanie_tekst&#8221;]KME jako wiod\u0105cy producent system\u00f3w LPG i CNG, dzia\u0142a na rynku samochodowych instalacji gazowych od 1993 roku, dostarczaj\u0105c nowatorskie rozwi\u0105zania z dziedziny autogazu i zaawansowanej elektroniki samochodowej. Profil dzia\u0142alno\u015bci obejmuje projektowanie, produkcj\u0119 system\u00f3w [&hellip;]<\/p>\n","protected":false},"author":7,"featured_media":0,"parent":1458,"menu_order":0,"comment_status":"closed","ping_status":"closed","template":"","meta":{"footnotes":""},"class_list":["post-9160","page","type-page","status-publish","hentry"],"acf":[],"yoast_head":"<!-- This site is optimized with the Yoast SEO plugin v27.5 - https:\/\/yoast.com\/product\/yoast-seo-wordpress\/ -->\n<title>Praca w KME - KME<\/title>\n<meta name=\"robots\" content=\"index, follow, max-snippet:-1, max-image-preview:large, max-video-preview:-1\" \/>\n<link rel=\"canonical\" href=\"https:\/\/kme.eu\/kme\/o_nas\/praca-w-kme\/\" \/>\n<meta property=\"og:locale\" content=\"pl_PL\" \/>\n<meta property=\"og:type\" content=\"article\" \/>\n<meta property=\"og:title\" content=\"Praca w KME - KME\" \/>\n<meta property=\"og:description\" content=\"[vc_row row_content_width=&#8221;grid&#8221; row_btt_skin=&#8221;light&#8221; row_background_text_position=&#8221;front&#8221;][vc_column][vc_empty_space][vc_column_text] Kim jeste\u015bmy? [\/vc_column_text][vc_column_text el_class=&#8221;justowanie_tekst&#8221;]KME jako wiod\u0105cy producent system\u00f3w LPG i CNG, dzia\u0142a na rynku samochodowych instalacji gazowych od 1993 roku, dostarczaj\u0105c nowatorskie rozwi\u0105zania z dziedziny autogazu i zaawansowanej elektroniki samochodowej. Profil dzia\u0142alno\u015bci obejmuje projektowanie, produkcj\u0119 system\u00f3w [&hellip;]\" \/>\n<meta property=\"og:url\" content=\"https:\/\/kme.eu\/kme\/o_nas\/praca-w-kme\/\" \/>\n<meta property=\"og:site_name\" content=\"KME\" \/>\n<meta property=\"article:publisher\" content=\"https:\/\/www.facebook.com\/KME.LPG\/\" \/>\n<meta property=\"article:modified_time\" content=\"2026-03-18T09:55:42+00:00\" \/>\n<meta name=\"twitter:card\" content=\"summary_large_image\" \/>\n<meta name=\"twitter:label1\" content=\"Szacowany czas czytania\" \/>\n\t<meta name=\"twitter:data1\" content=\"2 minuty\" \/>\n<script type=\"application\/ld+json\" class=\"yoast-schema-graph\">{\"@context\":\"https:\\\/\\\/schema.org\",\"@graph\":[{\"@type\":\"WebPage\",\"@id\":\"https:\\\/\\\/kme.eu\\\/kme\\\/o_nas\\\/praca-w-kme\\\/\",\"url\":\"https:\\\/\\\/kme.eu\\\/kme\\\/o_nas\\\/praca-w-kme\\\/\",\"name\":\"Praca w KME - KME\",\"isPartOf\":{\"@id\":\"https:\\\/\\\/kme.eu\\\/kme\\\/#website\"},\"datePublished\":\"2020-09-01T07:53:50+00:00\",\"dateModified\":\"2026-03-18T09:55:42+00:00\",\"breadcrumb\":{\"@id\":\"https:\\\/\\\/kme.eu\\\/kme\\\/o_nas\\\/praca-w-kme\\\/#breadcrumb\"},\"inLanguage\":\"pl-PL\",\"potentialAction\":[{\"@type\":\"ReadAction\",\"target\":[\"https:\\\/\\\/kme.eu\\\/kme\\\/o_nas\\\/praca-w-kme\\\/\"]}]},{\"@type\":\"BreadcrumbList\",\"@id\":\"https:\\\/\\\/kme.eu\\\/kme\\\/o_nas\\\/praca-w-kme\\\/#breadcrumb\",\"itemListElement\":[{\"@type\":\"ListItem\",\"position\":1,\"name\":\"Strona g\u0142\u00f3wna\",\"item\":\"https:\\\/\\\/kme.eu\\\/kme\\\/\"},{\"@type\":\"ListItem\",\"position\":2,\"name\":\"O nas\",\"item\":\"https:\\\/\\\/kme.eu\\\/kme\\\/o_nas\\\/\"},{\"@type\":\"ListItem\",\"position\":3,\"name\":\"Praca w KME\"}]},{\"@type\":\"WebSite\",\"@id\":\"https:\\\/\\\/kme.eu\\\/kme\\\/#website\",\"url\":\"https:\\\/\\\/kme.eu\\\/kme\\\/\",\"name\":\"KME\",\"description\":\"Autogas Systems\",\"publisher\":{\"@id\":\"https:\\\/\\\/kme.eu\\\/kme\\\/#organization\"},\"potentialAction\":[{\"@type\":\"SearchAction\",\"target\":{\"@type\":\"EntryPoint\",\"urlTemplate\":\"https:\\\/\\\/kme.eu\\\/kme\\\/?s={search_term_string}\"},\"query-input\":{\"@type\":\"PropertyValueSpecification\",\"valueRequired\":true,\"valueName\":\"search_term_string\"}}],\"inLanguage\":\"pl-PL\"},{\"@type\":\"Organization\",\"@id\":\"https:\\\/\\\/kme.eu\\\/kme\\\/#organization\",\"name\":\"KME\",\"url\":\"https:\\\/\\\/kme.eu\\\/kme\\\/\",\"logo\":{\"@type\":\"ImageObject\",\"inLanguage\":\"pl-PL\",\"@id\":\"https:\\\/\\\/kme.eu\\\/kme\\\/#\\\/schema\\\/logo\\\/image\\\/\",\"url\":\"https:\\\/\\\/kme.eu\\\/kme\\\/wp-content\\\/uploads\\\/2020\\\/04\\\/logo_KME_RGB_small_200px.png\",\"contentUrl\":\"https:\\\/\\\/kme.eu\\\/kme\\\/wp-content\\\/uploads\\\/2020\\\/04\\\/logo_KME_RGB_small_200px.png\",\"width\":272,\"height\":200,\"caption\":\"KME\"},\"image\":{\"@id\":\"https:\\\/\\\/kme.eu\\\/kme\\\/#\\\/schema\\\/logo\\\/image\\\/\"},\"sameAs\":[\"https:\\\/\\\/www.facebook.com\\\/KME.LPG\\\/\",\"https:\\\/\\\/www.instagram.com\\\/kme_lpg\\\/\"]}]}<\/script>\n<!-- \/ Yoast SEO plugin. -->","yoast_head_json":{"title":"Praca w KME - KME","robots":{"index":"index","follow":"follow","max-snippet":"max-snippet:-1","max-image-preview":"max-image-preview:large","max-video-preview":"max-video-preview:-1"},"canonical":"https:\/\/kme.eu\/kme\/o_nas\/praca-w-kme\/","og_locale":"pl_PL","og_type":"article","og_title":"Praca w KME - KME","og_description":"[vc_row row_content_width=&#8221;grid&#8221; row_btt_skin=&#8221;light&#8221; row_background_text_position=&#8221;front&#8221;][vc_column][vc_empty_space][vc_column_text] Kim jeste\u015bmy? [\/vc_column_text][vc_column_text el_class=&#8221;justowanie_tekst&#8221;]KME jako wiod\u0105cy producent system\u00f3w LPG i CNG, dzia\u0142a na rynku samochodowych instalacji gazowych od 1993 roku, dostarczaj\u0105c nowatorskie rozwi\u0105zania z dziedziny autogazu i zaawansowanej elektroniki samochodowej. Profil dzia\u0142alno\u015bci obejmuje projektowanie, produkcj\u0119 system\u00f3w [&hellip;]","og_url":"https:\/\/kme.eu\/kme\/o_nas\/praca-w-kme\/","og_site_name":"KME","article_publisher":"https:\/\/www.facebook.com\/KME.LPG\/","article_modified_time":"2026-03-18T09:55:42+00:00","twitter_card":"summary_large_image","twitter_misc":{"Szacowany czas czytania":"2 minuty"},"schema":{"@context":"https:\/\/schema.org","@graph":[{"@type":"WebPage","@id":"https:\/\/kme.eu\/kme\/o_nas\/praca-w-kme\/","url":"https:\/\/kme.eu\/kme\/o_nas\/praca-w-kme\/","name":"Praca w KME - KME","isPartOf":{"@id":"https:\/\/kme.eu\/kme\/#website"},"datePublished":"2020-09-01T07:53:50+00:00","dateModified":"2026-03-18T09:55:42+00:00","breadcrumb":{"@id":"https:\/\/kme.eu\/kme\/o_nas\/praca-w-kme\/#breadcrumb"},"inLanguage":"pl-PL","potentialAction":[{"@type":"ReadAction","target":["https:\/\/kme.eu\/kme\/o_nas\/praca-w-kme\/"]}]},{"@type":"BreadcrumbList","@id":"https:\/\/kme.eu\/kme\/o_nas\/praca-w-kme\/#breadcrumb","itemListElement":[{"@type":"ListItem","position":1,"name":"Strona g\u0142\u00f3wna","item":"https:\/\/kme.eu\/kme\/"},{"@type":"ListItem","position":2,"name":"O nas","item":"https:\/\/kme.eu\/kme\/o_nas\/"},{"@type":"ListItem","position":3,"name":"Praca w KME"}]},{"@type":"WebSite","@id":"https:\/\/kme.eu\/kme\/#website","url":"https:\/\/kme.eu\/kme\/","name":"KME","description":"Autogas Systems","publisher":{"@id":"https:\/\/kme.eu\/kme\/#organization"},"potentialAction":[{"@type":"SearchAction","target":{"@type":"EntryPoint","urlTemplate":"https:\/\/kme.eu\/kme\/?s={search_term_string}"},"query-input":{"@type":"PropertyValueSpecification","valueRequired":true,"valueName":"search_term_string"}}],"inLanguage":"pl-PL"},{"@type":"Organization","@id":"https:\/\/kme.eu\/kme\/#organization","name":"KME","url":"https:\/\/kme.eu\/kme\/","logo":{"@type":"ImageObject","inLanguage":"pl-PL","@id":"https:\/\/kme.eu\/kme\/#\/schema\/logo\/image\/","url":"https:\/\/kme.eu\/kme\/wp-content\/uploads\/2020\/04\/logo_KME_RGB_small_200px.png","contentUrl":"https:\/\/kme.eu\/kme\/wp-content\/uploads\/2020\/04\/logo_KME_RGB_small_200px.png","width":272,"height":200,"caption":"KME"},"image":{"@id":"https:\/\/kme.eu\/kme\/#\/schema\/logo\/image\/"},"sameAs":["https:\/\/www.facebook.com\/KME.LPG\/","https:\/\/www.instagram.com\/kme_lpg\/"]}]}},"_links":{"self":[{"href":"https:\/\/kme.eu\/kme\/wp-json\/wp\/v2\/pages\/9160","targetHints":{"allow":["GET"]}}],"collection":[{"href":"https:\/\/kme.eu\/kme\/wp-json\/wp\/v2\/pages"}],"about":[{"href":"https:\/\/kme.eu\/kme\/wp-json\/wp\/v2\/types\/page"}],"author":[{"embeddable":true,"href":"https:\/\/kme.eu\/kme\/wp-json\/wp\/v2\/users\/7"}],"replies":[{"embeddable":true,"href":"https:\/\/kme.eu\/kme\/wp-json\/wp\/v2\/comments?post=9160"}],"version-history":[{"count":0,"href":"https:\/\/kme.eu\/kme\/wp-json\/wp\/v2\/pages\/9160\/revisions"}],"up":[{"embeddable":true,"href":"https:\/\/kme.eu\/kme\/wp-json\/wp\/v2\/pages\/1458"}],"wp:attachment":[{"href":"https:\/\/kme.eu\/kme\/wp-json\/wp\/v2\/media?parent=9160"}],"curies":[{"name":"wp","href":"https:\/\/api.w.org\/{rel}","templated":true}]}}