{"id":9173,"date":"2020-09-01T09:54:12","date_gmt":"2020-09-01T07:54:12","guid":{"rendered":"https:\/\/kme.eu\/kme\/?page_id=9173"},"modified":"2020-09-01T09:54:12","modified_gmt":"2020-09-01T07:54:12","slug":"operator-linii-smt","status":"publish","type":"page","link":"https:\/\/kme.eu\/kme\/o_nas\/praca-w-kme\/operator-linii-smt\/","title":{"rendered":"Operator linii SMT"},"content":{"rendered":"<div class=\"wpb-content-wrapper\"><p>[vc_row row_content_width=&#8221;grid&#8221; row_btt_skin=&#8221;light&#8221; row_background_text_position=&#8221;front&#8221;][vc_column width=&#8221;2\/3&#8243;][vc_empty_space][vc_column_text]<\/p>\n<h2 style=\"text-align: left;\"><strong>Operator linii SMT<\/strong><\/h2>\n<h4 style=\"text-align: left;\">Zakres obowi\u0105zk\u00f3w:<\/h4>\n<ul>\n<li style=\"text-align: left;\">obs\u0142uga linii SMT;<\/li>\n<li style=\"text-align: left;\">wzrokowa i automatyczna kontrola (AOI) wyprodukowanych podzespo\u0142\u00f3w;<\/li>\n<li style=\"text-align: left;\">r\u0119czne lutowanie element\u00f3w elektronicznych SMD;<\/li>\n<li style=\"text-align: left;\">gotowo\u015b\u0107 do pracy dwuzmianowej.<\/li>\n<\/ul>\n<h4 style=\"text-align: left;\">Oczekujemy:<\/h4>\n<ul>\n<li style=\"text-align: left;\">wykszta\u0142cenia technicznego, najlepiej kierunkowego (elektronika, elektrotechnika);<\/li>\n<li style=\"text-align: left;\">praktycznej znajomo\u015b\u0107 komponent\u00f3w elektronicznych i technik lutowania;<\/li>\n<li style=\"text-align: left;\">wiedzy z zakresu technologii produkcji elektroniki;<\/li>\n<li style=\"text-align: left;\">dok\u0142adno\u015bci i umiej\u0119tno\u015bci samokontroli;<\/li>\n<li style=\"text-align: left;\">samodzielno\u015bci i zaanga\u017cowania;<\/li>\n<li style=\"text-align: left;\">do\u015bwiadczenia w zakresie obs\u0142ugi linii SMT;<\/li>\n<li style=\"text-align: left;\">dobrej znajomo\u015bci komputera.<\/li>\n<\/ul>\n<h4 style=\"text-align: left;\">Oferujemy:<\/h4>\n<ul>\n<li style=\"text-align: left;\">umow\u0119 o prac\u0119 po okresie pr\u00f3bnym;<\/li>\n<li style=\"text-align: left;\">dodatkowe \u015bwiadczenia: karty Multisport;<\/li>\n<li style=\"text-align: left;\">Stabilne zatrudnienie w oparciu o umow\u0119 o prac\u0119;<\/li>\n<li style=\"text-align: left;\">Mo\u017cliwo\u015b\u0107 zdobycia nowych do\u015bwiadcze\u0144 i umiej\u0119tno\u015bci.<\/li>\n<\/ul>\n<p>[\/vc_column_text][\/vc_column][vc_column width=&#8221;1\/3&#8243;][vc_empty_space][vc_single_image image=&#8221;7870&#8243; img_size=&#8221;500px&#8221; alignment=&#8221;center&#8221;][\/vc_column][\/vc_row][vc_row row_content_width=&#8221;grid&#8221; row_btt_skin=&#8221;light&#8221; row_background_text_position=&#8221;front&#8221;][vc_column][vc_empty_space][vc_column_text]<\/p>\n<p style=\"text-align: center;\">CV prosimy przesy\u0142a\u0107 na adres <a href=\"mailto:praca@kme.eu\">praca@kme.eu<\/a>, z dopiskiem:<\/p>\n<p style=\"text-align: center;\"><em>&#8222;Wyra\u017cam zgod\u0119 na przetwarzanie moich danych osobowych przez KME sp. z o.o. w celu prowadzenia rekrutacji na aplikowane przeze mnie stanowisko.&#8221;<\/em><\/p>\n<p>[\/vc_column_text][\/vc_column][\/vc_row]<\/p>\n<\/div>","protected":false},"excerpt":{"rendered":"<p>[vc_row row_content_width=&#8221;grid&#8221; row_btt_skin=&#8221;light&#8221; row_background_text_position=&#8221;front&#8221;][vc_column width=&#8221;2\/3&#8243;][vc_empty_space][vc_column_text] Operator linii SMT Zakres obowi\u0105zk\u00f3w: obs\u0142uga linii SMT; wzrokowa i automatyczna kontrola (AOI) wyprodukowanych podzespo\u0142\u00f3w; r\u0119czne lutowanie element\u00f3w elektronicznych SMD; gotowo\u015b\u0107 do pracy dwuzmianowej. Oczekujemy: wykszta\u0142cenia technicznego, najlepiej kierunkowego (elektronika, elektrotechnika); praktycznej znajomo\u015b\u0107 komponent\u00f3w elektronicznych [&hellip;]<\/p>\n","protected":false},"author":7,"featured_media":0,"parent":9160,"menu_order":0,"comment_status":"closed","ping_status":"closed","template":"","meta":{"footnotes":""},"class_list":["post-9173","page","type-page","status-publish","hentry"],"acf":[],"yoast_head":"<!-- This site is optimized with the Yoast SEO plugin v27.5 - https:\/\/yoast.com\/product\/yoast-seo-wordpress\/ -->\n<title>Operator linii SMT - KME<\/title>\n<meta name=\"robots\" content=\"index, follow, max-snippet:-1, max-image-preview:large, max-video-preview:-1\" \/>\n<link rel=\"canonical\" href=\"https:\/\/kme.eu\/kme\/o_nas\/praca-w-kme\/operator-linii-smt\/\" \/>\n<meta property=\"og:locale\" content=\"pl_PL\" \/>\n<meta property=\"og:type\" content=\"article\" \/>\n<meta property=\"og:title\" content=\"Operator linii SMT - KME\" \/>\n<meta property=\"og:description\" content=\"[vc_row row_content_width=&#8221;grid&#8221; row_btt_skin=&#8221;light&#8221; row_background_text_position=&#8221;front&#8221;][vc_column width=&#8221;2\/3&#8243;][vc_empty_space][vc_column_text] Operator linii SMT Zakres obowi\u0105zk\u00f3w: obs\u0142uga linii SMT; wzrokowa i automatyczna kontrola (AOI) wyprodukowanych podzespo\u0142\u00f3w; r\u0119czne lutowanie element\u00f3w elektronicznych SMD; gotowo\u015b\u0107 do pracy dwuzmianowej. Oczekujemy: wykszta\u0142cenia technicznego, najlepiej kierunkowego (elektronika, elektrotechnika); praktycznej znajomo\u015b\u0107 komponent\u00f3w elektronicznych [&hellip;]\" \/>\n<meta property=\"og:url\" content=\"https:\/\/kme.eu\/kme\/o_nas\/praca-w-kme\/operator-linii-smt\/\" \/>\n<meta property=\"og:site_name\" content=\"KME\" \/>\n<meta property=\"article:publisher\" content=\"https:\/\/www.facebook.com\/KME.LPG\/\" \/>\n<meta name=\"twitter:card\" content=\"summary_large_image\" \/>\n<meta name=\"twitter:label1\" content=\"Szacowany czas czytania\" \/>\n\t<meta name=\"twitter:data1\" content=\"1 minuta\" \/>\n<script type=\"application\/ld+json\" class=\"yoast-schema-graph\">{\"@context\":\"https:\\\/\\\/schema.org\",\"@graph\":[{\"@type\":\"WebPage\",\"@id\":\"https:\\\/\\\/kme.eu\\\/kme\\\/o_nas\\\/praca-w-kme\\\/operator-linii-smt\\\/\",\"url\":\"https:\\\/\\\/kme.eu\\\/kme\\\/o_nas\\\/praca-w-kme\\\/operator-linii-smt\\\/\",\"name\":\"Operator linii SMT - KME\",\"isPartOf\":{\"@id\":\"https:\\\/\\\/kme.eu\\\/kme\\\/#website\"},\"datePublished\":\"2020-09-01T07:54:12+00:00\",\"breadcrumb\":{\"@id\":\"https:\\\/\\\/kme.eu\\\/kme\\\/o_nas\\\/praca-w-kme\\\/operator-linii-smt\\\/#breadcrumb\"},\"inLanguage\":\"pl-PL\",\"potentialAction\":[{\"@type\":\"ReadAction\",\"target\":[\"https:\\\/\\\/kme.eu\\\/kme\\\/o_nas\\\/praca-w-kme\\\/operator-linii-smt\\\/\"]}]},{\"@type\":\"BreadcrumbList\",\"@id\":\"https:\\\/\\\/kme.eu\\\/kme\\\/o_nas\\\/praca-w-kme\\\/operator-linii-smt\\\/#breadcrumb\",\"itemListElement\":[{\"@type\":\"ListItem\",\"position\":1,\"name\":\"Strona g\u0142\u00f3wna\",\"item\":\"https:\\\/\\\/kme.eu\\\/kme\\\/\"},{\"@type\":\"ListItem\",\"position\":2,\"name\":\"O nas\",\"item\":\"https:\\\/\\\/kme.eu\\\/kme\\\/o_nas\\\/\"},{\"@type\":\"ListItem\",\"position\":3,\"name\":\"Praca w KME\",\"item\":\"https:\\\/\\\/kme.eu\\\/kme\\\/o_nas\\\/praca-w-kme\\\/\"},{\"@type\":\"ListItem\",\"position\":4,\"name\":\"Operator linii SMT\"}]},{\"@type\":\"WebSite\",\"@id\":\"https:\\\/\\\/kme.eu\\\/kme\\\/#website\",\"url\":\"https:\\\/\\\/kme.eu\\\/kme\\\/\",\"name\":\"KME\",\"description\":\"Autogas Systems\",\"publisher\":{\"@id\":\"https:\\\/\\\/kme.eu\\\/kme\\\/#organization\"},\"potentialAction\":[{\"@type\":\"SearchAction\",\"target\":{\"@type\":\"EntryPoint\",\"urlTemplate\":\"https:\\\/\\\/kme.eu\\\/kme\\\/?s={search_term_string}\"},\"query-input\":{\"@type\":\"PropertyValueSpecification\",\"valueRequired\":true,\"valueName\":\"search_term_string\"}}],\"inLanguage\":\"pl-PL\"},{\"@type\":\"Organization\",\"@id\":\"https:\\\/\\\/kme.eu\\\/kme\\\/#organization\",\"name\":\"KME\",\"url\":\"https:\\\/\\\/kme.eu\\\/kme\\\/\",\"logo\":{\"@type\":\"ImageObject\",\"inLanguage\":\"pl-PL\",\"@id\":\"https:\\\/\\\/kme.eu\\\/kme\\\/#\\\/schema\\\/logo\\\/image\\\/\",\"url\":\"https:\\\/\\\/kme.eu\\\/kme\\\/wp-content\\\/uploads\\\/2020\\\/04\\\/logo_KME_RGB_small_200px.png\",\"contentUrl\":\"https:\\\/\\\/kme.eu\\\/kme\\\/wp-content\\\/uploads\\\/2020\\\/04\\\/logo_KME_RGB_small_200px.png\",\"width\":272,\"height\":200,\"caption\":\"KME\"},\"image\":{\"@id\":\"https:\\\/\\\/kme.eu\\\/kme\\\/#\\\/schema\\\/logo\\\/image\\\/\"},\"sameAs\":[\"https:\\\/\\\/www.facebook.com\\\/KME.LPG\\\/\",\"https:\\\/\\\/www.instagram.com\\\/kme_lpg\\\/\"]}]}<\/script>\n<!-- \/ Yoast SEO plugin. -->","yoast_head_json":{"title":"Operator linii SMT - KME","robots":{"index":"index","follow":"follow","max-snippet":"max-snippet:-1","max-image-preview":"max-image-preview:large","max-video-preview":"max-video-preview:-1"},"canonical":"https:\/\/kme.eu\/kme\/o_nas\/praca-w-kme\/operator-linii-smt\/","og_locale":"pl_PL","og_type":"article","og_title":"Operator linii SMT - KME","og_description":"[vc_row row_content_width=&#8221;grid&#8221; row_btt_skin=&#8221;light&#8221; row_background_text_position=&#8221;front&#8221;][vc_column width=&#8221;2\/3&#8243;][vc_empty_space][vc_column_text] Operator linii SMT Zakres obowi\u0105zk\u00f3w: obs\u0142uga linii SMT; wzrokowa i automatyczna kontrola (AOI) wyprodukowanych podzespo\u0142\u00f3w; r\u0119czne lutowanie element\u00f3w elektronicznych SMD; gotowo\u015b\u0107 do pracy dwuzmianowej. Oczekujemy: wykszta\u0142cenia technicznego, najlepiej kierunkowego (elektronika, elektrotechnika); praktycznej znajomo\u015b\u0107 komponent\u00f3w elektronicznych [&hellip;]","og_url":"https:\/\/kme.eu\/kme\/o_nas\/praca-w-kme\/operator-linii-smt\/","og_site_name":"KME","article_publisher":"https:\/\/www.facebook.com\/KME.LPG\/","twitter_card":"summary_large_image","twitter_misc":{"Szacowany czas czytania":"1 minuta"},"schema":{"@context":"https:\/\/schema.org","@graph":[{"@type":"WebPage","@id":"https:\/\/kme.eu\/kme\/o_nas\/praca-w-kme\/operator-linii-smt\/","url":"https:\/\/kme.eu\/kme\/o_nas\/praca-w-kme\/operator-linii-smt\/","name":"Operator linii SMT - KME","isPartOf":{"@id":"https:\/\/kme.eu\/kme\/#website"},"datePublished":"2020-09-01T07:54:12+00:00","breadcrumb":{"@id":"https:\/\/kme.eu\/kme\/o_nas\/praca-w-kme\/operator-linii-smt\/#breadcrumb"},"inLanguage":"pl-PL","potentialAction":[{"@type":"ReadAction","target":["https:\/\/kme.eu\/kme\/o_nas\/praca-w-kme\/operator-linii-smt\/"]}]},{"@type":"BreadcrumbList","@id":"https:\/\/kme.eu\/kme\/o_nas\/praca-w-kme\/operator-linii-smt\/#breadcrumb","itemListElement":[{"@type":"ListItem","position":1,"name":"Strona g\u0142\u00f3wna","item":"https:\/\/kme.eu\/kme\/"},{"@type":"ListItem","position":2,"name":"O nas","item":"https:\/\/kme.eu\/kme\/o_nas\/"},{"@type":"ListItem","position":3,"name":"Praca w KME","item":"https:\/\/kme.eu\/kme\/o_nas\/praca-w-kme\/"},{"@type":"ListItem","position":4,"name":"Operator linii SMT"}]},{"@type":"WebSite","@id":"https:\/\/kme.eu\/kme\/#website","url":"https:\/\/kme.eu\/kme\/","name":"KME","description":"Autogas Systems","publisher":{"@id":"https:\/\/kme.eu\/kme\/#organization"},"potentialAction":[{"@type":"SearchAction","target":{"@type":"EntryPoint","urlTemplate":"https:\/\/kme.eu\/kme\/?s={search_term_string}"},"query-input":{"@type":"PropertyValueSpecification","valueRequired":true,"valueName":"search_term_string"}}],"inLanguage":"pl-PL"},{"@type":"Organization","@id":"https:\/\/kme.eu\/kme\/#organization","name":"KME","url":"https:\/\/kme.eu\/kme\/","logo":{"@type":"ImageObject","inLanguage":"pl-PL","@id":"https:\/\/kme.eu\/kme\/#\/schema\/logo\/image\/","url":"https:\/\/kme.eu\/kme\/wp-content\/uploads\/2020\/04\/logo_KME_RGB_small_200px.png","contentUrl":"https:\/\/kme.eu\/kme\/wp-content\/uploads\/2020\/04\/logo_KME_RGB_small_200px.png","width":272,"height":200,"caption":"KME"},"image":{"@id":"https:\/\/kme.eu\/kme\/#\/schema\/logo\/image\/"},"sameAs":["https:\/\/www.facebook.com\/KME.LPG\/","https:\/\/www.instagram.com\/kme_lpg\/"]}]}},"_links":{"self":[{"href":"https:\/\/kme.eu\/kme\/wp-json\/wp\/v2\/pages\/9173","targetHints":{"allow":["GET"]}}],"collection":[{"href":"https:\/\/kme.eu\/kme\/wp-json\/wp\/v2\/pages"}],"about":[{"href":"https:\/\/kme.eu\/kme\/wp-json\/wp\/v2\/types\/page"}],"author":[{"embeddable":true,"href":"https:\/\/kme.eu\/kme\/wp-json\/wp\/v2\/users\/7"}],"replies":[{"embeddable":true,"href":"https:\/\/kme.eu\/kme\/wp-json\/wp\/v2\/comments?post=9173"}],"version-history":[{"count":0,"href":"https:\/\/kme.eu\/kme\/wp-json\/wp\/v2\/pages\/9173\/revisions"}],"up":[{"embeddable":true,"href":"https:\/\/kme.eu\/kme\/wp-json\/wp\/v2\/pages\/9160"}],"wp:attachment":[{"href":"https:\/\/kme.eu\/kme\/wp-json\/wp\/v2\/media?parent=9173"}],"curies":[{"name":"wp","href":"https:\/\/api.w.org\/{rel}","templated":true}]}}