{"id":9563,"date":"2020-09-23T09:00:18","date_gmt":"2020-09-23T07:00:18","guid":{"rendered":"https:\/\/kme.eu\/kme\/?page_id=9563"},"modified":"2026-03-18T15:33:24","modified_gmt":"2026-03-18T14:33:24","slug":"e-homologacja","status":"publish","type":"page","link":"https:\/\/kme.eu\/kme\/narzedzia-warsztatu\/e-homologacja\/","title":{"rendered":"E-homologacja"},"content":{"rendered":"<div class=\"wpb-content-wrapper\"><p>[vc_row row_btt_skin=&#8221;light&#8221; row_background_text_position=&#8221;front&#8221;][vc_column][vc_empty_space][\/vc_column][\/vc_row][vc_row row_content_width=&#8221;grid&#8221; row_btt_skin=&#8221;light&#8221; row_background_text_position=&#8221;front&#8221; row_skin=&#8221;dark&#8221; css=&#8221;.vc_custom_1594810882617{padding-top: 40px !important;padding-bottom: 50px !important;}&#8221;][vc_column offset=&#8221;vc_col-lg-offset-0 vc_col-lg-12 vc_col-md-offset-0 vc_col-md-12 vc_col-sm-offset-0&#8243;]<div class=\"mkdf-elements-holder   mkdf-one-column  mkdf-responsive-mode-768 \" ><div class=\"mkdf-eh-item    \"  data-item-class=\"mkdf-eh-custom-7118\">\n\t<div class=\"mkdf-eh-item-inner\">\n\t\t<div class=\"mkdf-eh-item-content mkdf-eh-custom-7118\" >\n\t\t\t[vc_column_text]<\/p>\n<h4 style=\"text-align: center;\"><strong><em>LEGALIZACJA ANALIZATORA SPALIN \u2013 NOWY ADRES SKRZYNKI MAILOWEJ!<\/em><\/strong><\/h4>\n<p id=\"tw-target-text\" class=\"tw-data-text tw-text-large XcVN5d tw-ta\" dir=\"ltr\" style=\"text-align: center;\" data-placeholder=\"T\u0142umaczenie\"><em>Utworzyli\u015bmy dla Pa\u0144stwa adres skrzynki mailowej, na kt\u00f3r\u0105 nale\u017cy wysy\u0142a\u0107 skany Ponownej Legalizacji Analizatora Spalin.<br \/>\n<\/em><em>Od dn. 20.07.2020 zapraszamy do wysy\u0142ania wiadomo\u015bci e-mail ze skanem legalizacji na adres mailowy:<\/em><\/p>\n<p>[\/vc_column_text]<div class=\"mkdf-iwt clearfix  mkdf-iwt-icon-top-centered  mkdf-iwt-icon-medium\" >\n\t<div class=\"mkdf-iwt-icon\">\n\t\t\t\t\t<a itemprop=\"url\" href=\"mailto:legalizacja@kme.eu\" target=\"_self\">\n\t\t\t\t\t\t\t\t\t    <span class=\"mkdf-icon-shortcode mkdf-normal   mkdf-icon-medium\"  >\n                    <i class=\"mkdf-icon-dripicons dripicon dripicons-mail mkdf-icon-element\" style=\"\" ><\/i>            <\/span>\n\t\t\t\t\t\t\t\t<\/a>\n\t\t\t<\/div>\n\t<div class=\"mkdf-iwt-content\" style=\"padding-top: px\">\n        \t\t\t\t\t<h4 class=\"mkdf-iwt-title\" >\n\t\t\t\t\t\t\t\t\t<a itemprop=\"url\" href=\"mailto:legalizacja@kme.eu\" target=\"_self\">\n\t\t\t\t\t\t\t\t<span class=\"mkdf-iwt-title-text\">legalizacja@kme.eu<\/span>\n\t\t\t\t\t\t\t\t\t<\/a>\n\t\t\t\t\t\t\t<\/h4>\n\t\t\t\t\t<\/div>\n<\/div>\t\t<\/div>\n\t<\/div>\n<\/div><\/div>[\/vc_column][\/vc_row][vc_row row_content_width=&#8221;grid&#8221; row_btt_skin=&#8221;light&#8221; enable_bg_pattern=&#8221;yes&#8221; row_background_text_position=&#8221;front&#8221; row_skin=&#8221;dark&#8221; css=&#8221;.vc_custom_1556014711710{padding-top: 40px !important;padding-bottom: 50px !important;}&#8221;][vc_column offset=&#8221;vc_col-lg-offset-0 vc_col-lg-12 vc_col-md-offset-0 vc_col-md-12 vc_col-sm-offset-0&#8243;]<div class=\"mkdf-elements-holder   mkdf-two-columns  mkdf-responsive-mode-1024 \" ><div class=\"mkdf-eh-item    \"  data-item-class=\"mkdf-eh-custom-1590\">\n\t<div class=\"mkdf-eh-item-inner\">\n\t\t<div class=\"mkdf-eh-item-content mkdf-eh-custom-1590\" >\n\t\t\t[vc_raw_html css=&#8221;&#8221;]JTNDZGl2JTIwc3R5bGUlM0QlMjJwYWRkaW5nJTNBJTIwMCUyMDUlMjUlMjAwJTIwNSUyNSUyMiUzRSUwQSUzQ2lmcmFtZSUyMHdpZHRoJTNEJTIyNTYwJTIyJTIwaGVpZ2h0JTNEJTIyMzE1JTIyJTIwc3JjJTNEJTIyaHR0cHMlM0ElMkYlMkZ3d3cueW91dHViZS5jb20lMkZlbWJlZCUyRm5WR09UQkpZTG84JTNGc2klM0RCZDg3TlBjeFFuWmJnOUdUJTIyJTIwdGl0bGUlM0QlMjJZb3VUdWJlJTIwdmlkZW8lMjBwbGF5ZXIlMjIlMjBmcmFtZWJvcmRlciUzRCUyMjAlMjIlMjBhbGxvdyUzRCUyMmFjY2VsZXJvbWV0ZXIlM0IlMjBhdXRvcGxheSUzQiUyMGNsaXBib2FyZC13cml0ZSUzQiUyMGVuY3J5cHRlZC1tZWRpYSUzQiUyMGd5cm9zY29wZSUzQiUyMHBpY3R1cmUtaW4tcGljdHVyZSUzQiUyMHdlYi1zaGFyZSUyMiUyMHJlZmVycmVycG9saWN5JTNEJTIyc3RyaWN0LW9yaWdpbi13aGVuLWNyb3NzLW9yaWdpbiUyMiUyMGFsbG93ZnVsbHNjcmVlbiUzRSUzQyUyRmlmcmFtZSUzRSUwQSUzQyUyRmRpdiUzRQ==[\/vc_raw_html]\t\t<\/div>\n\t<\/div>\n<\/div><div class=\"mkdf-eh-item mkdf-section   \"  data-item-class=\"mkdf-eh-custom-4960\" data-1367-1600=\"0px 0px 0 0px\" data-1025-1366=\"0px 0px 0 0px\" data-769-1024=\"0px 0px 0 0px\" data-681-768=\"0px 0px 0 0px\" data-680=\"0px 0px 0 0px\">\n\t<div class=\"mkdf-eh-item-inner\">\n\t\t<div class=\"mkdf-eh-item-content mkdf-eh-custom-4960\" style=\"padding: 0 0 0 0\">\n\t\t\t[vc_column_text css=&#8221;.vc_custom_1739545548941{border-right-width: 20px !important;border-left-width: 20px !important;}&#8221;]<\/p>\n<div class=\"mkdf-eh-item \" data-item-class=\"mkdf-eh-custom-2193\">\n<div class=\"mkdf-eh-item-inner\">\n<div class=\"mkdf-eh-item-content mkdf-eh-custom-2193\">\n<div class=\"wpb_raw_code wpb_content_element wpb_raw_html\">\n<div class=\"wpb_wrapper\">\n<div>\n<div class=\"fluidvids\">\n<p><strong>E- homologacje<\/strong>, to portal umo\u017cliwiaj\u0105cy w \u0142atwy spos\u00f3b wype\u0142ni\u0107 dane dotycz\u0105ce monta\u017cu instalacji gazowej aby otrzyma\u0107 dokumenty homologacyjne.<\/p>\n<\/div>\n<div class=\"fluidvids\">Zach\u0119camy do obejrzenia <a href=\"https:\/\/www.youtube.com\/watch?v=nVGOTBJYLo8\" target=\"_blank\" rel=\"noopener noreferrer\">instrukta\u017cowego filmu<\/a>.<\/div>\n<\/div>\n<\/div>\n<\/div>\n<\/div>\n<\/div>\n<\/div>\n<div id=\"tw-target-rmn-container\" class=\"tw-ta-container hide-focus-ring tw-nfl\">\n<pre id=\"tw-target-rmn\" class=\"tw-data-placeholder tw-text-small tw-ta\" dir=\"ltr\" data-placeholder=\"\"><\/pre>\n<\/div>\n<p>[\/vc_column_text][vc_empty_space]<a itemprop=\"url\" href=\"https:\/\/homologacje.kme.eu\/\" target=\"_blank\"  class=\"mkdf-btn mkdf-btn-medium mkdf-btn-solid\"  >\n    <span class=\"mkdf-btn-text\">Przejd\u017a do portalu<\/span>\n    <\/a>\t\t<\/div>\n\t<\/div>\n<\/div><\/div>[\/vc_column][\/vc_row][vc_row row_btt_skin=&#8221;light&#8221; row_background_text_position=&#8221;front&#8221;][vc_column][vc_empty_space][\/vc_column][\/vc_row][vc_row row_btt_skin=&#8221;light&#8221; row_background_text_position=&#8221;front&#8221;][vc_column][vc_raw_js]JTNDc2NyaXB0JTNFJTBBalF1ZXJ5JTI4JTIwd2luZG93JTIwJTI5LmxvYWQlMjhmdW5jdGlvbiUyOCUyOSUyMCU3QiUwQSUyMCUyMHZhciUyMHBhcmVudCUyMCUzRCUyMCUyNCUyOCUyMiUyM3NodWZmbGUlMjIlMjkuY2hpbGRyZW4lMjglMjkuY2hpbGRyZW4lMjglMjkuY2hpbGRyZW4lMjglMjkuY2hpbGRyZW4lMjglMjkuY2hpbGRyZW4lMjglMjkuY2hpbGRyZW4lMjglMjkuY2hpbGRyZW4lMjglMjkuY2hpbGRyZW4lMjglMjklM0IlMEElMjAlMjB2YXIlMjBkaXZzJTIwJTNEJTIwcGFyZW50LmNoaWxkcmVuJTI4JTI5JTNCJTBBJTIwJTIwd2hpbGUlMjAlMjhkaXZzLmxlbmd0aCUyOSUyMCU3QiUwQSUyMCUyMCUyMCUyMCUyMCUyMCUyMCUyMHBhcmVudC5hcHBlbmQlMjhkaXZzLnNwbGljZSUyOE1hdGguZmxvb3IlMjhNYXRoLnJhbmRvbSUyOCUyOSUyMCUyQSUyMGRpdnMubGVuZ3RoJTI5JTJDJTIwMSUyOSU1QjAlNUQlMjklM0IlMEElMjAlMjAlN0QlMEElN0QlMjklM0IlMEElM0MlMkZzY3JpcHQlM0U=[\/vc_raw_js][\/vc_column][\/vc_row]<\/p>\n<\/div>","protected":false},"excerpt":{"rendered":"<p>[vc_row row_btt_skin=&#8221;light&#8221; row_background_text_position=&#8221;front&#8221;][vc_column][vc_empty_space][\/vc_column][\/vc_row][vc_row row_content_width=&#8221;grid&#8221; row_btt_skin=&#8221;light&#8221; row_background_text_position=&#8221;front&#8221; row_skin=&#8221;dark&#8221; css=&#8221;.vc_custom_1594810882617{padding-top: 40px !important;padding-bottom: 50px !important;}&#8221;][vc_column offset=&#8221;vc_col-lg-offset-0 vc_col-lg-12 vc_col-md-offset-0 vc_col-md-12 vc_col-sm-offset-0&#8243;][\/vc_column][\/vc_row][vc_row row_content_width=&#8221;grid&#8221; row_btt_skin=&#8221;light&#8221; enable_bg_pattern=&#8221;yes&#8221; row_background_text_position=&#8221;front&#8221; row_skin=&#8221;dark&#8221; css=&#8221;.vc_custom_1556014711710{padding-top: 40px !important;padding-bottom: 50px !important;}&#8221;][vc_column offset=&#8221;vc_col-lg-offset-0 vc_col-lg-12 vc_col-md-offset-0 vc_col-md-12 vc_col-sm-offset-0&#8243;][\/vc_column][\/vc_row][vc_row row_btt_skin=&#8221;light&#8221; row_background_text_position=&#8221;front&#8221;][vc_column][vc_empty_space][\/vc_column][\/vc_row][vc_row row_btt_skin=&#8221;light&#8221; row_background_text_position=&#8221;front&#8221;][vc_column][vc_raw_js]JTNDc2NyaXB0JTNFJTBBalF1ZXJ5JTI4JTIwd2luZG93JTIwJTI5LmxvYWQlMjhmdW5jdGlvbiUyOCUyOSUyMCU3QiUwQSUyMCUyMHZhciUyMHBhcmVudCUyMCUzRCUyMCUyNCUyOCUyMiUyM3NodWZmbGUlMjIlMjkuY2hpbGRyZW4lMjglMjkuY2hpbGRyZW4lMjglMjkuY2hpbGRyZW4lMjglMjkuY2hpbGRyZW4lMjglMjkuY2hpbGRyZW4lMjglMjkuY2hpbGRyZW4lMjglMjkuY2hpbGRyZW4lMjglMjkuY2hpbGRyZW4lMjglMjklM0IlMEElMjAlMjB2YXIlMjBkaXZzJTIwJTNEJTIwcGFyZW50LmNoaWxkcmVuJTI4JTI5JTNCJTBBJTIwJTIwd2hpbGUlMjAlMjhkaXZzLmxlbmd0aCUyOSUyMCU3QiUwQSUyMCUyMCUyMCUyMCUyMCUyMCUyMCUyMHBhcmVudC5hcHBlbmQlMjhkaXZzLnNwbGljZSUyOE1hdGguZmxvb3IlMjhNYXRoLnJhbmRvbSUyOCUyOSUyMCUyQSUyMGRpdnMubGVuZ3RoJTI5JTJDJTIwMSUyOSU1QjAlNUQlMjklM0IlMEElMjAlMjAlN0QlMEElN0QlMjklM0IlMEElM0MlMkZzY3JpcHQlM0U=[\/vc_raw_js][\/vc_column][\/vc_row]<\/p>\n","protected":false},"author":7,"featured_media":0,"parent":10850,"menu_order":0,"comment_status":"closed","ping_status":"closed","template":"full-width.php","meta":{"footnotes":""},"class_list":["post-9563","page","type-page","status-publish","hentry"],"acf":[],"yoast_head":"<!-- This site is optimized with the Yoast SEO plugin v27.6 - https:\/\/yoast.com\/product\/yoast-seo-wordpress\/ -->\n<title>E-homologacja - KME<\/title>\n<meta name=\"robots\" content=\"index, follow, max-snippet:-1, max-image-preview:large, max-video-preview:-1\" \/>\n<link rel=\"canonical\" href=\"https:\/\/kme.eu\/kme\/narzedzia-warsztatu\/e-homologacja\/\" \/>\n<meta property=\"og:locale\" content=\"pl_PL\" \/>\n<meta property=\"og:type\" content=\"article\" \/>\n<meta property=\"og:title\" content=\"E-homologacja - KME\" \/>\n<meta property=\"og:description\" content=\"[vc_row row_btt_skin=&#8221;light&#8221; row_background_text_position=&#8221;front&#8221;][vc_column][vc_empty_space][\/vc_column][\/vc_row][vc_row row_content_width=&#8221;grid&#8221; row_btt_skin=&#8221;light&#8221; row_background_text_position=&#8221;front&#8221; row_skin=&#8221;dark&#8221; css=&#8221;.vc_custom_1594810882617{padding-top: 40px !important;padding-bottom: 50px !important;}&#8221;][vc_column offset=&#8221;vc_col-lg-offset-0 vc_col-lg-12 vc_col-md-offset-0 vc_col-md-12 vc_col-sm-offset-0&#8243;][\/vc_column][\/vc_row][vc_row row_content_width=&#8221;grid&#8221; row_btt_skin=&#8221;light&#8221; enable_bg_pattern=&#8221;yes&#8221; row_background_text_position=&#8221;front&#8221; row_skin=&#8221;dark&#8221; css=&#8221;.vc_custom_1556014711710{padding-top: 40px !important;padding-bottom: 50px !important;}&#8221;][vc_column offset=&#8221;vc_col-lg-offset-0 vc_col-lg-12 vc_col-md-offset-0 vc_col-md-12 vc_col-sm-offset-0&#8243;][\/vc_column][\/vc_row][vc_row row_btt_skin=&#8221;light&#8221; row_background_text_position=&#8221;front&#8221;][vc_column][vc_empty_space][\/vc_column][\/vc_row][vc_row row_btt_skin=&#8221;light&#8221; row_background_text_position=&#8221;front&#8221;][vc_column][vc_raw_js]JTNDc2NyaXB0JTNFJTBBalF1ZXJ5JTI4JTIwd2luZG93JTIwJTI5LmxvYWQlMjhmdW5jdGlvbiUyOCUyOSUyMCU3QiUwQSUyMCUyMHZhciUyMHBhcmVudCUyMCUzRCUyMCUyNCUyOCUyMiUyM3NodWZmbGUlMjIlMjkuY2hpbGRyZW4lMjglMjkuY2hpbGRyZW4lMjglMjkuY2hpbGRyZW4lMjglMjkuY2hpbGRyZW4lMjglMjkuY2hpbGRyZW4lMjglMjkuY2hpbGRyZW4lMjglMjkuY2hpbGRyZW4lMjglMjkuY2hpbGRyZW4lMjglMjklM0IlMEElMjAlMjB2YXIlMjBkaXZzJTIwJTNEJTIwcGFyZW50LmNoaWxkcmVuJTI4JTI5JTNCJTBBJTIwJTIwd2hpbGUlMjAlMjhkaXZzLmxlbmd0aCUyOSUyMCU3QiUwQSUyMCUyMCUyMCUyMCUyMCUyMCUyMCUyMHBhcmVudC5hcHBlbmQlMjhkaXZzLnNwbGljZSUyOE1hdGguZmxvb3IlMjhNYXRoLnJhbmRvbSUyOCUyOSUyMCUyQSUyMGRpdnMubGVuZ3RoJTI5JTJDJTIwMSUyOSU1QjAlNUQlMjklM0IlMEElMjAlMjAlN0QlMEElN0QlMjklM0IlMEElM0MlMkZzY3JpcHQlM0U=[\/vc_raw_js][\/vc_column][\/vc_row]\" \/>\n<meta property=\"og:url\" content=\"https:\/\/kme.eu\/kme\/narzedzia-warsztatu\/e-homologacja\/\" \/>\n<meta property=\"og:site_name\" content=\"KME\" \/>\n<meta property=\"article:publisher\" content=\"https:\/\/www.facebook.com\/KME.LPG\/\" \/>\n<meta property=\"article:modified_time\" content=\"2026-03-18T14:33:24+00:00\" \/>\n<meta name=\"twitter:card\" content=\"summary_large_image\" \/>\n<meta name=\"twitter:label1\" content=\"Szacowany czas czytania\" \/>\n\t<meta name=\"twitter:data1\" content=\"1 minuta\" \/>\n<script type=\"application\/ld+json\" class=\"yoast-schema-graph\">{\"@context\":\"https:\\\/\\\/schema.org\",\"@graph\":[{\"@type\":\"WebPage\",\"@id\":\"https:\\\/\\\/kme.eu\\\/kme\\\/narzedzia-warsztatu\\\/e-homologacja\\\/\",\"url\":\"https:\\\/\\\/kme.eu\\\/kme\\\/narzedzia-warsztatu\\\/e-homologacja\\\/\",\"name\":\"E-homologacja - KME\",\"isPartOf\":{\"@id\":\"https:\\\/\\\/kme.eu\\\/kme\\\/#website\"},\"datePublished\":\"2020-09-23T07:00:18+00:00\",\"dateModified\":\"2026-03-18T14:33:24+00:00\",\"breadcrumb\":{\"@id\":\"https:\\\/\\\/kme.eu\\\/kme\\\/narzedzia-warsztatu\\\/e-homologacja\\\/#breadcrumb\"},\"inLanguage\":\"pl-PL\",\"potentialAction\":[{\"@type\":\"ReadAction\",\"target\":[\"https:\\\/\\\/kme.eu\\\/kme\\\/narzedzia-warsztatu\\\/e-homologacja\\\/\"]}]},{\"@type\":\"BreadcrumbList\",\"@id\":\"https:\\\/\\\/kme.eu\\\/kme\\\/narzedzia-warsztatu\\\/e-homologacja\\\/#breadcrumb\",\"itemListElement\":[{\"@type\":\"ListItem\",\"position\":1,\"name\":\"Strona g\u0142\u00f3wna\",\"item\":\"https:\\\/\\\/kme.eu\\\/kme\\\/\"},{\"@type\":\"ListItem\",\"position\":2,\"name\":\"Narz\u0119dzia warsztatu\",\"item\":\"https:\\\/\\\/kme.eu\\\/kme\\\/narzedzia-warsztatu\\\/\"},{\"@type\":\"ListItem\",\"position\":3,\"name\":\"E-homologacja\"}]},{\"@type\":\"WebSite\",\"@id\":\"https:\\\/\\\/kme.eu\\\/kme\\\/#website\",\"url\":\"https:\\\/\\\/kme.eu\\\/kme\\\/\",\"name\":\"KME\",\"description\":\"Autogas Systems\",\"publisher\":{\"@id\":\"https:\\\/\\\/kme.eu\\\/kme\\\/#organization\"},\"potentialAction\":[{\"@type\":\"SearchAction\",\"target\":{\"@type\":\"EntryPoint\",\"urlTemplate\":\"https:\\\/\\\/kme.eu\\\/kme\\\/?s={search_term_string}\"},\"query-input\":{\"@type\":\"PropertyValueSpecification\",\"valueRequired\":true,\"valueName\":\"search_term_string\"}}],\"inLanguage\":\"pl-PL\"},{\"@type\":\"Organization\",\"@id\":\"https:\\\/\\\/kme.eu\\\/kme\\\/#organization\",\"name\":\"KME\",\"url\":\"https:\\\/\\\/kme.eu\\\/kme\\\/\",\"logo\":{\"@type\":\"ImageObject\",\"inLanguage\":\"pl-PL\",\"@id\":\"https:\\\/\\\/kme.eu\\\/kme\\\/#\\\/schema\\\/logo\\\/image\\\/\",\"url\":\"https:\\\/\\\/kme.eu\\\/kme\\\/wp-content\\\/uploads\\\/2020\\\/04\\\/logo_KME_RGB_small_200px.png\",\"contentUrl\":\"https:\\\/\\\/kme.eu\\\/kme\\\/wp-content\\\/uploads\\\/2020\\\/04\\\/logo_KME_RGB_small_200px.png\",\"width\":272,\"height\":200,\"caption\":\"KME\"},\"image\":{\"@id\":\"https:\\\/\\\/kme.eu\\\/kme\\\/#\\\/schema\\\/logo\\\/image\\\/\"},\"sameAs\":[\"https:\\\/\\\/www.facebook.com\\\/KME.LPG\\\/\",\"https:\\\/\\\/www.instagram.com\\\/kme_lpg\\\/\"]}]}<\/script>\n<!-- \/ Yoast SEO plugin. -->","yoast_head_json":{"title":"E-homologacja - KME","robots":{"index":"index","follow":"follow","max-snippet":"max-snippet:-1","max-image-preview":"max-image-preview:large","max-video-preview":"max-video-preview:-1"},"canonical":"https:\/\/kme.eu\/kme\/narzedzia-warsztatu\/e-homologacja\/","og_locale":"pl_PL","og_type":"article","og_title":"E-homologacja - KME","og_description":"[vc_row row_btt_skin=&#8221;light&#8221; row_background_text_position=&#8221;front&#8221;][vc_column][vc_empty_space][\/vc_column][\/vc_row][vc_row row_content_width=&#8221;grid&#8221; row_btt_skin=&#8221;light&#8221; row_background_text_position=&#8221;front&#8221; row_skin=&#8221;dark&#8221; css=&#8221;.vc_custom_1594810882617{padding-top: 40px !important;padding-bottom: 50px !important;}&#8221;][vc_column offset=&#8221;vc_col-lg-offset-0 vc_col-lg-12 vc_col-md-offset-0 vc_col-md-12 vc_col-sm-offset-0&#8243;][\/vc_column][\/vc_row][vc_row row_content_width=&#8221;grid&#8221; row_btt_skin=&#8221;light&#8221; enable_bg_pattern=&#8221;yes&#8221; row_background_text_position=&#8221;front&#8221; row_skin=&#8221;dark&#8221; css=&#8221;.vc_custom_1556014711710{padding-top: 40px !important;padding-bottom: 50px !important;}&#8221;][vc_column offset=&#8221;vc_col-lg-offset-0 vc_col-lg-12 vc_col-md-offset-0 vc_col-md-12 vc_col-sm-offset-0&#8243;][\/vc_column][\/vc_row][vc_row row_btt_skin=&#8221;light&#8221; row_background_text_position=&#8221;front&#8221;][vc_column][vc_empty_space][\/vc_column][\/vc_row][vc_row row_btt_skin=&#8221;light&#8221; row_background_text_position=&#8221;front&#8221;][vc_column][vc_raw_js]JTNDc2NyaXB0JTNFJTBBalF1ZXJ5JTI4JTIwd2luZG93JTIwJTI5LmxvYWQlMjhmdW5jdGlvbiUyOCUyOSUyMCU3QiUwQSUyMCUyMHZhciUyMHBhcmVudCUyMCUzRCUyMCUyNCUyOCUyMiUyM3NodWZmbGUlMjIlMjkuY2hpbGRyZW4lMjglMjkuY2hpbGRyZW4lMjglMjkuY2hpbGRyZW4lMjglMjkuY2hpbGRyZW4lMjglMjkuY2hpbGRyZW4lMjglMjkuY2hpbGRyZW4lMjglMjkuY2hpbGRyZW4lMjglMjkuY2hpbGRyZW4lMjglMjklM0IlMEElMjAlMjB2YXIlMjBkaXZzJTIwJTNEJTIwcGFyZW50LmNoaWxkcmVuJTI4JTI5JTNCJTBBJTIwJTIwd2hpbGUlMjAlMjhkaXZzLmxlbmd0aCUyOSUyMCU3QiUwQSUyMCUyMCUyMCUyMCUyMCUyMCUyMCUyMHBhcmVudC5hcHBlbmQlMjhkaXZzLnNwbGljZSUyOE1hdGguZmxvb3IlMjhNYXRoLnJhbmRvbSUyOCUyOSUyMCUyQSUyMGRpdnMubGVuZ3RoJTI5JTJDJTIwMSUyOSU1QjAlNUQlMjklM0IlMEElMjAlMjAlN0QlMEElN0QlMjklM0IlMEElM0MlMkZzY3JpcHQlM0U=[\/vc_raw_js][\/vc_column][\/vc_row]","og_url":"https:\/\/kme.eu\/kme\/narzedzia-warsztatu\/e-homologacja\/","og_site_name":"KME","article_publisher":"https:\/\/www.facebook.com\/KME.LPG\/","article_modified_time":"2026-03-18T14:33:24+00:00","twitter_card":"summary_large_image","twitter_misc":{"Szacowany czas czytania":"1 minuta"},"schema":{"@context":"https:\/\/schema.org","@graph":[{"@type":"WebPage","@id":"https:\/\/kme.eu\/kme\/narzedzia-warsztatu\/e-homologacja\/","url":"https:\/\/kme.eu\/kme\/narzedzia-warsztatu\/e-homologacja\/","name":"E-homologacja - KME","isPartOf":{"@id":"https:\/\/kme.eu\/kme\/#website"},"datePublished":"2020-09-23T07:00:18+00:00","dateModified":"2026-03-18T14:33:24+00:00","breadcrumb":{"@id":"https:\/\/kme.eu\/kme\/narzedzia-warsztatu\/e-homologacja\/#breadcrumb"},"inLanguage":"pl-PL","potentialAction":[{"@type":"ReadAction","target":["https:\/\/kme.eu\/kme\/narzedzia-warsztatu\/e-homologacja\/"]}]},{"@type":"BreadcrumbList","@id":"https:\/\/kme.eu\/kme\/narzedzia-warsztatu\/e-homologacja\/#breadcrumb","itemListElement":[{"@type":"ListItem","position":1,"name":"Strona g\u0142\u00f3wna","item":"https:\/\/kme.eu\/kme\/"},{"@type":"ListItem","position":2,"name":"Narz\u0119dzia warsztatu","item":"https:\/\/kme.eu\/kme\/narzedzia-warsztatu\/"},{"@type":"ListItem","position":3,"name":"E-homologacja"}]},{"@type":"WebSite","@id":"https:\/\/kme.eu\/kme\/#website","url":"https:\/\/kme.eu\/kme\/","name":"KME","description":"Autogas Systems","publisher":{"@id":"https:\/\/kme.eu\/kme\/#organization"},"potentialAction":[{"@type":"SearchAction","target":{"@type":"EntryPoint","urlTemplate":"https:\/\/kme.eu\/kme\/?s={search_term_string}"},"query-input":{"@type":"PropertyValueSpecification","valueRequired":true,"valueName":"search_term_string"}}],"inLanguage":"pl-PL"},{"@type":"Organization","@id":"https:\/\/kme.eu\/kme\/#organization","name":"KME","url":"https:\/\/kme.eu\/kme\/","logo":{"@type":"ImageObject","inLanguage":"pl-PL","@id":"https:\/\/kme.eu\/kme\/#\/schema\/logo\/image\/","url":"https:\/\/kme.eu\/kme\/wp-content\/uploads\/2020\/04\/logo_KME_RGB_small_200px.png","contentUrl":"https:\/\/kme.eu\/kme\/wp-content\/uploads\/2020\/04\/logo_KME_RGB_small_200px.png","width":272,"height":200,"caption":"KME"},"image":{"@id":"https:\/\/kme.eu\/kme\/#\/schema\/logo\/image\/"},"sameAs":["https:\/\/www.facebook.com\/KME.LPG\/","https:\/\/www.instagram.com\/kme_lpg\/"]}]}},"_links":{"self":[{"href":"https:\/\/kme.eu\/kme\/wp-json\/wp\/v2\/pages\/9563","targetHints":{"allow":["GET"]}}],"collection":[{"href":"https:\/\/kme.eu\/kme\/wp-json\/wp\/v2\/pages"}],"about":[{"href":"https:\/\/kme.eu\/kme\/wp-json\/wp\/v2\/types\/page"}],"author":[{"embeddable":true,"href":"https:\/\/kme.eu\/kme\/wp-json\/wp\/v2\/users\/7"}],"replies":[{"embeddable":true,"href":"https:\/\/kme.eu\/kme\/wp-json\/wp\/v2\/comments?post=9563"}],"version-history":[{"count":0,"href":"https:\/\/kme.eu\/kme\/wp-json\/wp\/v2\/pages\/9563\/revisions"}],"up":[{"embeddable":true,"href":"https:\/\/kme.eu\/kme\/wp-json\/wp\/v2\/pages\/10850"}],"wp:attachment":[{"href":"https:\/\/kme.eu\/kme\/wp-json\/wp\/v2\/media?parent=9563"}],"curies":[{"name":"wp","href":"https:\/\/api.w.org\/{rel}","templated":true}]}}