{"id":9763,"date":"2020-10-14T09:37:43","date_gmt":"2020-10-14T07:37:43","guid":{"rendered":"https:\/\/kme.eu\/kme\/?page_id=9763"},"modified":"2020-10-14T10:12:56","modified_gmt":"2020-10-14T08:12:56","slug":"zapisz-sie-do-newslettera","status":"publish","type":"page","link":"https:\/\/kme.eu\/kme\/zapisz-sie-do-newslettera\/","title":{"rendered":"Zapisz si\u0119 do newslettera"},"content":{"rendered":"<div class=\"wpb-content-wrapper\"><p>[vc_row row_btt_skin=&#8221;light&#8221; row_background_text_position=&#8221;front&#8221;][vc_column][vc_column_text]<div class=\"tnp tnp-subscription\">\r\n<form method=\"post\" action=\"https:\/\/kme.eu\/kme\/?na=s\" onsubmit=\"return newsletter_check(this)\">\r\n\r\n<input type=\"hidden\" name=\"nlang\" value=\"\">\r\n<div class=\"tnp-field tnp-field-email\">\r\n   <label>Email<\/label>\r\n   <input class=\"tnp-email\" type=\"email\" name=\"ne\" required>\r\n<\/div>\r\n<div class=\"tnp-field tnp-field-firstname\">\r\n   <label>Imi\u0119 lub Imi\u0119 i Nazwisko<\/label>\r\n   <input class=\"tnp-firstname\" type=\"text\" name=\"nn\" >\r\n<\/div>\r\n<div class=\"tnp-lists\">\r\n   <p>Do jakich list chcesz do\u0142\u0105czy\u0107 dodatkowo?<\/p>\r\n   <div class=\"tnp-field tnp-field-list\">\r\n      <label style=\"display: none;\">\r\n         <input class=\"tnp-preference\" type=\"checkbox\" name=\"nl[]\" value=\"2\" id=\"company_input\" checked\/>Warsztaty<\/label>\r\n   <\/div>\r\n   <div class=\"tnp-field tnp-field-list\">\r\n      <label>\r\n         <input class=\"tnp-preference\" type=\"checkbox\" name=\"nl[]\" value=\"3\"\/>Kierowcy<\/label>\r\n   <\/div>\r\n<\/div>\r\n<div class=\"tnp-field tnp-field-profile\" id=\"comp_name\">\r\n   <label>Firma<\/label>\r\n   <input class=\"tnp-profile tnp-profile-1\" type=\"text\" name=\"np1\" id=\"comp_name_text\">\r\n<\/div>\r\n<div class=\"tnp-field tnp-field-profile\">\r\n   <label>Telefon<\/label>\r\n   <input class=\"tnp-profile tnp-profile-2\" type=\"text\" name=\"np2\">\r\n<\/div>\r\n<div class=\"tnp-field tnp-privacy-field\">\r\n   <label><input type=\"checkbox\" name=\"ny\" required class=\"tnp-privacy\">\r\n   \u00a0   <a target=\"_blank\" href=\"https:\/\/kme.eu\/kme\/o_nas\/polityka-prywatnosci\/\">Przechodz\u0105c dalej, akceptujesz polityk\u0119 prywatno\u015bci<\/a>\r\n   <\/label>\r\n<\/div>\r\n<div class=\"tnp-field tnp-field-button\"><input class=\"tnp-submit\" type=\"submit\" value=\"Subskrybuj\" >\r\n<\/div>\r\n<\/form>\r\n<\/div><input type=\"hidden\" name=\"nlang\" value=\"pl\">\n[\/vc_column_text][\/vc_column][\/vc_row][vc_row content_placement=&#8221;middle&#8221; row_btt_skin=&#8221;light&#8221; row_background_text_position=&#8221;front&#8221;][vc_column][vc_empty_space height=&#8221;80px&#8221;][vc_column_text]<\/p>\n<h2>Ostatnie aktualno\u015bci<\/h2>\n<p>[\/vc_column_text][vc_empty_space height=&#8221;10px&#8221;]<div class=\"mkdf-blog-list-holder mkdf-grid-list mkdf-disable-bottom-space mkdf-bl-standard mkdf-four-columns mkdf-medium-space mkdf-bl-pag-no-pagination mkdf-bl-skin-default\"  data-type=standard data-skin=default data-number-of-posts=3 data-number-of-columns=four data-space-between-items=medium data-orderby=date data-order=DESC data-image-size=full data-title-tag=h4 data-excerpt-length=40 data-post-info-section=yes data-post-info-image=yes data-post-info-author=no data-post-info-date=yes data-post-info-category=yes data-post-info-comments=no data-post-info-like=no data-post-info-share=no data-pagination-type=no-pagination data-max-num-pages=120 data-next-page=2>\n\t<div class=\"mkdf-bl-wrapper mkdf-outer-space\">\n\t\t<ul class=\"mkdf-blog-list\">\n\t\t\t<li class=\"mkdf-bl-item mkdf-item-space\">\n\t<div class=\"mkdf-bli-inner\">\n\t\t\n\t<div class=\"mkdf-post-image\">\n\t\t\t\t\t<a itemprop=\"url\" href=\"https:\/\/kme.eu\/kme\/jetour-t2-z-lpg-czy-hybryda-na-gaz-ma-sens\/\" title=\"JETOUR T2 z LPG \u2013 czy hybryda na gaz ma sens?\">\n\t\t\t\t\t<img loading=\"lazy\" decoding=\"async\" width=\"500\" height=\"281\" src=\"https:\/\/kme.eu\/kme\/wp-content\/uploads\/2026\/04\/JETOUR-T2-Miniatura-e1777377045631.jpg\" class=\"attachment-full size-full wp-post-image\" alt=\"\" \/>\t\t\t\t\t<\/a>\n\t\t\t\t\t<\/div>\n        <div class=\"mkdf-bli-content\">\n                            <div class=\"mkdf-bli-info\">\n\t                <div itemprop=\"dateCreated\" class=\"mkdf-post-info-date entry-date published updated\">\n    <meta itemprop=\"interactionCount\" content=\"UserComments: 0\"\/>\n            <a itemprop=\"url\" href=\"https:\/\/kme.eu\/kme\/2026\/04\/\">\n    \n        28 kwietnia 2026        <\/a>\n<\/div><div class=\"mkdf-post-info-category\">\n    <a href=\"https:\/\/kme.eu\/kme\/kategoria\/lpg-majster\/\" rel=\"category tag\">LPG MAJSTER<\/a><\/div>                <\/div>\n            \t\n\t        \n<h4 itemprop=\"name\" class=\"entry-title mkdf-post-title\" >\n            <a itemprop=\"url\" href=\"https:\/\/kme.eu\/kme\/jetour-t2-z-lpg-czy-hybryda-na-gaz-ma-sens\/\" title=\"JETOUR T2 z LPG \u2013 czy hybryda na gaz ma sens?\">\n            JETOUR T2 z LPG \u2013 czy hybryda na gaz ma sens?            <\/a>\n    <\/h4>\t\n\t        <div class=\"mkdf-bli-excerpt\">\n\t\t        \t\t<div class=\"mkdf-post-excerpt-holder\">\n\t\t\t<p itemprop=\"description\" class=\"mkdf-post-excerpt\">\n\t\t\t\tNowoczesna hybryda i instalacja LPG w jednym aucie? Jeszcze niedawno brzmia\u0142o to jak eksperyment. Dzi\u015b to realne rozwi\u0105zanie, kt\u00f3re trafia do warsztat\u00f3w i na drogi.\t\t\t<\/p>\n\t\t<\/div>\n\t\t\t        \t<div class=\"mkdf-post-read-more-button\">\n\t\t<a itemprop=\"url\" href=\"https:\/\/kme.eu\/kme\/jetour-t2-z-lpg-czy-hybryda-na-gaz-ma-sens\/\" target=\"_self\"  class=\"mkdf-btn mkdf-btn-medium mkdf-btn-simple mkdf-blog-list-button\"  >    <span class=\"mkdf-btn-text\">Czytaj wi\u0119cej<\/span>    <\/a>\t<\/div>\n\t        <\/div>\n        <\/div>\n\t<\/div>\n<\/li><li class=\"mkdf-bl-item mkdf-item-space\">\n\t<div class=\"mkdf-bli-inner\">\n\t\t\n\t<div class=\"mkdf-post-image\">\n\t\t\t\t\t<a itemprop=\"url\" href=\"https:\/\/kme.eu\/kme\/audi-q5-2-0-tfsi-na-lpg\/\" title=\"Audi Q5 2.0 TFSI na LPG\">\n\t\t\t\t\t<img loading=\"lazy\" decoding=\"async\" width=\"500\" height=\"281\" src=\"https:\/\/kme.eu\/kme\/wp-content\/uploads\/2026\/04\/Audi-Q5-miniatura-e1776938941817.jpg\" class=\"attachment-full size-full wp-post-image\" alt=\"Audi Q5\" \/>\t\t\t\t\t<\/a>\n\t\t\t\t\t<\/div>\n        <div class=\"mkdf-bli-content\">\n                            <div class=\"mkdf-bli-info\">\n\t                <div itemprop=\"dateCreated\" class=\"mkdf-post-info-date entry-date published updated\">\n    <meta itemprop=\"interactionCount\" content=\"UserComments: 0\"\/>\n            <a itemprop=\"url\" href=\"https:\/\/kme.eu\/kme\/2026\/04\/\">\n    \n        23 kwietnia 2026        <\/a>\n<\/div><div class=\"mkdf-post-info-category\">\n    <a href=\"https:\/\/kme.eu\/kme\/kategoria\/lpg-majster\/\" rel=\"category tag\">LPG MAJSTER<\/a><\/div>                <\/div>\n            \t\n\t        \n<h4 itemprop=\"name\" class=\"entry-title mkdf-post-title\" >\n            <a itemprop=\"url\" href=\"https:\/\/kme.eu\/kme\/audi-q5-2-0-tfsi-na-lpg\/\" title=\"Audi Q5 2.0 TFSI na LPG\">\n            Audi Q5 2.0 TFSI na LPG            <\/a>\n    <\/h4>\t\n\t        <div class=\"mkdf-bli-excerpt\">\n\t\t        \t\t<div class=\"mkdf-post-excerpt-holder\">\n\t\t\t<p itemprop=\"description\" class=\"mkdf-post-excerpt\">\n\t\t\t\tAudi Q5, czyli 2.0 TFSI zasilane b\u0142\u0119kitnym paliwem. \u0141ukasz Duk z firmy Blue Power za\u0142o\u017cy\u0142 do niego kompletn\u0105 instalacj\u0119 LPG opart\u0105 o KME NEVO-SKY DIRECT model 3\t\t\t<\/p>\n\t\t<\/div>\n\t\t\t        \t<div class=\"mkdf-post-read-more-button\">\n\t\t<a itemprop=\"url\" href=\"https:\/\/kme.eu\/kme\/audi-q5-2-0-tfsi-na-lpg\/\" target=\"_self\"  class=\"mkdf-btn mkdf-btn-medium mkdf-btn-simple mkdf-blog-list-button\"  >    <span class=\"mkdf-btn-text\">Czytaj wi\u0119cej<\/span>    <\/a>\t<\/div>\n\t        <\/div>\n        <\/div>\n\t<\/div>\n<\/li><li class=\"mkdf-bl-item mkdf-item-space\">\n\t<div class=\"mkdf-bli-inner\">\n\t\t\n\t<div class=\"mkdf-post-image\">\n\t\t\t\t\t<a itemprop=\"url\" href=\"https:\/\/kme.eu\/kme\/ford-mustang-mk7-lpg-v8-opinie\/\" title=\"Ford Mustang MK7 + LPG \u2013 V8 bez kompromis\u00f3w?\">\n\t\t\t\t\t<img loading=\"lazy\" decoding=\"async\" width=\"500\" height=\"281\" src=\"https:\/\/kme.eu\/kme\/wp-content\/uploads\/2026\/04\/Miniatura-2026-e1776327973516.jpg\" class=\"attachment-full size-full wp-post-image\" alt=\"\" \/>\t\t\t\t\t<\/a>\n\t\t\t\t\t<\/div>\n        <div class=\"mkdf-bli-content\">\n                            <div class=\"mkdf-bli-info\">\n\t                <div itemprop=\"dateCreated\" class=\"mkdf-post-info-date entry-date published updated\">\n    <meta itemprop=\"interactionCount\" content=\"UserComments: 0\"\/>\n            <a itemprop=\"url\" href=\"https:\/\/kme.eu\/kme\/2026\/04\/\">\n    \n        16 kwietnia 2026        <\/a>\n<\/div><div class=\"mkdf-post-info-category\">\n    <a href=\"https:\/\/kme.eu\/kme\/kategoria\/lpg-majster\/\" rel=\"category tag\">LPG MAJSTER<\/a><\/div>                <\/div>\n            \t\n\t        \n<h4 itemprop=\"name\" class=\"entry-title mkdf-post-title\" >\n            <a itemprop=\"url\" href=\"https:\/\/kme.eu\/kme\/ford-mustang-mk7-lpg-v8-opinie\/\" title=\"Ford Mustang MK7 + LPG \u2013 V8 bez kompromis\u00f3w?\">\n            Ford Mustang MK7 + LPG \u2013 V8 bez kompromis\u00f3w?            <\/a>\n    <\/h4>\t\n\t        <div class=\"mkdf-bli-excerpt\">\n\t\t        \t\t<div class=\"mkdf-post-excerpt-holder\">\n\t\t\t<p itemprop=\"description\" class=\"mkdf-post-excerpt\">\n\t\t\t\tFord Mustang MK7 z silnikiem V8 i instalacj\u0105 LPG? Sprawdzamy, czy mo\u017cna po\u0142\u0105czy\u0107 osi\u0105gi z ni\u017cszymi kosztami jazdy. W tym materiale pokazujemy, jak nowoczesna instalacja radzi sobie z dualnym wtryskiem i czy kierowca odczuwa r\u00f3\u017cnic\u0119.\t\t\t<\/p>\n\t\t<\/div>\n\t\t\t        \t<div class=\"mkdf-post-read-more-button\">\n\t\t<a itemprop=\"url\" href=\"https:\/\/kme.eu\/kme\/ford-mustang-mk7-lpg-v8-opinie\/\" target=\"_self\"  class=\"mkdf-btn mkdf-btn-medium mkdf-btn-simple mkdf-blog-list-button\"  >    <span class=\"mkdf-btn-text\">Czytaj wi\u0119cej<\/span>    <\/a>\t<\/div>\n\t        <\/div>\n        <\/div>\n\t<\/div>\n<\/li>\t\t<\/ul>\n\t<\/div>\n\t<\/div>[\/vc_column][\/vc_row]<\/p>\n<\/div>","protected":false},"excerpt":{"rendered":"<p>[vc_row row_btt_skin=&#8221;light&#8221; row_background_text_position=&#8221;front&#8221;][vc_column][vc_column_text][\/vc_column_text][\/vc_column][\/vc_row][vc_row content_placement=&#8221;middle&#8221; row_btt_skin=&#8221;light&#8221; row_background_text_position=&#8221;front&#8221;][vc_column][vc_empty_space height=&#8221;80px&#8221;][vc_column_text] Ostatnie aktualno\u015bci [\/vc_column_text][vc_empty_space height=&#8221;10px&#8221;][\/vc_column][\/vc_row]<\/p>\n","protected":false},"author":7,"featured_media":0,"parent":0,"menu_order":0,"comment_status":"closed","ping_status":"closed","template":"","meta":{"footnotes":""},"class_list":["post-9763","page","type-page","status-publish","hentry"],"acf":[],"yoast_head":"<!-- This site is optimized with the Yoast SEO plugin v27.5 - https:\/\/yoast.com\/product\/yoast-seo-wordpress\/ -->\n<title>Zapisz si\u0119 do newslettera - KME<\/title>\n<meta name=\"robots\" content=\"index, follow, max-snippet:-1, max-image-preview:large, max-video-preview:-1\" \/>\n<link rel=\"canonical\" href=\"https:\/\/kme.eu\/kme\/zapisz-sie-do-newslettera\/\" \/>\n<meta property=\"og:locale\" content=\"pl_PL\" \/>\n<meta property=\"og:type\" content=\"article\" \/>\n<meta property=\"og:title\" content=\"Zapisz si\u0119 do newslettera - KME\" \/>\n<meta property=\"og:description\" content=\"[vc_row row_btt_skin=&#8221;light&#8221; row_background_text_position=&#8221;front&#8221;][vc_column][vc_column_text][\/vc_column_text][\/vc_column][\/vc_row][vc_row content_placement=&#8221;middle&#8221; row_btt_skin=&#8221;light&#8221; row_background_text_position=&#8221;front&#8221;][vc_column][vc_empty_space height=&#8221;80px&#8221;][vc_column_text] Ostatnie aktualno\u015bci [\/vc_column_text][vc_empty_space height=&#8221;10px&#8221;][\/vc_column][\/vc_row]\" \/>\n<meta property=\"og:url\" content=\"https:\/\/kme.eu\/kme\/zapisz-sie-do-newslettera\/\" \/>\n<meta property=\"og:site_name\" content=\"KME\" \/>\n<meta property=\"article:publisher\" content=\"https:\/\/www.facebook.com\/KME.LPG\/\" \/>\n<meta property=\"article:modified_time\" content=\"2020-10-14T08:12:56+00:00\" \/>\n<meta name=\"twitter:card\" content=\"summary_large_image\" \/>\n<script type=\"application\/ld+json\" class=\"yoast-schema-graph\">{\"@context\":\"https:\\\/\\\/schema.org\",\"@graph\":[{\"@type\":\"WebPage\",\"@id\":\"https:\\\/\\\/kme.eu\\\/kme\\\/zapisz-sie-do-newslettera\\\/\",\"url\":\"https:\\\/\\\/kme.eu\\\/kme\\\/zapisz-sie-do-newslettera\\\/\",\"name\":\"Zapisz si\u0119 do newslettera - KME\",\"isPartOf\":{\"@id\":\"https:\\\/\\\/kme.eu\\\/kme\\\/#website\"},\"datePublished\":\"2020-10-14T07:37:43+00:00\",\"dateModified\":\"2020-10-14T08:12:56+00:00\",\"breadcrumb\":{\"@id\":\"https:\\\/\\\/kme.eu\\\/kme\\\/zapisz-sie-do-newslettera\\\/#breadcrumb\"},\"inLanguage\":\"pl-PL\",\"potentialAction\":[{\"@type\":\"ReadAction\",\"target\":[\"https:\\\/\\\/kme.eu\\\/kme\\\/zapisz-sie-do-newslettera\\\/\"]}]},{\"@type\":\"BreadcrumbList\",\"@id\":\"https:\\\/\\\/kme.eu\\\/kme\\\/zapisz-sie-do-newslettera\\\/#breadcrumb\",\"itemListElement\":[{\"@type\":\"ListItem\",\"position\":1,\"name\":\"Strona g\u0142\u00f3wna\",\"item\":\"https:\\\/\\\/kme.eu\\\/kme\\\/\"},{\"@type\":\"ListItem\",\"position\":2,\"name\":\"Zapisz si\u0119 do newslettera\"}]},{\"@type\":\"WebSite\",\"@id\":\"https:\\\/\\\/kme.eu\\\/kme\\\/#website\",\"url\":\"https:\\\/\\\/kme.eu\\\/kme\\\/\",\"name\":\"KME\",\"description\":\"Autogas Systems\",\"publisher\":{\"@id\":\"https:\\\/\\\/kme.eu\\\/kme\\\/#organization\"},\"potentialAction\":[{\"@type\":\"SearchAction\",\"target\":{\"@type\":\"EntryPoint\",\"urlTemplate\":\"https:\\\/\\\/kme.eu\\\/kme\\\/?s={search_term_string}\"},\"query-input\":{\"@type\":\"PropertyValueSpecification\",\"valueRequired\":true,\"valueName\":\"search_term_string\"}}],\"inLanguage\":\"pl-PL\"},{\"@type\":\"Organization\",\"@id\":\"https:\\\/\\\/kme.eu\\\/kme\\\/#organization\",\"name\":\"KME\",\"url\":\"https:\\\/\\\/kme.eu\\\/kme\\\/\",\"logo\":{\"@type\":\"ImageObject\",\"inLanguage\":\"pl-PL\",\"@id\":\"https:\\\/\\\/kme.eu\\\/kme\\\/#\\\/schema\\\/logo\\\/image\\\/\",\"url\":\"https:\\\/\\\/kme.eu\\\/kme\\\/wp-content\\\/uploads\\\/2020\\\/04\\\/logo_KME_RGB_small_200px.png\",\"contentUrl\":\"https:\\\/\\\/kme.eu\\\/kme\\\/wp-content\\\/uploads\\\/2020\\\/04\\\/logo_KME_RGB_small_200px.png\",\"width\":272,\"height\":200,\"caption\":\"KME\"},\"image\":{\"@id\":\"https:\\\/\\\/kme.eu\\\/kme\\\/#\\\/schema\\\/logo\\\/image\\\/\"},\"sameAs\":[\"https:\\\/\\\/www.facebook.com\\\/KME.LPG\\\/\",\"https:\\\/\\\/www.instagram.com\\\/kme_lpg\\\/\"]}]}<\/script>\n<!-- \/ Yoast SEO plugin. -->","yoast_head_json":{"title":"Zapisz si\u0119 do newslettera - KME","robots":{"index":"index","follow":"follow","max-snippet":"max-snippet:-1","max-image-preview":"max-image-preview:large","max-video-preview":"max-video-preview:-1"},"canonical":"https:\/\/kme.eu\/kme\/zapisz-sie-do-newslettera\/","og_locale":"pl_PL","og_type":"article","og_title":"Zapisz si\u0119 do newslettera - KME","og_description":"[vc_row row_btt_skin=&#8221;light&#8221; row_background_text_position=&#8221;front&#8221;][vc_column][vc_column_text][\/vc_column_text][\/vc_column][\/vc_row][vc_row content_placement=&#8221;middle&#8221; row_btt_skin=&#8221;light&#8221; row_background_text_position=&#8221;front&#8221;][vc_column][vc_empty_space height=&#8221;80px&#8221;][vc_column_text] Ostatnie aktualno\u015bci [\/vc_column_text][vc_empty_space height=&#8221;10px&#8221;][\/vc_column][\/vc_row]","og_url":"https:\/\/kme.eu\/kme\/zapisz-sie-do-newslettera\/","og_site_name":"KME","article_publisher":"https:\/\/www.facebook.com\/KME.LPG\/","article_modified_time":"2020-10-14T08:12:56+00:00","twitter_card":"summary_large_image","schema":{"@context":"https:\/\/schema.org","@graph":[{"@type":"WebPage","@id":"https:\/\/kme.eu\/kme\/zapisz-sie-do-newslettera\/","url":"https:\/\/kme.eu\/kme\/zapisz-sie-do-newslettera\/","name":"Zapisz si\u0119 do newslettera - KME","isPartOf":{"@id":"https:\/\/kme.eu\/kme\/#website"},"datePublished":"2020-10-14T07:37:43+00:00","dateModified":"2020-10-14T08:12:56+00:00","breadcrumb":{"@id":"https:\/\/kme.eu\/kme\/zapisz-sie-do-newslettera\/#breadcrumb"},"inLanguage":"pl-PL","potentialAction":[{"@type":"ReadAction","target":["https:\/\/kme.eu\/kme\/zapisz-sie-do-newslettera\/"]}]},{"@type":"BreadcrumbList","@id":"https:\/\/kme.eu\/kme\/zapisz-sie-do-newslettera\/#breadcrumb","itemListElement":[{"@type":"ListItem","position":1,"name":"Strona g\u0142\u00f3wna","item":"https:\/\/kme.eu\/kme\/"},{"@type":"ListItem","position":2,"name":"Zapisz si\u0119 do newslettera"}]},{"@type":"WebSite","@id":"https:\/\/kme.eu\/kme\/#website","url":"https:\/\/kme.eu\/kme\/","name":"KME","description":"Autogas Systems","publisher":{"@id":"https:\/\/kme.eu\/kme\/#organization"},"potentialAction":[{"@type":"SearchAction","target":{"@type":"EntryPoint","urlTemplate":"https:\/\/kme.eu\/kme\/?s={search_term_string}"},"query-input":{"@type":"PropertyValueSpecification","valueRequired":true,"valueName":"search_term_string"}}],"inLanguage":"pl-PL"},{"@type":"Organization","@id":"https:\/\/kme.eu\/kme\/#organization","name":"KME","url":"https:\/\/kme.eu\/kme\/","logo":{"@type":"ImageObject","inLanguage":"pl-PL","@id":"https:\/\/kme.eu\/kme\/#\/schema\/logo\/image\/","url":"https:\/\/kme.eu\/kme\/wp-content\/uploads\/2020\/04\/logo_KME_RGB_small_200px.png","contentUrl":"https:\/\/kme.eu\/kme\/wp-content\/uploads\/2020\/04\/logo_KME_RGB_small_200px.png","width":272,"height":200,"caption":"KME"},"image":{"@id":"https:\/\/kme.eu\/kme\/#\/schema\/logo\/image\/"},"sameAs":["https:\/\/www.facebook.com\/KME.LPG\/","https:\/\/www.instagram.com\/kme_lpg\/"]}]}},"_links":{"self":[{"href":"https:\/\/kme.eu\/kme\/wp-json\/wp\/v2\/pages\/9763","targetHints":{"allow":["GET"]}}],"collection":[{"href":"https:\/\/kme.eu\/kme\/wp-json\/wp\/v2\/pages"}],"about":[{"href":"https:\/\/kme.eu\/kme\/wp-json\/wp\/v2\/types\/page"}],"author":[{"embeddable":true,"href":"https:\/\/kme.eu\/kme\/wp-json\/wp\/v2\/users\/7"}],"replies":[{"embeddable":true,"href":"https:\/\/kme.eu\/kme\/wp-json\/wp\/v2\/comments?post=9763"}],"version-history":[{"count":0,"href":"https:\/\/kme.eu\/kme\/wp-json\/wp\/v2\/pages\/9763\/revisions"}],"wp:attachment":[{"href":"https:\/\/kme.eu\/kme\/wp-json\/wp\/v2\/media?parent=9763"}],"curies":[{"name":"wp","href":"https:\/\/api.w.org\/{rel}","templated":true}]}}