{"id":11113,"date":"2021-03-23T14:45:40","date_gmt":"2021-03-23T13:45:40","guid":{"rendered":"https:\/\/kme.eu\/kme\/?post_type=product&#038;p=11113"},"modified":"2021-03-24T08:00:14","modified_gmt":"2021-03-24T07:00:14","slug":"komplet-naprawczy-reduktora-fox","status":"publish","type":"product","link":"https:\/\/kme.eu\/kme\/produkt\/komplet-naprawczy-reduktora-fox\/","title":{"rendered":"Komplet naprawczy nr 10"},"content":{"rendered":"<div style=\"height: 5px; border-top: thin solid #ffbb00;\"><\/div>\n<div style=\"margin-top: 50px;\"><\/div>\n<div style=\"margin-top: 50px;\">Komplet naprawczy reduktora nr 10 zawiera zestaw element\u00f3w, kt\u00f3re s\u0142u\u017c\u0105 do naprawy reduktor\u00f3w FOX 6 i FOX 8.<\/div>\n<p><script>\n   $(window).on('load', function(){\n      $(\".sdm_download\").each(function( index, element ){\n         console.log($(this));\n         $(this).attr('target','_blank');\n      });\n   });\n<\/script><\/p>\n","protected":false},"excerpt":{"rendered":"<p>Komplet naprawczy reduktora nr 10 zawiera zestaw element\u00f3w, kt\u00f3re s\u0142u\u017c\u0105 do naprawy reduktor\u00f3w FOX 6 i FOX 8.<\/p>\n","protected":false},"featured_media":11116,"template":"","meta":[],"product_brand":[],"product_cat":[146],"product_tag":[551733,551735,551731],"class_list":{"0":"post-11113","1":"product","2":"type-product","3":"status-publish","4":"has-post-thumbnail","6":"product_cat-reduktory","7":"product_tag-fox-6","8":"product_tag-fox-8","9":"product_tag-komplet-naprawczy-reduktora","11":"first","12":"instock","13":"shipping-taxable","14":"product-type-simple"},"acf":[],"yoast_head":"<!-- This site is optimized with the Yoast SEO plugin v27.6 - https:\/\/yoast.com\/product\/yoast-seo-wordpress\/ -->\n<title>Komplet naprawczy nr 10 - KME<\/title>\n<meta name=\"robots\" content=\"index, follow, max-snippet:-1, max-image-preview:large, max-video-preview:-1\" \/>\n<link rel=\"canonical\" href=\"https:\/\/kme.eu\/kme\/produkt\/komplet-naprawczy-reduktora-fox\/\" \/>\n<meta property=\"og:locale\" content=\"pl_PL\" \/>\n<meta property=\"og:type\" content=\"article\" \/>\n<meta property=\"og:title\" content=\"Komplet naprawczy nr 10 - KME\" \/>\n<meta property=\"og:description\" content=\"Komplet naprawczy reduktora nr 10 zawiera zestaw element\u00f3w, kt\u00f3re s\u0142u\u017c\u0105 do naprawy reduktor\u00f3w FOX 6 i FOX 8.\" \/>\n<meta property=\"og:url\" content=\"https:\/\/kme.eu\/kme\/produkt\/komplet-naprawczy-reduktora-fox\/\" \/>\n<meta property=\"og:site_name\" content=\"KME\" \/>\n<meta property=\"article:publisher\" content=\"https:\/\/www.facebook.com\/KME.LPG\/\" \/>\n<meta property=\"article:modified_time\" content=\"2021-03-24T07:00:14+00:00\" \/>\n<meta property=\"og:image\" content=\"https:\/\/kme.eu\/kme\/wp-content\/uploads\/2021\/03\/KOMPLET-NAPRAWCZY-REDUKTORA-No.10-FOX-6_8-8209-000-037-1.jpg\" \/>\n\t<meta property=\"og:image:width\" content=\"800\" \/>\n\t<meta property=\"og:image:height\" content=\"800\" \/>\n\t<meta property=\"og:image:type\" content=\"image\/jpeg\" \/>\n<meta name=\"twitter:card\" content=\"summary_large_image\" \/>\n<meta name=\"twitter:label1\" content=\"Szacowany czas czytania\" \/>\n\t<meta name=\"twitter:data1\" content=\"1 minuta\" \/>\n<script type=\"application\/ld+json\" class=\"yoast-schema-graph\">{\"@context\":\"https:\\\/\\\/schema.org\",\"@graph\":[{\"@type\":\"WebPage\",\"@id\":\"https:\\\/\\\/kme.eu\\\/kme\\\/produkt\\\/komplet-naprawczy-reduktora-fox\\\/\",\"url\":\"https:\\\/\\\/kme.eu\\\/kme\\\/produkt\\\/komplet-naprawczy-reduktora-fox\\\/\",\"name\":\"Komplet naprawczy nr 10 - KME\",\"isPartOf\":{\"@id\":\"https:\\\/\\\/kme.eu\\\/kme\\\/#website\"},\"primaryImageOfPage\":{\"@id\":\"https:\\\/\\\/kme.eu\\\/kme\\\/produkt\\\/komplet-naprawczy-reduktora-fox\\\/#primaryimage\"},\"image\":{\"@id\":\"https:\\\/\\\/kme.eu\\\/kme\\\/produkt\\\/komplet-naprawczy-reduktora-fox\\\/#primaryimage\"},\"thumbnailUrl\":\"https:\\\/\\\/kme.eu\\\/kme\\\/wp-content\\\/uploads\\\/2021\\\/03\\\/KOMPLET-NAPRAWCZY-REDUKTORA-No.10-FOX-6_8-8209-000-037-1.jpg\",\"datePublished\":\"2021-03-23T13:45:40+00:00\",\"dateModified\":\"2021-03-24T07:00:14+00:00\",\"breadcrumb\":{\"@id\":\"https:\\\/\\\/kme.eu\\\/kme\\\/produkt\\\/komplet-naprawczy-reduktora-fox\\\/#breadcrumb\"},\"inLanguage\":\"pl-PL\",\"potentialAction\":[{\"@type\":\"ReadAction\",\"target\":[\"https:\\\/\\\/kme.eu\\\/kme\\\/produkt\\\/komplet-naprawczy-reduktora-fox\\\/\"]}]},{\"@type\":\"ImageObject\",\"inLanguage\":\"pl-PL\",\"@id\":\"https:\\\/\\\/kme.eu\\\/kme\\\/produkt\\\/komplet-naprawczy-reduktora-fox\\\/#primaryimage\",\"url\":\"https:\\\/\\\/kme.eu\\\/kme\\\/wp-content\\\/uploads\\\/2021\\\/03\\\/KOMPLET-NAPRAWCZY-REDUKTORA-No.10-FOX-6_8-8209-000-037-1.jpg\",\"contentUrl\":\"https:\\\/\\\/kme.eu\\\/kme\\\/wp-content\\\/uploads\\\/2021\\\/03\\\/KOMPLET-NAPRAWCZY-REDUKTORA-No.10-FOX-6_8-8209-000-037-1.jpg\",\"width\":800,\"height\":800},{\"@type\":\"BreadcrumbList\",\"@id\":\"https:\\\/\\\/kme.eu\\\/kme\\\/produkt\\\/komplet-naprawczy-reduktora-fox\\\/#breadcrumb\",\"itemListElement\":[{\"@type\":\"ListItem\",\"position\":1,\"name\":\"Strona g\u0142\u00f3wna\",\"item\":\"https:\\\/\\\/kme.eu\\\/kme\\\/\"},{\"@type\":\"ListItem\",\"position\":2,\"name\":\"Produkty\",\"item\":\"https:\\\/\\\/kme.eu\\\/kme\\\/produkty\\\/\"},{\"@type\":\"ListItem\",\"position\":3,\"name\":\"Komplet naprawczy nr 10\"}]},{\"@type\":\"WebSite\",\"@id\":\"https:\\\/\\\/kme.eu\\\/kme\\\/#website\",\"url\":\"https:\\\/\\\/kme.eu\\\/kme\\\/\",\"name\":\"KME\",\"description\":\"Autogas Systems\",\"publisher\":{\"@id\":\"https:\\\/\\\/kme.eu\\\/kme\\\/#organization\"},\"potentialAction\":[{\"@type\":\"SearchAction\",\"target\":{\"@type\":\"EntryPoint\",\"urlTemplate\":\"https:\\\/\\\/kme.eu\\\/kme\\\/?s={search_term_string}\"},\"query-input\":{\"@type\":\"PropertyValueSpecification\",\"valueRequired\":true,\"valueName\":\"search_term_string\"}}],\"inLanguage\":\"pl-PL\"},{\"@type\":\"Organization\",\"@id\":\"https:\\\/\\\/kme.eu\\\/kme\\\/#organization\",\"name\":\"KME\",\"url\":\"https:\\\/\\\/kme.eu\\\/kme\\\/\",\"logo\":{\"@type\":\"ImageObject\",\"inLanguage\":\"pl-PL\",\"@id\":\"https:\\\/\\\/kme.eu\\\/kme\\\/#\\\/schema\\\/logo\\\/image\\\/\",\"url\":\"https:\\\/\\\/kme.eu\\\/kme\\\/wp-content\\\/uploads\\\/2020\\\/04\\\/logo_KME_RGB_small_200px.png\",\"contentUrl\":\"https:\\\/\\\/kme.eu\\\/kme\\\/wp-content\\\/uploads\\\/2020\\\/04\\\/logo_KME_RGB_small_200px.png\",\"width\":272,\"height\":200,\"caption\":\"KME\"},\"image\":{\"@id\":\"https:\\\/\\\/kme.eu\\\/kme\\\/#\\\/schema\\\/logo\\\/image\\\/\"},\"sameAs\":[\"https:\\\/\\\/www.facebook.com\\\/KME.LPG\\\/\",\"https:\\\/\\\/www.instagram.com\\\/kme_lpg\\\/\"]}]}<\/script>\n<!-- \/ Yoast SEO plugin. -->","yoast_head_json":{"title":"Komplet naprawczy nr 10 - KME","robots":{"index":"index","follow":"follow","max-snippet":"max-snippet:-1","max-image-preview":"max-image-preview:large","max-video-preview":"max-video-preview:-1"},"canonical":"https:\/\/kme.eu\/kme\/produkt\/komplet-naprawczy-reduktora-fox\/","og_locale":"pl_PL","og_type":"article","og_title":"Komplet naprawczy nr 10 - KME","og_description":"Komplet naprawczy reduktora nr 10 zawiera zestaw element\u00f3w, kt\u00f3re s\u0142u\u017c\u0105 do naprawy reduktor\u00f3w FOX 6 i FOX 8.","og_url":"https:\/\/kme.eu\/kme\/produkt\/komplet-naprawczy-reduktora-fox\/","og_site_name":"KME","article_publisher":"https:\/\/www.facebook.com\/KME.LPG\/","article_modified_time":"2021-03-24T07:00:14+00:00","og_image":[{"width":800,"height":800,"url":"https:\/\/kme.eu\/kme\/wp-content\/uploads\/2021\/03\/KOMPLET-NAPRAWCZY-REDUKTORA-No.10-FOX-6_8-8209-000-037-1.jpg","type":"image\/jpeg"}],"twitter_card":"summary_large_image","twitter_misc":{"Szacowany czas czytania":"1 minuta"},"schema":{"@context":"https:\/\/schema.org","@graph":[{"@type":"WebPage","@id":"https:\/\/kme.eu\/kme\/produkt\/komplet-naprawczy-reduktora-fox\/","url":"https:\/\/kme.eu\/kme\/produkt\/komplet-naprawczy-reduktora-fox\/","name":"Komplet naprawczy nr 10 - KME","isPartOf":{"@id":"https:\/\/kme.eu\/kme\/#website"},"primaryImageOfPage":{"@id":"https:\/\/kme.eu\/kme\/produkt\/komplet-naprawczy-reduktora-fox\/#primaryimage"},"image":{"@id":"https:\/\/kme.eu\/kme\/produkt\/komplet-naprawczy-reduktora-fox\/#primaryimage"},"thumbnailUrl":"https:\/\/kme.eu\/kme\/wp-content\/uploads\/2021\/03\/KOMPLET-NAPRAWCZY-REDUKTORA-No.10-FOX-6_8-8209-000-037-1.jpg","datePublished":"2021-03-23T13:45:40+00:00","dateModified":"2021-03-24T07:00:14+00:00","breadcrumb":{"@id":"https:\/\/kme.eu\/kme\/produkt\/komplet-naprawczy-reduktora-fox\/#breadcrumb"},"inLanguage":"pl-PL","potentialAction":[{"@type":"ReadAction","target":["https:\/\/kme.eu\/kme\/produkt\/komplet-naprawczy-reduktora-fox\/"]}]},{"@type":"ImageObject","inLanguage":"pl-PL","@id":"https:\/\/kme.eu\/kme\/produkt\/komplet-naprawczy-reduktora-fox\/#primaryimage","url":"https:\/\/kme.eu\/kme\/wp-content\/uploads\/2021\/03\/KOMPLET-NAPRAWCZY-REDUKTORA-No.10-FOX-6_8-8209-000-037-1.jpg","contentUrl":"https:\/\/kme.eu\/kme\/wp-content\/uploads\/2021\/03\/KOMPLET-NAPRAWCZY-REDUKTORA-No.10-FOX-6_8-8209-000-037-1.jpg","width":800,"height":800},{"@type":"BreadcrumbList","@id":"https:\/\/kme.eu\/kme\/produkt\/komplet-naprawczy-reduktora-fox\/#breadcrumb","itemListElement":[{"@type":"ListItem","position":1,"name":"Strona g\u0142\u00f3wna","item":"https:\/\/kme.eu\/kme\/"},{"@type":"ListItem","position":2,"name":"Produkty","item":"https:\/\/kme.eu\/kme\/produkty\/"},{"@type":"ListItem","position":3,"name":"Komplet naprawczy nr 10"}]},{"@type":"WebSite","@id":"https:\/\/kme.eu\/kme\/#website","url":"https:\/\/kme.eu\/kme\/","name":"KME","description":"Autogas Systems","publisher":{"@id":"https:\/\/kme.eu\/kme\/#organization"},"potentialAction":[{"@type":"SearchAction","target":{"@type":"EntryPoint","urlTemplate":"https:\/\/kme.eu\/kme\/?s={search_term_string}"},"query-input":{"@type":"PropertyValueSpecification","valueRequired":true,"valueName":"search_term_string"}}],"inLanguage":"pl-PL"},{"@type":"Organization","@id":"https:\/\/kme.eu\/kme\/#organization","name":"KME","url":"https:\/\/kme.eu\/kme\/","logo":{"@type":"ImageObject","inLanguage":"pl-PL","@id":"https:\/\/kme.eu\/kme\/#\/schema\/logo\/image\/","url":"https:\/\/kme.eu\/kme\/wp-content\/uploads\/2020\/04\/logo_KME_RGB_small_200px.png","contentUrl":"https:\/\/kme.eu\/kme\/wp-content\/uploads\/2020\/04\/logo_KME_RGB_small_200px.png","width":272,"height":200,"caption":"KME"},"image":{"@id":"https:\/\/kme.eu\/kme\/#\/schema\/logo\/image\/"},"sameAs":["https:\/\/www.facebook.com\/KME.LPG\/","https:\/\/www.instagram.com\/kme_lpg\/"]}]}},"_links":{"self":[{"href":"https:\/\/kme.eu\/kme\/wp-json\/wp\/v2\/product\/11113","targetHints":{"allow":["GET"]}}],"collection":[{"href":"https:\/\/kme.eu\/kme\/wp-json\/wp\/v2\/product"}],"about":[{"href":"https:\/\/kme.eu\/kme\/wp-json\/wp\/v2\/types\/product"}],"wp:featuredmedia":[{"embeddable":true,"href":"https:\/\/kme.eu\/kme\/wp-json\/wp\/v2\/media\/11116"}],"wp:attachment":[{"href":"https:\/\/kme.eu\/kme\/wp-json\/wp\/v2\/media?parent=11113"}],"wp:term":[{"taxonomy":"product_brand","embeddable":true,"href":"https:\/\/kme.eu\/kme\/wp-json\/wp\/v2\/product_brand?post=11113"},{"taxonomy":"product_cat","embeddable":true,"href":"https:\/\/kme.eu\/kme\/wp-json\/wp\/v2\/product_cat?post=11113"},{"taxonomy":"product_tag","embeddable":true,"href":"https:\/\/kme.eu\/kme\/wp-json\/wp\/v2\/product_tag?post=11113"}],"curies":[{"name":"wp","href":"https:\/\/api.w.org\/{rel}","templated":true}]}}