{"id":15142,"date":"2022-06-13T14:02:30","date_gmt":"2022-06-13T12:02:30","guid":{"rendered":"https:\/\/kme.eu\/kme\/?post_type=product&#038;p=15142"},"modified":"2026-03-30T09:43:46","modified_gmt":"2026-03-30T07:43:46","slug":"panel-sterowania-dg8-compact","status":"publish","type":"product","link":"https:\/\/kme.eu\/kme\/produkt\/panel-sterowania-dg8-compact\/","title":{"rendered":"Panel Sterowania DG8 Compact"},"content":{"rendered":"<h4><\/h4>\n<h4><\/h4>\n<h4><\/h4>\n<h4>INNOWACJA<\/h4>\n<p>Innowacyjny panel sterowania <strong>KME DG8 Compact<\/strong> zaprojektowano do wsp\u00f3\u0142pracy z systemami sekwencyjnego wtrysku gazu NEVO-SKY. Centralka<strong>\u00a0jest najmniejszym urz\u0105dzeniem<\/strong> w ofercie produktowej KME, co sprawia, \u017ce jej monta\u017c jest wyj\u0105tkowo \u0142atwy i wymaga niewielkiej ingerencji we wn\u0119trze pojazdu.<\/p>\n<p>&nbsp;<\/p>\n<p><img loading=\"lazy\" decoding=\"async\" class=\"alignnone wp-image-15150 size-full\" src=\"https:\/\/kme.eu\/kme\/wp-content\/uploads\/2022\/06\/DG8_Compact_cechy.jpg\" alt=\"\" width=\"414\" height=\"186\" srcset=\"https:\/\/kme.eu\/kme\/wp-content\/uploads\/2022\/06\/DG8_Compact_cechy.jpg 414w, https:\/\/kme.eu\/kme\/wp-content\/uploads\/2022\/06\/DG8_Compact_cechy-300x135.jpg 300w\" sizes=\"auto, (max-width: 414px) 100vw, 414px\" \/><\/p>\n<p>&nbsp;<\/p>\n<h4>BEZPIECZE\u0143STWO<\/h4>\n<p>Funkcjonowanie panelu<strong> DG8 Compact<\/strong>, oparte na wykorzystaniu <strong>jednej diody<\/strong> i r\u00f3\u017cnych jej kolor\u00f3w do wy\u015bwietlania wszystkich komunikat\u00f3w o instalacji, u\u0142atwia kierowcom skoncentrowanie si\u0119 na sygnalizowanej informacji [np. na temat poziomu paliwa]. Projekt urz\u0105dzenia uwzgl\u0119dni\u0142 fakt, \u017ce ograniczona ilo\u015b\u0107 komunikat\u00f3w wp\u0142ywa na <strong>bezpiecze\u0144stwo<\/strong>.<\/p>\n<p>&nbsp;<\/p>\n<p><img loading=\"lazy\" decoding=\"async\" class=\"alignnone wp-image-15155 size-full\" src=\"https:\/\/kme.eu\/kme\/wp-content\/uploads\/2022\/06\/DG8_Compact_elewacja.jpg\" alt=\"\" width=\"998\" height=\"277\" srcset=\"https:\/\/kme.eu\/kme\/wp-content\/uploads\/2022\/06\/DG8_Compact_elewacja.jpg 998w, https:\/\/kme.eu\/kme\/wp-content\/uploads\/2022\/06\/DG8_Compact_elewacja-300x83.jpg 300w, https:\/\/kme.eu\/kme\/wp-content\/uploads\/2022\/06\/DG8_Compact_elewacja-768x213.jpg 768w, https:\/\/kme.eu\/kme\/wp-content\/uploads\/2022\/06\/DG8_Compact_elewacja-600x167.jpg 600w\" sizes=\"auto, (max-width: 998px) 100vw, 998px\" \/><\/p>\n<p>&nbsp;<\/p>\n<p>&nbsp;<\/p>\n<h4>DG 8 Compact vs. DG7 RGB<\/h4>\n<p>Por\u00f3wnanie wielko\u015bci paneli <strong>DG8 Compact<\/strong> i <strong>DG7 RGB<\/strong>.<\/p>\n<p>&nbsp;<\/p>\n<p><img loading=\"lazy\" decoding=\"async\" class=\"alignnone wp-image-15185 size-full\" src=\"https:\/\/kme.eu\/kme\/wp-content\/uploads\/2022\/06\/DG8_Compact_wymiary_02.jpg\" alt=\"\" width=\"1122\" height=\"302\" srcset=\"https:\/\/kme.eu\/kme\/wp-content\/uploads\/2022\/06\/DG8_Compact_wymiary_02.jpg 1122w, https:\/\/kme.eu\/kme\/wp-content\/uploads\/2022\/06\/DG8_Compact_wymiary_02-300x81.jpg 300w, https:\/\/kme.eu\/kme\/wp-content\/uploads\/2022\/06\/DG8_Compact_wymiary_02-1024x276.jpg 1024w, https:\/\/kme.eu\/kme\/wp-content\/uploads\/2022\/06\/DG8_Compact_wymiary_02-768x207.jpg 768w, https:\/\/kme.eu\/kme\/wp-content\/uploads\/2022\/06\/DG8_Compact_wymiary_02-600x161.jpg 600w\" sizes=\"auto, (max-width: 1122px) 100vw, 1122px\" \/><\/p>\n<p>&nbsp;<\/p>\n<h4>MINIMALIZM<\/h4>\n<p>Minimalistyczny design panelu <strong>DG8 Compact<\/strong> wpisuje si\u0119 w nowoczesn\u0105 stylistyk\u0119 wsp\u00f3\u0142czesnych aut i zapewnia jego wygodne u\u017cytkowanie. Wyd\u0142u\u017cona forma, jak\u0105 nadano centralce sprawia, \u017ce mo\u017cna j\u0105 zamocowa\u0107 w kokpicie samochodu w dogodnym dla u\u017cytkownika miejscu.<\/p>\n<p>&nbsp;<\/p>\n<p><img loading=\"lazy\" decoding=\"async\" class=\"alignnone wp-image-15145 size-full\" src=\"https:\/\/kme.eu\/kme\/wp-content\/uploads\/2022\/06\/DG8_Compact_baner_dlugi.jpg\" alt=\"\" width=\"1500\" height=\"500\" srcset=\"https:\/\/kme.eu\/kme\/wp-content\/uploads\/2022\/06\/DG8_Compact_baner_dlugi.jpg 1500w, https:\/\/kme.eu\/kme\/wp-content\/uploads\/2022\/06\/DG8_Compact_baner_dlugi-300x100.jpg 300w, https:\/\/kme.eu\/kme\/wp-content\/uploads\/2022\/06\/DG8_Compact_baner_dlugi-1024x341.jpg 1024w, https:\/\/kme.eu\/kme\/wp-content\/uploads\/2022\/06\/DG8_Compact_baner_dlugi-768x256.jpg 768w, https:\/\/kme.eu\/kme\/wp-content\/uploads\/2022\/06\/DG8_Compact_baner_dlugi-600x200.jpg 600w\" sizes=\"auto, (max-width: 1500px) 100vw, 1500px\" \/><\/p>\n<h4><\/h4>\n<h4><\/h4>\n<h4>FUNKCJE I CECHY PANELA<\/h4>\n<ul>\n<li>s\u0142u\u017cy do komunikacji kierowcy ze sterownikiem gazowym<\/li>\n<li>automatycznie lub manualnie prze\u0142\u0105cza zasilanie na gazowe<\/li>\n<li>informuje \u015bwietlnie i d\u017awi\u0119kowo o braku gazu w zbiorniku<\/li>\n<li>automatycznie przyciemnia si\u0119 po zmroku<\/li>\n<\/ul>\n<p>&nbsp;<\/p>\n<div class=\"sdm_download_button_box_default\"><div class=\"sdm_download_link\"><a href=\"https:\/\/kme.eu\/kme\/?sdm_process_download=1&download_id=15812\" class=\"sdm_download orange\" title=\"Panel kierowcy DG8 Compact &#8211; karta produktu\" target=&quot;_blank&quot;>Pobierz kart\u0119 produktu DG8 Compact<\/a><\/div><\/div>\n<div class=\"sdm_download_button_box_default\"><div class=\"sdm_download_link\"><a href=\"https:\/\/kme.eu\/kme\/?sdm_process_download=1&download_id=9232\" class=\"sdm_download orange\" title=\"Instrukcja obs\u0142ugi samochodowej instalacji LPG\" target=&quot;_blank&quot;>Pobierz instrukcj\u0119 obs\u0142ugi<\/a><\/div><\/div>\n<p><script>\n   $(window).on('load', function(){\n      $(\".sdm_download\").each(function( index, element ){\n         console.log($(this));\n         $(this).attr('target','_blank');\n      });\n   });\n<\/script><\/p>\n","protected":false},"excerpt":{"rendered":"<p>Panel sterowania DG8 Compact [benzyna\/gaz] &#8211; s\u0142u\u017cy do komunikacji kierowcy ze sterownikiem gazowym.<\/p>\n","protected":false},"featured_media":16849,"template":"","meta":[],"product_brand":[],"product_cat":[762,152],"product_tag":[240,666,315,656],"class_list":{"0":"post-15142","1":"product","2":"type-product","3":"status-publish","4":"has-post-thumbnail","6":"product_cat-panele-sterowania","7":"product_cat-akcesoria","8":"product_tag-jet","9":"product_tag-max","10":"product_tag-nevo-sky","11":"product_tag-sun","12":"pa_brak-gazu-704","13":"pa_przelacza-na-gaz-700","15":"first","16":"instock","17":"shipping-taxable","18":"product-type-simple"},"acf":[],"yoast_head":"<!-- This site is optimized with the Yoast SEO plugin v27.5 - https:\/\/yoast.com\/product\/yoast-seo-wordpress\/ -->\n<title>Panel Sterowania DG8 Compact - KME<\/title>\n<meta name=\"robots\" content=\"index, follow, max-snippet:-1, max-image-preview:large, max-video-preview:-1\" \/>\n<link rel=\"canonical\" href=\"https:\/\/kme.eu\/kme\/produkt\/panel-sterowania-dg8-compact\/\" \/>\n<meta property=\"og:locale\" content=\"pl_PL\" \/>\n<meta property=\"og:type\" content=\"article\" \/>\n<meta property=\"og:title\" content=\"Panel Sterowania DG8 Compact - KME\" \/>\n<meta property=\"og:description\" content=\"Panel sterowania DG8 Compact [benzyna\/gaz] - s\u0142u\u017cy do komunikacji kierowcy ze sterownikiem gazowym.\" \/>\n<meta property=\"og:url\" content=\"https:\/\/kme.eu\/kme\/produkt\/panel-sterowania-dg8-compact\/\" \/>\n<meta property=\"og:site_name\" content=\"KME\" \/>\n<meta property=\"article:publisher\" content=\"https:\/\/www.facebook.com\/KME.LPG\/\" \/>\n<meta property=\"article:modified_time\" content=\"2026-03-30T07:43:46+00:00\" \/>\n<meta property=\"og:image\" content=\"https:\/\/kme.eu\/kme\/wp-content\/uploads\/2023\/08\/panel_DG8_Compact-1.jpg\" \/>\n\t<meta property=\"og:image:width\" content=\"600\" \/>\n\t<meta property=\"og:image:height\" content=\"675\" \/>\n\t<meta property=\"og:image:type\" content=\"image\/jpeg\" \/>\n<meta name=\"twitter:card\" content=\"summary_large_image\" \/>\n<meta name=\"twitter:label1\" content=\"Szacowany czas czytania\" \/>\n\t<meta name=\"twitter:data1\" content=\"3 minuty\" \/>\n<script type=\"application\/ld+json\" class=\"yoast-schema-graph\">{\"@context\":\"https:\\\/\\\/schema.org\",\"@graph\":[{\"@type\":\"WebPage\",\"@id\":\"https:\\\/\\\/kme.eu\\\/kme\\\/produkt\\\/panel-sterowania-dg8-compact\\\/\",\"url\":\"https:\\\/\\\/kme.eu\\\/kme\\\/produkt\\\/panel-sterowania-dg8-compact\\\/\",\"name\":\"Panel Sterowania DG8 Compact - KME\",\"isPartOf\":{\"@id\":\"https:\\\/\\\/kme.eu\\\/kme\\\/#website\"},\"primaryImageOfPage\":{\"@id\":\"https:\\\/\\\/kme.eu\\\/kme\\\/produkt\\\/panel-sterowania-dg8-compact\\\/#primaryimage\"},\"image\":{\"@id\":\"https:\\\/\\\/kme.eu\\\/kme\\\/produkt\\\/panel-sterowania-dg8-compact\\\/#primaryimage\"},\"thumbnailUrl\":\"https:\\\/\\\/kme.eu\\\/kme\\\/wp-content\\\/uploads\\\/2023\\\/08\\\/panel_DG8_Compact-1.jpg\",\"datePublished\":\"2022-06-13T12:02:30+00:00\",\"dateModified\":\"2026-03-30T07:43:46+00:00\",\"breadcrumb\":{\"@id\":\"https:\\\/\\\/kme.eu\\\/kme\\\/produkt\\\/panel-sterowania-dg8-compact\\\/#breadcrumb\"},\"inLanguage\":\"pl-PL\",\"potentialAction\":[{\"@type\":\"ReadAction\",\"target\":[\"https:\\\/\\\/kme.eu\\\/kme\\\/produkt\\\/panel-sterowania-dg8-compact\\\/\"]}]},{\"@type\":\"ImageObject\",\"inLanguage\":\"pl-PL\",\"@id\":\"https:\\\/\\\/kme.eu\\\/kme\\\/produkt\\\/panel-sterowania-dg8-compact\\\/#primaryimage\",\"url\":\"https:\\\/\\\/kme.eu\\\/kme\\\/wp-content\\\/uploads\\\/2023\\\/08\\\/panel_DG8_Compact-1.jpg\",\"contentUrl\":\"https:\\\/\\\/kme.eu\\\/kme\\\/wp-content\\\/uploads\\\/2023\\\/08\\\/panel_DG8_Compact-1.jpg\",\"width\":600,\"height\":675},{\"@type\":\"BreadcrumbList\",\"@id\":\"https:\\\/\\\/kme.eu\\\/kme\\\/produkt\\\/panel-sterowania-dg8-compact\\\/#breadcrumb\",\"itemListElement\":[{\"@type\":\"ListItem\",\"position\":1,\"name\":\"Strona g\u0142\u00f3wna\",\"item\":\"https:\\\/\\\/kme.eu\\\/kme\\\/\"},{\"@type\":\"ListItem\",\"position\":2,\"name\":\"Produkty\",\"item\":\"https:\\\/\\\/kme.eu\\\/kme\\\/produkty\\\/\"},{\"@type\":\"ListItem\",\"position\":3,\"name\":\"Panel Sterowania DG8 Compact\"}]},{\"@type\":\"WebSite\",\"@id\":\"https:\\\/\\\/kme.eu\\\/kme\\\/#website\",\"url\":\"https:\\\/\\\/kme.eu\\\/kme\\\/\",\"name\":\"KME\",\"description\":\"Autogas Systems\",\"publisher\":{\"@id\":\"https:\\\/\\\/kme.eu\\\/kme\\\/#organization\"},\"potentialAction\":[{\"@type\":\"SearchAction\",\"target\":{\"@type\":\"EntryPoint\",\"urlTemplate\":\"https:\\\/\\\/kme.eu\\\/kme\\\/?s={search_term_string}\"},\"query-input\":{\"@type\":\"PropertyValueSpecification\",\"valueRequired\":true,\"valueName\":\"search_term_string\"}}],\"inLanguage\":\"pl-PL\"},{\"@type\":\"Organization\",\"@id\":\"https:\\\/\\\/kme.eu\\\/kme\\\/#organization\",\"name\":\"KME\",\"url\":\"https:\\\/\\\/kme.eu\\\/kme\\\/\",\"logo\":{\"@type\":\"ImageObject\",\"inLanguage\":\"pl-PL\",\"@id\":\"https:\\\/\\\/kme.eu\\\/kme\\\/#\\\/schema\\\/logo\\\/image\\\/\",\"url\":\"https:\\\/\\\/kme.eu\\\/kme\\\/wp-content\\\/uploads\\\/2020\\\/04\\\/logo_KME_RGB_small_200px.png\",\"contentUrl\":\"https:\\\/\\\/kme.eu\\\/kme\\\/wp-content\\\/uploads\\\/2020\\\/04\\\/logo_KME_RGB_small_200px.png\",\"width\":272,\"height\":200,\"caption\":\"KME\"},\"image\":{\"@id\":\"https:\\\/\\\/kme.eu\\\/kme\\\/#\\\/schema\\\/logo\\\/image\\\/\"},\"sameAs\":[\"https:\\\/\\\/www.facebook.com\\\/KME.LPG\\\/\",\"https:\\\/\\\/www.instagram.com\\\/kme_lpg\\\/\"]}]}<\/script>\n<!-- \/ Yoast SEO plugin. -->","yoast_head_json":{"title":"Panel Sterowania DG8 Compact - KME","robots":{"index":"index","follow":"follow","max-snippet":"max-snippet:-1","max-image-preview":"max-image-preview:large","max-video-preview":"max-video-preview:-1"},"canonical":"https:\/\/kme.eu\/kme\/produkt\/panel-sterowania-dg8-compact\/","og_locale":"pl_PL","og_type":"article","og_title":"Panel Sterowania DG8 Compact - KME","og_description":"Panel sterowania DG8 Compact [benzyna\/gaz] - s\u0142u\u017cy do komunikacji kierowcy ze sterownikiem gazowym.","og_url":"https:\/\/kme.eu\/kme\/produkt\/panel-sterowania-dg8-compact\/","og_site_name":"KME","article_publisher":"https:\/\/www.facebook.com\/KME.LPG\/","article_modified_time":"2026-03-30T07:43:46+00:00","og_image":[{"width":600,"height":675,"url":"https:\/\/kme.eu\/kme\/wp-content\/uploads\/2023\/08\/panel_DG8_Compact-1.jpg","type":"image\/jpeg"}],"twitter_card":"summary_large_image","twitter_misc":{"Szacowany czas czytania":"3 minuty"},"schema":{"@context":"https:\/\/schema.org","@graph":[{"@type":"WebPage","@id":"https:\/\/kme.eu\/kme\/produkt\/panel-sterowania-dg8-compact\/","url":"https:\/\/kme.eu\/kme\/produkt\/panel-sterowania-dg8-compact\/","name":"Panel Sterowania DG8 Compact - KME","isPartOf":{"@id":"https:\/\/kme.eu\/kme\/#website"},"primaryImageOfPage":{"@id":"https:\/\/kme.eu\/kme\/produkt\/panel-sterowania-dg8-compact\/#primaryimage"},"image":{"@id":"https:\/\/kme.eu\/kme\/produkt\/panel-sterowania-dg8-compact\/#primaryimage"},"thumbnailUrl":"https:\/\/kme.eu\/kme\/wp-content\/uploads\/2023\/08\/panel_DG8_Compact-1.jpg","datePublished":"2022-06-13T12:02:30+00:00","dateModified":"2026-03-30T07:43:46+00:00","breadcrumb":{"@id":"https:\/\/kme.eu\/kme\/produkt\/panel-sterowania-dg8-compact\/#breadcrumb"},"inLanguage":"pl-PL","potentialAction":[{"@type":"ReadAction","target":["https:\/\/kme.eu\/kme\/produkt\/panel-sterowania-dg8-compact\/"]}]},{"@type":"ImageObject","inLanguage":"pl-PL","@id":"https:\/\/kme.eu\/kme\/produkt\/panel-sterowania-dg8-compact\/#primaryimage","url":"https:\/\/kme.eu\/kme\/wp-content\/uploads\/2023\/08\/panel_DG8_Compact-1.jpg","contentUrl":"https:\/\/kme.eu\/kme\/wp-content\/uploads\/2023\/08\/panel_DG8_Compact-1.jpg","width":600,"height":675},{"@type":"BreadcrumbList","@id":"https:\/\/kme.eu\/kme\/produkt\/panel-sterowania-dg8-compact\/#breadcrumb","itemListElement":[{"@type":"ListItem","position":1,"name":"Strona g\u0142\u00f3wna","item":"https:\/\/kme.eu\/kme\/"},{"@type":"ListItem","position":2,"name":"Produkty","item":"https:\/\/kme.eu\/kme\/produkty\/"},{"@type":"ListItem","position":3,"name":"Panel Sterowania DG8 Compact"}]},{"@type":"WebSite","@id":"https:\/\/kme.eu\/kme\/#website","url":"https:\/\/kme.eu\/kme\/","name":"KME","description":"Autogas Systems","publisher":{"@id":"https:\/\/kme.eu\/kme\/#organization"},"potentialAction":[{"@type":"SearchAction","target":{"@type":"EntryPoint","urlTemplate":"https:\/\/kme.eu\/kme\/?s={search_term_string}"},"query-input":{"@type":"PropertyValueSpecification","valueRequired":true,"valueName":"search_term_string"}}],"inLanguage":"pl-PL"},{"@type":"Organization","@id":"https:\/\/kme.eu\/kme\/#organization","name":"KME","url":"https:\/\/kme.eu\/kme\/","logo":{"@type":"ImageObject","inLanguage":"pl-PL","@id":"https:\/\/kme.eu\/kme\/#\/schema\/logo\/image\/","url":"https:\/\/kme.eu\/kme\/wp-content\/uploads\/2020\/04\/logo_KME_RGB_small_200px.png","contentUrl":"https:\/\/kme.eu\/kme\/wp-content\/uploads\/2020\/04\/logo_KME_RGB_small_200px.png","width":272,"height":200,"caption":"KME"},"image":{"@id":"https:\/\/kme.eu\/kme\/#\/schema\/logo\/image\/"},"sameAs":["https:\/\/www.facebook.com\/KME.LPG\/","https:\/\/www.instagram.com\/kme_lpg\/"]}]}},"_links":{"self":[{"href":"https:\/\/kme.eu\/kme\/wp-json\/wp\/v2\/product\/15142","targetHints":{"allow":["GET"]}}],"collection":[{"href":"https:\/\/kme.eu\/kme\/wp-json\/wp\/v2\/product"}],"about":[{"href":"https:\/\/kme.eu\/kme\/wp-json\/wp\/v2\/types\/product"}],"wp:featuredmedia":[{"embeddable":true,"href":"https:\/\/kme.eu\/kme\/wp-json\/wp\/v2\/media\/16849"}],"wp:attachment":[{"href":"https:\/\/kme.eu\/kme\/wp-json\/wp\/v2\/media?parent=15142"}],"wp:term":[{"taxonomy":"product_brand","embeddable":true,"href":"https:\/\/kme.eu\/kme\/wp-json\/wp\/v2\/product_brand?post=15142"},{"taxonomy":"product_cat","embeddable":true,"href":"https:\/\/kme.eu\/kme\/wp-json\/wp\/v2\/product_cat?post=15142"},{"taxonomy":"product_tag","embeddable":true,"href":"https:\/\/kme.eu\/kme\/wp-json\/wp\/v2\/product_tag?post=15142"}],"curies":[{"name":"wp","href":"https:\/\/api.w.org\/{rel}","templated":true}]}}