{"id":15190,"date":"2022-06-23T15:57:27","date_gmt":"2022-06-23T13:57:27","guid":{"rendered":"https:\/\/kme.eu\/kme\/?post_type=product&#038;p=15190"},"modified":"2026-03-30T09:33:16","modified_gmt":"2026-03-30T07:33:16","slug":"sterownik-serwisowy-jet-eco","status":"publish","type":"product","link":"https:\/\/kme.eu\/kme\/produkt\/sterownik-serwisowy-jet-eco\/","title":{"rendered":"Sterownik serwisowy NEVO-SKY JET ECO"},"content":{"rendered":"<h5><strong>STEROWNIK SERWISOWY NEVO-SKY JET ECO\u00a0<\/strong><\/h5>\n<p>Pozwala na jazd\u0119 na benzynie w samochodzie, z kt\u00f3rego zosta\u0142 wyj\u0119ty sterownik gazowy.<\/p>\n<p>Zast\u0119puje sterownik NEVO-SKY JET ECO.<\/p>\n<p>&nbsp;<\/p>\n<p><script>\n   $(window).on('load', function(){\n      $(\".sdm_download\").each(function( index, element ){\n         console.log($(this));\n         $(this).attr('target','_blank');\n      });\n   });\n<\/script><\/p>\n","protected":false},"excerpt":{"rendered":"<p>Sterownik serwisowy <strong>NEVO-SKY JET ECO pozwala na jazd\u0119 na benzynie w samochodzie, z kt\u00f3rego zosta\u0142 wyj\u0119ty sterownik gazowy.<\/strong><\/p>\n","protected":false},"featured_media":15192,"template":"","meta":[],"product_brand":[],"product_cat":[487],"product_tag":[240,315,235,239],"class_list":{"0":"post-15190","1":"product","2":"type-product","3":"status-publish","4":"has-post-thumbnail","6":"product_cat-elektronika","7":"product_tag-jet","8":"product_tag-nevo-sky","9":"product_tag-nowosc","10":"product_tag-wtrysk-posredni","12":"first","13":"instock","14":"shipping-taxable","15":"product-type-grouped"},"acf":[],"yoast_head":"<!-- This site is optimized with the Yoast SEO plugin v27.4 - https:\/\/yoast.com\/product\/yoast-seo-wordpress\/ -->\n<title>Sterownik serwisowy NEVO-SKY JET ECO - KME<\/title>\n<meta name=\"robots\" content=\"index, follow, max-snippet:-1, max-image-preview:large, max-video-preview:-1\" \/>\n<link rel=\"canonical\" href=\"https:\/\/kme.eu\/kme\/produkt\/sterownik-serwisowy-jet-eco\/\" \/>\n<meta property=\"og:locale\" content=\"pl_PL\" \/>\n<meta property=\"og:type\" content=\"article\" \/>\n<meta property=\"og:title\" content=\"Sterownik serwisowy NEVO-SKY JET ECO - KME\" \/>\n<meta property=\"og:description\" content=\"Sterownik serwisowy NEVO-SKY JET ECO pozwala na jazd\u0119 na benzynie w samochodzie, z kt\u00f3rego zosta\u0142 wyj\u0119ty sterownik gazowy.\" \/>\n<meta property=\"og:url\" content=\"https:\/\/kme.eu\/kme\/produkt\/sterownik-serwisowy-jet-eco\/\" \/>\n<meta property=\"og:site_name\" content=\"KME\" \/>\n<meta property=\"article:publisher\" content=\"https:\/\/www.facebook.com\/KME.LPG\/\" \/>\n<meta property=\"article:modified_time\" content=\"2026-03-30T07:33:16+00:00\" \/>\n<meta property=\"og:image\" content=\"https:\/\/kme.eu\/kme\/wp-content\/uploads\/2022\/06\/JET_ECO_serwisowy.jpg\" \/>\n\t<meta property=\"og:image:width\" content=\"800\" \/>\n\t<meta property=\"og:image:height\" content=\"900\" \/>\n\t<meta property=\"og:image:type\" content=\"image\/jpeg\" \/>\n<meta name=\"twitter:card\" content=\"summary_large_image\" \/>\n<meta name=\"twitter:label1\" content=\"Szacowany czas czytania\" \/>\n\t<meta name=\"twitter:data1\" content=\"1 minuta\" \/>\n<script type=\"application\/ld+json\" class=\"yoast-schema-graph\">{\"@context\":\"https:\\\/\\\/schema.org\",\"@graph\":[{\"@type\":\"WebPage\",\"@id\":\"https:\\\/\\\/kme.eu\\\/kme\\\/produkt\\\/sterownik-serwisowy-jet-eco\\\/\",\"url\":\"https:\\\/\\\/kme.eu\\\/kme\\\/produkt\\\/sterownik-serwisowy-jet-eco\\\/\",\"name\":\"Sterownik serwisowy NEVO-SKY JET ECO - KME\",\"isPartOf\":{\"@id\":\"https:\\\/\\\/kme.eu\\\/kme\\\/#website\"},\"primaryImageOfPage\":{\"@id\":\"https:\\\/\\\/kme.eu\\\/kme\\\/produkt\\\/sterownik-serwisowy-jet-eco\\\/#primaryimage\"},\"image\":{\"@id\":\"https:\\\/\\\/kme.eu\\\/kme\\\/produkt\\\/sterownik-serwisowy-jet-eco\\\/#primaryimage\"},\"thumbnailUrl\":\"https:\\\/\\\/kme.eu\\\/kme\\\/wp-content\\\/uploads\\\/2022\\\/06\\\/JET_ECO_serwisowy.jpg\",\"datePublished\":\"2022-06-23T13:57:27+00:00\",\"dateModified\":\"2026-03-30T07:33:16+00:00\",\"breadcrumb\":{\"@id\":\"https:\\\/\\\/kme.eu\\\/kme\\\/produkt\\\/sterownik-serwisowy-jet-eco\\\/#breadcrumb\"},\"inLanguage\":\"pl-PL\",\"potentialAction\":[{\"@type\":\"ReadAction\",\"target\":[\"https:\\\/\\\/kme.eu\\\/kme\\\/produkt\\\/sterownik-serwisowy-jet-eco\\\/\"]}]},{\"@type\":\"ImageObject\",\"inLanguage\":\"pl-PL\",\"@id\":\"https:\\\/\\\/kme.eu\\\/kme\\\/produkt\\\/sterownik-serwisowy-jet-eco\\\/#primaryimage\",\"url\":\"https:\\\/\\\/kme.eu\\\/kme\\\/wp-content\\\/uploads\\\/2022\\\/06\\\/JET_ECO_serwisowy.jpg\",\"contentUrl\":\"https:\\\/\\\/kme.eu\\\/kme\\\/wp-content\\\/uploads\\\/2022\\\/06\\\/JET_ECO_serwisowy.jpg\",\"width\":800,\"height\":900},{\"@type\":\"BreadcrumbList\",\"@id\":\"https:\\\/\\\/kme.eu\\\/kme\\\/produkt\\\/sterownik-serwisowy-jet-eco\\\/#breadcrumb\",\"itemListElement\":[{\"@type\":\"ListItem\",\"position\":1,\"name\":\"Strona g\u0142\u00f3wna\",\"item\":\"https:\\\/\\\/kme.eu\\\/kme\\\/\"},{\"@type\":\"ListItem\",\"position\":2,\"name\":\"Produkty\",\"item\":\"https:\\\/\\\/kme.eu\\\/kme\\\/produkty\\\/\"},{\"@type\":\"ListItem\",\"position\":3,\"name\":\"Sterownik serwisowy NEVO-SKY JET ECO\"}]},{\"@type\":\"WebSite\",\"@id\":\"https:\\\/\\\/kme.eu\\\/kme\\\/#website\",\"url\":\"https:\\\/\\\/kme.eu\\\/kme\\\/\",\"name\":\"KME\",\"description\":\"Autogas Systems\",\"publisher\":{\"@id\":\"https:\\\/\\\/kme.eu\\\/kme\\\/#organization\"},\"potentialAction\":[{\"@type\":\"SearchAction\",\"target\":{\"@type\":\"EntryPoint\",\"urlTemplate\":\"https:\\\/\\\/kme.eu\\\/kme\\\/?s={search_term_string}\"},\"query-input\":{\"@type\":\"PropertyValueSpecification\",\"valueRequired\":true,\"valueName\":\"search_term_string\"}}],\"inLanguage\":\"pl-PL\"},{\"@type\":\"Organization\",\"@id\":\"https:\\\/\\\/kme.eu\\\/kme\\\/#organization\",\"name\":\"KME\",\"url\":\"https:\\\/\\\/kme.eu\\\/kme\\\/\",\"logo\":{\"@type\":\"ImageObject\",\"inLanguage\":\"pl-PL\",\"@id\":\"https:\\\/\\\/kme.eu\\\/kme\\\/#\\\/schema\\\/logo\\\/image\\\/\",\"url\":\"https:\\\/\\\/kme.eu\\\/kme\\\/wp-content\\\/uploads\\\/2020\\\/04\\\/logo_KME_RGB_small_200px.png\",\"contentUrl\":\"https:\\\/\\\/kme.eu\\\/kme\\\/wp-content\\\/uploads\\\/2020\\\/04\\\/logo_KME_RGB_small_200px.png\",\"width\":272,\"height\":200,\"caption\":\"KME\"},\"image\":{\"@id\":\"https:\\\/\\\/kme.eu\\\/kme\\\/#\\\/schema\\\/logo\\\/image\\\/\"},\"sameAs\":[\"https:\\\/\\\/www.facebook.com\\\/KME.LPG\\\/\",\"https:\\\/\\\/www.instagram.com\\\/kme_lpg\\\/\"]}]}<\/script>\n<!-- \/ Yoast SEO plugin. -->","yoast_head_json":{"title":"Sterownik serwisowy NEVO-SKY JET ECO - KME","robots":{"index":"index","follow":"follow","max-snippet":"max-snippet:-1","max-image-preview":"max-image-preview:large","max-video-preview":"max-video-preview:-1"},"canonical":"https:\/\/kme.eu\/kme\/produkt\/sterownik-serwisowy-jet-eco\/","og_locale":"pl_PL","og_type":"article","og_title":"Sterownik serwisowy NEVO-SKY JET ECO - KME","og_description":"Sterownik serwisowy NEVO-SKY JET ECO pozwala na jazd\u0119 na benzynie w samochodzie, z kt\u00f3rego zosta\u0142 wyj\u0119ty sterownik gazowy.","og_url":"https:\/\/kme.eu\/kme\/produkt\/sterownik-serwisowy-jet-eco\/","og_site_name":"KME","article_publisher":"https:\/\/www.facebook.com\/KME.LPG\/","article_modified_time":"2026-03-30T07:33:16+00:00","og_image":[{"width":800,"height":900,"url":"https:\/\/kme.eu\/kme\/wp-content\/uploads\/2022\/06\/JET_ECO_serwisowy.jpg","type":"image\/jpeg"}],"twitter_card":"summary_large_image","twitter_misc":{"Szacowany czas czytania":"1 minuta"},"schema":{"@context":"https:\/\/schema.org","@graph":[{"@type":"WebPage","@id":"https:\/\/kme.eu\/kme\/produkt\/sterownik-serwisowy-jet-eco\/","url":"https:\/\/kme.eu\/kme\/produkt\/sterownik-serwisowy-jet-eco\/","name":"Sterownik serwisowy NEVO-SKY JET ECO - KME","isPartOf":{"@id":"https:\/\/kme.eu\/kme\/#website"},"primaryImageOfPage":{"@id":"https:\/\/kme.eu\/kme\/produkt\/sterownik-serwisowy-jet-eco\/#primaryimage"},"image":{"@id":"https:\/\/kme.eu\/kme\/produkt\/sterownik-serwisowy-jet-eco\/#primaryimage"},"thumbnailUrl":"https:\/\/kme.eu\/kme\/wp-content\/uploads\/2022\/06\/JET_ECO_serwisowy.jpg","datePublished":"2022-06-23T13:57:27+00:00","dateModified":"2026-03-30T07:33:16+00:00","breadcrumb":{"@id":"https:\/\/kme.eu\/kme\/produkt\/sterownik-serwisowy-jet-eco\/#breadcrumb"},"inLanguage":"pl-PL","potentialAction":[{"@type":"ReadAction","target":["https:\/\/kme.eu\/kme\/produkt\/sterownik-serwisowy-jet-eco\/"]}]},{"@type":"ImageObject","inLanguage":"pl-PL","@id":"https:\/\/kme.eu\/kme\/produkt\/sterownik-serwisowy-jet-eco\/#primaryimage","url":"https:\/\/kme.eu\/kme\/wp-content\/uploads\/2022\/06\/JET_ECO_serwisowy.jpg","contentUrl":"https:\/\/kme.eu\/kme\/wp-content\/uploads\/2022\/06\/JET_ECO_serwisowy.jpg","width":800,"height":900},{"@type":"BreadcrumbList","@id":"https:\/\/kme.eu\/kme\/produkt\/sterownik-serwisowy-jet-eco\/#breadcrumb","itemListElement":[{"@type":"ListItem","position":1,"name":"Strona g\u0142\u00f3wna","item":"https:\/\/kme.eu\/kme\/"},{"@type":"ListItem","position":2,"name":"Produkty","item":"https:\/\/kme.eu\/kme\/produkty\/"},{"@type":"ListItem","position":3,"name":"Sterownik serwisowy NEVO-SKY JET ECO"}]},{"@type":"WebSite","@id":"https:\/\/kme.eu\/kme\/#website","url":"https:\/\/kme.eu\/kme\/","name":"KME","description":"Autogas Systems","publisher":{"@id":"https:\/\/kme.eu\/kme\/#organization"},"potentialAction":[{"@type":"SearchAction","target":{"@type":"EntryPoint","urlTemplate":"https:\/\/kme.eu\/kme\/?s={search_term_string}"},"query-input":{"@type":"PropertyValueSpecification","valueRequired":true,"valueName":"search_term_string"}}],"inLanguage":"pl-PL"},{"@type":"Organization","@id":"https:\/\/kme.eu\/kme\/#organization","name":"KME","url":"https:\/\/kme.eu\/kme\/","logo":{"@type":"ImageObject","inLanguage":"pl-PL","@id":"https:\/\/kme.eu\/kme\/#\/schema\/logo\/image\/","url":"https:\/\/kme.eu\/kme\/wp-content\/uploads\/2020\/04\/logo_KME_RGB_small_200px.png","contentUrl":"https:\/\/kme.eu\/kme\/wp-content\/uploads\/2020\/04\/logo_KME_RGB_small_200px.png","width":272,"height":200,"caption":"KME"},"image":{"@id":"https:\/\/kme.eu\/kme\/#\/schema\/logo\/image\/"},"sameAs":["https:\/\/www.facebook.com\/KME.LPG\/","https:\/\/www.instagram.com\/kme_lpg\/"]}]}},"_links":{"self":[{"href":"https:\/\/kme.eu\/kme\/wp-json\/wp\/v2\/product\/15190","targetHints":{"allow":["GET"]}}],"collection":[{"href":"https:\/\/kme.eu\/kme\/wp-json\/wp\/v2\/product"}],"about":[{"href":"https:\/\/kme.eu\/kme\/wp-json\/wp\/v2\/types\/product"}],"wp:featuredmedia":[{"embeddable":true,"href":"https:\/\/kme.eu\/kme\/wp-json\/wp\/v2\/media\/15192"}],"wp:attachment":[{"href":"https:\/\/kme.eu\/kme\/wp-json\/wp\/v2\/media?parent=15190"}],"wp:term":[{"taxonomy":"product_brand","embeddable":true,"href":"https:\/\/kme.eu\/kme\/wp-json\/wp\/v2\/product_brand?post=15190"},{"taxonomy":"product_cat","embeddable":true,"href":"https:\/\/kme.eu\/kme\/wp-json\/wp\/v2\/product_cat?post=15190"},{"taxonomy":"product_tag","embeddable":true,"href":"https:\/\/kme.eu\/kme\/wp-json\/wp\/v2\/product_tag?post=15190"}],"curies":[{"name":"wp","href":"https:\/\/api.w.org\/{rel}","templated":true}]}}