{"id":19046,"date":"2024-10-11T13:28:03","date_gmt":"2024-10-11T11:28:03","guid":{"rendered":"https:\/\/kme.eu\/kme\/?post_type=product&#038;p=19046"},"modified":"2026-03-27T14:22:12","modified_gmt":"2026-03-27T13:22:12","slug":"elektronika-tapo-digital","status":"publish","type":"product","link":"https:\/\/kme.eu\/kme\/produkt\/elektronika-tapo-digital\/","title":{"rendered":"TAPO DIGITAL"},"content":{"rendered":"<h5><\/h5>\n<h5><strong>Wariator k\u0105ta wyprzedzenia zap\u0142onu KME TAPO DIGITAL<\/strong><\/h5>\n<p>Wariator KME TAPO to urz\u0105dzenie mikroprocesorowe przeznaczone zar\u00f3wno do najnowocze\u015bniejszych, jak i starszych silnik\u00f3w benzynowych pracuj\u0105cych na gazie LPG lub CNG. Wariator <strong>zmienia k\u0105t wyprzedzenia zap\u0142onu w celu zwi\u0119kszenia efektywno\u015bci spalania mieszanki paliwowo-powietrznej oraz poprawy sprawno\u015bci silnika<\/strong>.<\/p>\n<p>Ze wzgl\u0119du na wy\u017csz\u0105 liczb\u0119 oktanow\u0105 gazu LPG i CNG oraz d\u0142u\u017cszy czas spalania mieszanki powietrzno-gazowej zachodzi potrzeba przystosowania uk\u0142adu zap\u0142onowego poprzez u\u017cycie wariatora KME TAPO.<\/p>\n<p>&nbsp;<\/p>\n<h5><b>Wersja DIGITAL<\/b><\/h5>\n<p>Wariator TAPO DIGITAL obs\u0142uguje cyfrowy czujnik wa\u0142u oraz dwa cyfrowe czujniki po\u0142o\u017cenia wa\u0142k\u00f3w rozrz\u0105du.<\/p>\n<p>&nbsp;<\/p>\n<h5><strong>FUNKCJE<\/strong><\/h5>\n<div>\u2022 Przeznaczony do: LPG i CNG<\/div>\n<div>\u2022 Obs\u0142uga czujnika wa\u0142u i 2 wa\u0142k\u00f3w rozrz\u0105du uwzgl\u0119dniaj\u0105c zmian\u0119 faz\u00a0rozrz\u0105du<\/div>\n<div>\u2022 Obs\u0142uga zmiennych faz rozrz\u0105du<\/div>\n<div>\u2022 Automatyczne skanowanie przebiegu z czujnika wa\u0142u oraz z wa\u0142k\u00f3w\u00a0rozrz\u0105du<\/div>\n<div>\u2022 Mo\u017cliwo\u015b\u0107 pod\u0142\u0105czenia sygna\u0142u TPS oraz MAP zwi\u0119kszaj\u0105ce mo\u017cliwo\u015bci\u00a0kalibracyjne<\/div>\n<div>\u2022 Wbudowany rejestrator przebieg\u00f3w<\/div>\n<div>\u2022 Innowacyjna metoda inteligentnej zmiany k\u0105ta wyprzedzenia zap\u0142onu dla najnowszych silnik\u00f3w<\/div>\n<div>\u2022 Obs\u0142uga aut wszystkich generacji silnik\u00f3w<\/div>\n<div>\u2022 Urz\u0105dzenie opracowane do nowoczesnych silnik\u00f3w z bezpo\u015brednim\u00a0(DI) i kombinowanym (DI+MPI) wtryskiem paliwa<\/div>\n<div>\u2022 Wbudowane mechaniczne przeka\u017aniki zapewniaj\u0105ce prawid\u0142ow\u0105 prac\u0119\u00a0w przypadku awarii<\/div>\n<div><\/div>\n<div>\n<h5><strong>KORZY\u015aCI<\/strong><\/h5>\n<\/div>\n<div>\n<div>\u2022 Zmniejszenie zu\u017cycia paliwa: LPG 3-10%, CNG 5-15%<\/div>\n<div>\u2022 Wzrost mocy silnika: LPG 1-3%, CNG 5-15%<\/div>\n<div>\u2022 Zwi\u0119kszone bezpiecze\u0144stwo pracy instalacji gazowej starszych\u00a0generacji poprzez zmniejszenie ryzyka powstawania wybuch\u00f3w\u00a0powrotnych w kolektorze<\/div>\n<\/div>\n<p>&nbsp;<\/p>\n<p>&nbsp;<\/p>\n<div class=\"sdm_download_button_box_default\"><div class=\"sdm_download_link\"><a href=\"https:\/\/kme.eu\/kme\/?sdm_process_download=1&download_id=19061\" class=\"sdm_download orange\" title=\"TAPO \u2013 karta produktu\" target=&quot;_blank&quot;>Pobierz kart\u0119 produktu TAPO<\/a><\/div><\/div>\n<p>&nbsp;<\/p>\n<p>&nbsp;<\/p>\n<p>&nbsp;<\/p>\n<p><script>\n   $(window).on('load', function(){\n      $(\".sdm_download\").each(function( index, element ){\n         console.log($(this));\n         $(this).attr('target','_blank');\n      });\n   });\n<\/script><\/p>\n","protected":false},"excerpt":{"rendered":"<p>Wariator k\u0105ta wyprzedzenia zap\u0142onu KME TAPO DIGITAL.<\/p>\n","protected":false},"featured_media":19886,"template":"","meta":[],"product_brand":[],"product_cat":[487],"product_tag":[255511,315,235,592516,312,239],"class_list":{"0":"post-19046","1":"product","2":"type-product","3":"status-publish","4":"has-post-thumbnail","6":"product_cat-elektronika","7":"product_tag-indirect-injection-pl","8":"product_tag-nevo-sky","9":"product_tag-nowosc","10":"product_tag-wariator","11":"product_tag-wtrysk-bezposredni","12":"product_tag-wtrysk-posredni","14":"first","15":"instock","16":"shipping-taxable","17":"product-type-simple"},"acf":[],"yoast_head":"<!-- This site is optimized with the Yoast SEO plugin v27.4 - https:\/\/yoast.com\/product\/yoast-seo-wordpress\/ -->\n<title>TAPO DIGITAL - KME<\/title>\n<meta name=\"robots\" content=\"index, follow, max-snippet:-1, max-image-preview:large, max-video-preview:-1\" \/>\n<link rel=\"canonical\" href=\"https:\/\/kme.eu\/kme\/produkt\/elektronika-tapo-digital\/\" \/>\n<meta property=\"og:locale\" content=\"pl_PL\" \/>\n<meta property=\"og:type\" content=\"article\" \/>\n<meta property=\"og:title\" content=\"TAPO DIGITAL - KME\" \/>\n<meta property=\"og:description\" content=\"Wariator k\u0105ta wyprzedzenia zap\u0142onu KME TAPO DIGITAL.\" \/>\n<meta property=\"og:url\" content=\"https:\/\/kme.eu\/kme\/produkt\/elektronika-tapo-digital\/\" \/>\n<meta property=\"og:site_name\" content=\"KME\" \/>\n<meta property=\"article:publisher\" content=\"https:\/\/www.facebook.com\/KME.LPG\/\" \/>\n<meta property=\"article:modified_time\" content=\"2026-03-27T13:22:12+00:00\" \/>\n<meta property=\"og:image\" content=\"https:\/\/kme.eu\/kme\/wp-content\/uploads\/2025\/05\/wariator_TAPO_digital_6701000014.jpg\" \/>\n\t<meta property=\"og:image:width\" content=\"800\" \/>\n\t<meta property=\"og:image:height\" content=\"900\" \/>\n\t<meta property=\"og:image:type\" content=\"image\/jpeg\" \/>\n<meta name=\"twitter:card\" content=\"summary_large_image\" \/>\n<meta name=\"twitter:label1\" content=\"Szacowany czas czytania\" \/>\n\t<meta name=\"twitter:data1\" content=\"2 minuty\" \/>\n<script type=\"application\/ld+json\" class=\"yoast-schema-graph\">{\"@context\":\"https:\\\/\\\/schema.org\",\"@graph\":[{\"@type\":\"WebPage\",\"@id\":\"https:\\\/\\\/kme.eu\\\/kme\\\/produkt\\\/elektronika-tapo-digital\\\/\",\"url\":\"https:\\\/\\\/kme.eu\\\/kme\\\/produkt\\\/elektronika-tapo-digital\\\/\",\"name\":\"TAPO DIGITAL - KME\",\"isPartOf\":{\"@id\":\"https:\\\/\\\/kme.eu\\\/kme\\\/#website\"},\"primaryImageOfPage\":{\"@id\":\"https:\\\/\\\/kme.eu\\\/kme\\\/produkt\\\/elektronika-tapo-digital\\\/#primaryimage\"},\"image\":{\"@id\":\"https:\\\/\\\/kme.eu\\\/kme\\\/produkt\\\/elektronika-tapo-digital\\\/#primaryimage\"},\"thumbnailUrl\":\"https:\\\/\\\/kme.eu\\\/kme\\\/wp-content\\\/uploads\\\/2025\\\/05\\\/wariator_TAPO_digital_6701000014.jpg\",\"datePublished\":\"2024-10-11T11:28:03+00:00\",\"dateModified\":\"2026-03-27T13:22:12+00:00\",\"breadcrumb\":{\"@id\":\"https:\\\/\\\/kme.eu\\\/kme\\\/produkt\\\/elektronika-tapo-digital\\\/#breadcrumb\"},\"inLanguage\":\"pl-PL\",\"potentialAction\":[{\"@type\":\"ReadAction\",\"target\":[\"https:\\\/\\\/kme.eu\\\/kme\\\/produkt\\\/elektronika-tapo-digital\\\/\"]}]},{\"@type\":\"ImageObject\",\"inLanguage\":\"pl-PL\",\"@id\":\"https:\\\/\\\/kme.eu\\\/kme\\\/produkt\\\/elektronika-tapo-digital\\\/#primaryimage\",\"url\":\"https:\\\/\\\/kme.eu\\\/kme\\\/wp-content\\\/uploads\\\/2025\\\/05\\\/wariator_TAPO_digital_6701000014.jpg\",\"contentUrl\":\"https:\\\/\\\/kme.eu\\\/kme\\\/wp-content\\\/uploads\\\/2025\\\/05\\\/wariator_TAPO_digital_6701000014.jpg\",\"width\":800,\"height\":900},{\"@type\":\"BreadcrumbList\",\"@id\":\"https:\\\/\\\/kme.eu\\\/kme\\\/produkt\\\/elektronika-tapo-digital\\\/#breadcrumb\",\"itemListElement\":[{\"@type\":\"ListItem\",\"position\":1,\"name\":\"Strona g\u0142\u00f3wna\",\"item\":\"https:\\\/\\\/kme.eu\\\/kme\\\/\"},{\"@type\":\"ListItem\",\"position\":2,\"name\":\"Produkty\",\"item\":\"https:\\\/\\\/kme.eu\\\/kme\\\/produkty\\\/\"},{\"@type\":\"ListItem\",\"position\":3,\"name\":\"TAPO DIGITAL\"}]},{\"@type\":\"WebSite\",\"@id\":\"https:\\\/\\\/kme.eu\\\/kme\\\/#website\",\"url\":\"https:\\\/\\\/kme.eu\\\/kme\\\/\",\"name\":\"KME\",\"description\":\"Autogas Systems\",\"publisher\":{\"@id\":\"https:\\\/\\\/kme.eu\\\/kme\\\/#organization\"},\"potentialAction\":[{\"@type\":\"SearchAction\",\"target\":{\"@type\":\"EntryPoint\",\"urlTemplate\":\"https:\\\/\\\/kme.eu\\\/kme\\\/?s={search_term_string}\"},\"query-input\":{\"@type\":\"PropertyValueSpecification\",\"valueRequired\":true,\"valueName\":\"search_term_string\"}}],\"inLanguage\":\"pl-PL\"},{\"@type\":\"Organization\",\"@id\":\"https:\\\/\\\/kme.eu\\\/kme\\\/#organization\",\"name\":\"KME\",\"url\":\"https:\\\/\\\/kme.eu\\\/kme\\\/\",\"logo\":{\"@type\":\"ImageObject\",\"inLanguage\":\"pl-PL\",\"@id\":\"https:\\\/\\\/kme.eu\\\/kme\\\/#\\\/schema\\\/logo\\\/image\\\/\",\"url\":\"https:\\\/\\\/kme.eu\\\/kme\\\/wp-content\\\/uploads\\\/2020\\\/04\\\/logo_KME_RGB_small_200px.png\",\"contentUrl\":\"https:\\\/\\\/kme.eu\\\/kme\\\/wp-content\\\/uploads\\\/2020\\\/04\\\/logo_KME_RGB_small_200px.png\",\"width\":272,\"height\":200,\"caption\":\"KME\"},\"image\":{\"@id\":\"https:\\\/\\\/kme.eu\\\/kme\\\/#\\\/schema\\\/logo\\\/image\\\/\"},\"sameAs\":[\"https:\\\/\\\/www.facebook.com\\\/KME.LPG\\\/\",\"https:\\\/\\\/www.instagram.com\\\/kme_lpg\\\/\"]}]}<\/script>\n<!-- \/ Yoast SEO plugin. -->","yoast_head_json":{"title":"TAPO DIGITAL - KME","robots":{"index":"index","follow":"follow","max-snippet":"max-snippet:-1","max-image-preview":"max-image-preview:large","max-video-preview":"max-video-preview:-1"},"canonical":"https:\/\/kme.eu\/kme\/produkt\/elektronika-tapo-digital\/","og_locale":"pl_PL","og_type":"article","og_title":"TAPO DIGITAL - KME","og_description":"Wariator k\u0105ta wyprzedzenia zap\u0142onu KME TAPO DIGITAL.","og_url":"https:\/\/kme.eu\/kme\/produkt\/elektronika-tapo-digital\/","og_site_name":"KME","article_publisher":"https:\/\/www.facebook.com\/KME.LPG\/","article_modified_time":"2026-03-27T13:22:12+00:00","og_image":[{"width":800,"height":900,"url":"https:\/\/kme.eu\/kme\/wp-content\/uploads\/2025\/05\/wariator_TAPO_digital_6701000014.jpg","type":"image\/jpeg"}],"twitter_card":"summary_large_image","twitter_misc":{"Szacowany czas czytania":"2 minuty"},"schema":{"@context":"https:\/\/schema.org","@graph":[{"@type":"WebPage","@id":"https:\/\/kme.eu\/kme\/produkt\/elektronika-tapo-digital\/","url":"https:\/\/kme.eu\/kme\/produkt\/elektronika-tapo-digital\/","name":"TAPO DIGITAL - KME","isPartOf":{"@id":"https:\/\/kme.eu\/kme\/#website"},"primaryImageOfPage":{"@id":"https:\/\/kme.eu\/kme\/produkt\/elektronika-tapo-digital\/#primaryimage"},"image":{"@id":"https:\/\/kme.eu\/kme\/produkt\/elektronika-tapo-digital\/#primaryimage"},"thumbnailUrl":"https:\/\/kme.eu\/kme\/wp-content\/uploads\/2025\/05\/wariator_TAPO_digital_6701000014.jpg","datePublished":"2024-10-11T11:28:03+00:00","dateModified":"2026-03-27T13:22:12+00:00","breadcrumb":{"@id":"https:\/\/kme.eu\/kme\/produkt\/elektronika-tapo-digital\/#breadcrumb"},"inLanguage":"pl-PL","potentialAction":[{"@type":"ReadAction","target":["https:\/\/kme.eu\/kme\/produkt\/elektronika-tapo-digital\/"]}]},{"@type":"ImageObject","inLanguage":"pl-PL","@id":"https:\/\/kme.eu\/kme\/produkt\/elektronika-tapo-digital\/#primaryimage","url":"https:\/\/kme.eu\/kme\/wp-content\/uploads\/2025\/05\/wariator_TAPO_digital_6701000014.jpg","contentUrl":"https:\/\/kme.eu\/kme\/wp-content\/uploads\/2025\/05\/wariator_TAPO_digital_6701000014.jpg","width":800,"height":900},{"@type":"BreadcrumbList","@id":"https:\/\/kme.eu\/kme\/produkt\/elektronika-tapo-digital\/#breadcrumb","itemListElement":[{"@type":"ListItem","position":1,"name":"Strona g\u0142\u00f3wna","item":"https:\/\/kme.eu\/kme\/"},{"@type":"ListItem","position":2,"name":"Produkty","item":"https:\/\/kme.eu\/kme\/produkty\/"},{"@type":"ListItem","position":3,"name":"TAPO DIGITAL"}]},{"@type":"WebSite","@id":"https:\/\/kme.eu\/kme\/#website","url":"https:\/\/kme.eu\/kme\/","name":"KME","description":"Autogas Systems","publisher":{"@id":"https:\/\/kme.eu\/kme\/#organization"},"potentialAction":[{"@type":"SearchAction","target":{"@type":"EntryPoint","urlTemplate":"https:\/\/kme.eu\/kme\/?s={search_term_string}"},"query-input":{"@type":"PropertyValueSpecification","valueRequired":true,"valueName":"search_term_string"}}],"inLanguage":"pl-PL"},{"@type":"Organization","@id":"https:\/\/kme.eu\/kme\/#organization","name":"KME","url":"https:\/\/kme.eu\/kme\/","logo":{"@type":"ImageObject","inLanguage":"pl-PL","@id":"https:\/\/kme.eu\/kme\/#\/schema\/logo\/image\/","url":"https:\/\/kme.eu\/kme\/wp-content\/uploads\/2020\/04\/logo_KME_RGB_small_200px.png","contentUrl":"https:\/\/kme.eu\/kme\/wp-content\/uploads\/2020\/04\/logo_KME_RGB_small_200px.png","width":272,"height":200,"caption":"KME"},"image":{"@id":"https:\/\/kme.eu\/kme\/#\/schema\/logo\/image\/"},"sameAs":["https:\/\/www.facebook.com\/KME.LPG\/","https:\/\/www.instagram.com\/kme_lpg\/"]}]}},"_links":{"self":[{"href":"https:\/\/kme.eu\/kme\/wp-json\/wp\/v2\/product\/19046","targetHints":{"allow":["GET"]}}],"collection":[{"href":"https:\/\/kme.eu\/kme\/wp-json\/wp\/v2\/product"}],"about":[{"href":"https:\/\/kme.eu\/kme\/wp-json\/wp\/v2\/types\/product"}],"wp:featuredmedia":[{"embeddable":true,"href":"https:\/\/kme.eu\/kme\/wp-json\/wp\/v2\/media\/19886"}],"wp:attachment":[{"href":"https:\/\/kme.eu\/kme\/wp-json\/wp\/v2\/media?parent=19046"}],"wp:term":[{"taxonomy":"product_brand","embeddable":true,"href":"https:\/\/kme.eu\/kme\/wp-json\/wp\/v2\/product_brand?post=19046"},{"taxonomy":"product_cat","embeddable":true,"href":"https:\/\/kme.eu\/kme\/wp-json\/wp\/v2\/product_cat?post=19046"},{"taxonomy":"product_tag","embeddable":true,"href":"https:\/\/kme.eu\/kme\/wp-json\/wp\/v2\/product_tag?post=19046"}],"curies":[{"name":"wp","href":"https:\/\/api.w.org\/{rel}","templated":true}]}}