{"id":7212,"date":"2020-06-04T14:14:05","date_gmt":"2020-06-04T12:14:05","guid":{"rendered":"https:\/\/mucha.sobnet.eu\/kme\/?post_type=product&#038;p=7212"},"modified":"2026-03-30T11:39:19","modified_gmt":"2026-03-30T09:39:19","slug":"reduktor-twin-z-v1","status":"publish","type":"product","link":"https:\/\/kme.eu\/kme\/produkt\/reduktor-twin-z-v1\/","title":{"rendered":"Reduktor TWIN Z V1"},"content":{"rendered":"<div style=\"height: 5px; border-top: thin solid #ffbb00;\"><\/div>\n<div style=\"margin-top: 50px;\"><img loading=\"lazy\" decoding=\"async\" class=\"alignnone wp-image-10762 size-full\" src=\"https:\/\/kme.eu\/kme\/wp-content\/uploads\/2021\/02\/ikony_TWINZ1.png\" alt=\"\" width=\"482\" height=\"140\" srcset=\"https:\/\/kme.eu\/kme\/wp-content\/uploads\/2021\/02\/ikony_TWINZ1.png 482w, https:\/\/kme.eu\/kme\/wp-content\/uploads\/2021\/02\/ikony_TWINZ1-300x87.png 300w\" sizes=\"auto, (max-width: 482px) 100vw, 482px\" \/><\/div>\n<div style=\"margin-top: 50px;\">\nReduktor do system\u00f3w sekwencyjnego wtrysku gazu do silnik\u00f3w o mocy do 290kW (395KM) z zewn\u0119trznym elektrozaworem i filtrem (dwa zawory). Zasilany rurk\u0105 miedzian\u0105 Cu o \u015brednicy fi6. Klapkowy zaw\u00f3r regulacyjny.<\/p>\n<p>Nowy, pot\u0119\u017cny reduktor opracowany na bazie popularnego reduktora TUR6. Przeznaczony do samochod\u00f3w o silnikach du\u017cej mocy. Podw\u00f3jny system stabilizacji ci\u015bnienia gazu zapewnia odpowiedni\u0105 ilo\u015b\u0107 gazu o stabilnych parametrach. Przeznaczony do stosowania do silnik\u00f3w o du\u017cych poborach chwilowych gazu. Spadki ci\u015bnienia 0,2 bara przy 350KM.<\/p>\n<p>Osi\u0105gniecie tak du\u017cej wydajno\u015bci przy jego niewielkich rozmiarach uzyskano dzi\u0119ki poprowadzeniu w nowy spos\u00f3b kana\u0142\u00f3w po stronie wodnej oraz gazowej reduktora TWIN. Dodatkowym atutem jest wprowadzenie zaworu regulacyjnego w postaci klapki. Rozwi\u0105zanie to zapewnia du\u017c\u0105 odporno\u015b\u0107 nowego rozwi\u0105zania na zanieczyszczenia wyst\u0119puj\u0105ce w gazie, co znacznie przed\u0142u\u017cy okres bezawaryjnej pracy reduktora. Reduktor TWIN pozwala na uzyskanie stabilnego ci\u015bnienia LPG w pe\u0142nym zakresie mocy, co zapewnia p\u0142ynn\u0105 i dynamiczn\u0105 jazd\u0119 przy optymalnym zu\u017cyciu paliwa gazowego.<\/p>\n<\/div>\n<p>&nbsp;<\/p>\n<div class=\"sdm_download_button_box_default\"><div class=\"sdm_download_link\"><a href=\"https:\/\/kme.eu\/kme\/?sdm_process_download=1&download_id=8890\" class=\"sdm_download orange\" title=\"Instrukcja reduktora TWIN Z V1\" >Instrukcja monta\u017cu<\/a><\/div><\/div><br \/>\n<script>\n   $(window).on('load', function(){\n      $(\".sdm_download\").each(function( index, element ){\n         console.log($(this));\n         $(this).attr('target','_blank');\n      });\n   });\n<\/script><\/p>\n","protected":false},"excerpt":{"rendered":"<p>Reduktor do system\u00f3w sekwencyjnego wtrysku gazu do silnik\u00f3w o mocy do 290kW (395KM) z zewn\u0119trznym elektrozaworem i filtrem (dwa zawory).<\/p>\n","protected":false},"featured_media":10705,"template":"","meta":[],"product_brand":[],"product_cat":[146],"product_tag":[170],"class_list":{"0":"post-7212","1":"product","2":"type-product","3":"status-publish","4":"has-post-thumbnail","6":"product_cat-reduktory","7":"product_tag-reduktor-klapkowy","8":"pa_homologacja-r2-e8-67r-01-6555","9":"pa_kod-produktu-824-000-023","10":"pa_krociec-podcisnienia-fi-5-mm","11":"pa_moc-silnika-395-km","12":"pa_regulacja-cisnienia-0-9-bar","13":"pa_regulacja-cisnienia-do-16-bar","14":"pa_srednica-wejscia-gazu-fi-6-mm","15":"pa_wyjsciowe-cisnienie-robocze-1-2-bar","16":"pa_wylot-gazu-fazy-lotnej-2-x-fi-12-mm","18":"first","19":"instock","20":"shipping-taxable","21":"product-type-simple"},"acf":[],"yoast_head":"<!-- This site is optimized with the Yoast SEO plugin v27.4 - https:\/\/yoast.com\/product\/yoast-seo-wordpress\/ -->\n<title>Reduktor TWIN Z V1 - KME<\/title>\n<meta name=\"robots\" content=\"index, follow, max-snippet:-1, max-image-preview:large, max-video-preview:-1\" \/>\n<link rel=\"canonical\" href=\"https:\/\/kme.eu\/kme\/produkt\/reduktor-twin-z-v1\/\" \/>\n<meta property=\"og:locale\" content=\"pl_PL\" \/>\n<meta property=\"og:type\" content=\"article\" \/>\n<meta property=\"og:title\" content=\"Reduktor TWIN Z V1 - KME\" \/>\n<meta property=\"og:description\" content=\"Reduktor do system\u00f3w sekwencyjnego wtrysku gazu do silnik\u00f3w o mocy do 290kW (395KM) z zewn\u0119trznym elektrozaworem i filtrem (dwa zawory).\" \/>\n<meta property=\"og:url\" content=\"https:\/\/kme.eu\/kme\/produkt\/reduktor-twin-z-v1\/\" \/>\n<meta property=\"og:site_name\" content=\"KME\" \/>\n<meta property=\"article:publisher\" content=\"https:\/\/www.facebook.com\/KME.LPG\/\" \/>\n<meta property=\"article:modified_time\" content=\"2026-03-30T09:39:19+00:00\" \/>\n<meta property=\"og:image\" content=\"https:\/\/kme.eu\/kme\/wp-content\/uploads\/2021\/02\/reduktor_twin_v1_01.jpg\" \/>\n\t<meta property=\"og:image:width\" content=\"800\" \/>\n\t<meta property=\"og:image:height\" content=\"800\" \/>\n\t<meta property=\"og:image:type\" content=\"image\/jpeg\" \/>\n<meta name=\"twitter:card\" content=\"summary_large_image\" \/>\n<meta name=\"twitter:label1\" content=\"Szacowany czas czytania\" \/>\n\t<meta name=\"twitter:data1\" content=\"2 minuty\" \/>\n<script type=\"application\/ld+json\" class=\"yoast-schema-graph\">{\"@context\":\"https:\\\/\\\/schema.org\",\"@graph\":[{\"@type\":\"WebPage\",\"@id\":\"https:\\\/\\\/kme.eu\\\/kme\\\/produkt\\\/reduktor-twin-z-v1\\\/\",\"url\":\"https:\\\/\\\/kme.eu\\\/kme\\\/produkt\\\/reduktor-twin-z-v1\\\/\",\"name\":\"Reduktor TWIN Z V1 - KME\",\"isPartOf\":{\"@id\":\"https:\\\/\\\/kme.eu\\\/kme\\\/#website\"},\"primaryImageOfPage\":{\"@id\":\"https:\\\/\\\/kme.eu\\\/kme\\\/produkt\\\/reduktor-twin-z-v1\\\/#primaryimage\"},\"image\":{\"@id\":\"https:\\\/\\\/kme.eu\\\/kme\\\/produkt\\\/reduktor-twin-z-v1\\\/#primaryimage\"},\"thumbnailUrl\":\"https:\\\/\\\/kme.eu\\\/kme\\\/wp-content\\\/uploads\\\/2021\\\/02\\\/reduktor_twin_v1_01.jpg\",\"datePublished\":\"2020-06-04T12:14:05+00:00\",\"dateModified\":\"2026-03-30T09:39:19+00:00\",\"breadcrumb\":{\"@id\":\"https:\\\/\\\/kme.eu\\\/kme\\\/produkt\\\/reduktor-twin-z-v1\\\/#breadcrumb\"},\"inLanguage\":\"pl-PL\",\"potentialAction\":[{\"@type\":\"ReadAction\",\"target\":[\"https:\\\/\\\/kme.eu\\\/kme\\\/produkt\\\/reduktor-twin-z-v1\\\/\"]}]},{\"@type\":\"ImageObject\",\"inLanguage\":\"pl-PL\",\"@id\":\"https:\\\/\\\/kme.eu\\\/kme\\\/produkt\\\/reduktor-twin-z-v1\\\/#primaryimage\",\"url\":\"https:\\\/\\\/kme.eu\\\/kme\\\/wp-content\\\/uploads\\\/2021\\\/02\\\/reduktor_twin_v1_01.jpg\",\"contentUrl\":\"https:\\\/\\\/kme.eu\\\/kme\\\/wp-content\\\/uploads\\\/2021\\\/02\\\/reduktor_twin_v1_01.jpg\",\"width\":800,\"height\":800},{\"@type\":\"BreadcrumbList\",\"@id\":\"https:\\\/\\\/kme.eu\\\/kme\\\/produkt\\\/reduktor-twin-z-v1\\\/#breadcrumb\",\"itemListElement\":[{\"@type\":\"ListItem\",\"position\":1,\"name\":\"Strona g\u0142\u00f3wna\",\"item\":\"https:\\\/\\\/kme.eu\\\/kme\\\/\"},{\"@type\":\"ListItem\",\"position\":2,\"name\":\"Produkty\",\"item\":\"https:\\\/\\\/kme.eu\\\/kme\\\/produkty\\\/\"},{\"@type\":\"ListItem\",\"position\":3,\"name\":\"Reduktor TWIN Z V1\"}]},{\"@type\":\"WebSite\",\"@id\":\"https:\\\/\\\/kme.eu\\\/kme\\\/#website\",\"url\":\"https:\\\/\\\/kme.eu\\\/kme\\\/\",\"name\":\"KME\",\"description\":\"Autogas Systems\",\"publisher\":{\"@id\":\"https:\\\/\\\/kme.eu\\\/kme\\\/#organization\"},\"potentialAction\":[{\"@type\":\"SearchAction\",\"target\":{\"@type\":\"EntryPoint\",\"urlTemplate\":\"https:\\\/\\\/kme.eu\\\/kme\\\/?s={search_term_string}\"},\"query-input\":{\"@type\":\"PropertyValueSpecification\",\"valueRequired\":true,\"valueName\":\"search_term_string\"}}],\"inLanguage\":\"pl-PL\"},{\"@type\":\"Organization\",\"@id\":\"https:\\\/\\\/kme.eu\\\/kme\\\/#organization\",\"name\":\"KME\",\"url\":\"https:\\\/\\\/kme.eu\\\/kme\\\/\",\"logo\":{\"@type\":\"ImageObject\",\"inLanguage\":\"pl-PL\",\"@id\":\"https:\\\/\\\/kme.eu\\\/kme\\\/#\\\/schema\\\/logo\\\/image\\\/\",\"url\":\"https:\\\/\\\/kme.eu\\\/kme\\\/wp-content\\\/uploads\\\/2020\\\/04\\\/logo_KME_RGB_small_200px.png\",\"contentUrl\":\"https:\\\/\\\/kme.eu\\\/kme\\\/wp-content\\\/uploads\\\/2020\\\/04\\\/logo_KME_RGB_small_200px.png\",\"width\":272,\"height\":200,\"caption\":\"KME\"},\"image\":{\"@id\":\"https:\\\/\\\/kme.eu\\\/kme\\\/#\\\/schema\\\/logo\\\/image\\\/\"},\"sameAs\":[\"https:\\\/\\\/www.facebook.com\\\/KME.LPG\\\/\",\"https:\\\/\\\/www.instagram.com\\\/kme_lpg\\\/\"]}]}<\/script>\n<!-- \/ Yoast SEO plugin. -->","yoast_head_json":{"title":"Reduktor TWIN Z V1 - KME","robots":{"index":"index","follow":"follow","max-snippet":"max-snippet:-1","max-image-preview":"max-image-preview:large","max-video-preview":"max-video-preview:-1"},"canonical":"https:\/\/kme.eu\/kme\/produkt\/reduktor-twin-z-v1\/","og_locale":"pl_PL","og_type":"article","og_title":"Reduktor TWIN Z V1 - KME","og_description":"Reduktor do system\u00f3w sekwencyjnego wtrysku gazu do silnik\u00f3w o mocy do 290kW (395KM) z zewn\u0119trznym elektrozaworem i filtrem (dwa zawory).","og_url":"https:\/\/kme.eu\/kme\/produkt\/reduktor-twin-z-v1\/","og_site_name":"KME","article_publisher":"https:\/\/www.facebook.com\/KME.LPG\/","article_modified_time":"2026-03-30T09:39:19+00:00","og_image":[{"width":800,"height":800,"url":"https:\/\/kme.eu\/kme\/wp-content\/uploads\/2021\/02\/reduktor_twin_v1_01.jpg","type":"image\/jpeg"}],"twitter_card":"summary_large_image","twitter_misc":{"Szacowany czas czytania":"2 minuty"},"schema":{"@context":"https:\/\/schema.org","@graph":[{"@type":"WebPage","@id":"https:\/\/kme.eu\/kme\/produkt\/reduktor-twin-z-v1\/","url":"https:\/\/kme.eu\/kme\/produkt\/reduktor-twin-z-v1\/","name":"Reduktor TWIN Z V1 - KME","isPartOf":{"@id":"https:\/\/kme.eu\/kme\/#website"},"primaryImageOfPage":{"@id":"https:\/\/kme.eu\/kme\/produkt\/reduktor-twin-z-v1\/#primaryimage"},"image":{"@id":"https:\/\/kme.eu\/kme\/produkt\/reduktor-twin-z-v1\/#primaryimage"},"thumbnailUrl":"https:\/\/kme.eu\/kme\/wp-content\/uploads\/2021\/02\/reduktor_twin_v1_01.jpg","datePublished":"2020-06-04T12:14:05+00:00","dateModified":"2026-03-30T09:39:19+00:00","breadcrumb":{"@id":"https:\/\/kme.eu\/kme\/produkt\/reduktor-twin-z-v1\/#breadcrumb"},"inLanguage":"pl-PL","potentialAction":[{"@type":"ReadAction","target":["https:\/\/kme.eu\/kme\/produkt\/reduktor-twin-z-v1\/"]}]},{"@type":"ImageObject","inLanguage":"pl-PL","@id":"https:\/\/kme.eu\/kme\/produkt\/reduktor-twin-z-v1\/#primaryimage","url":"https:\/\/kme.eu\/kme\/wp-content\/uploads\/2021\/02\/reduktor_twin_v1_01.jpg","contentUrl":"https:\/\/kme.eu\/kme\/wp-content\/uploads\/2021\/02\/reduktor_twin_v1_01.jpg","width":800,"height":800},{"@type":"BreadcrumbList","@id":"https:\/\/kme.eu\/kme\/produkt\/reduktor-twin-z-v1\/#breadcrumb","itemListElement":[{"@type":"ListItem","position":1,"name":"Strona g\u0142\u00f3wna","item":"https:\/\/kme.eu\/kme\/"},{"@type":"ListItem","position":2,"name":"Produkty","item":"https:\/\/kme.eu\/kme\/produkty\/"},{"@type":"ListItem","position":3,"name":"Reduktor TWIN Z V1"}]},{"@type":"WebSite","@id":"https:\/\/kme.eu\/kme\/#website","url":"https:\/\/kme.eu\/kme\/","name":"KME","description":"Autogas Systems","publisher":{"@id":"https:\/\/kme.eu\/kme\/#organization"},"potentialAction":[{"@type":"SearchAction","target":{"@type":"EntryPoint","urlTemplate":"https:\/\/kme.eu\/kme\/?s={search_term_string}"},"query-input":{"@type":"PropertyValueSpecification","valueRequired":true,"valueName":"search_term_string"}}],"inLanguage":"pl-PL"},{"@type":"Organization","@id":"https:\/\/kme.eu\/kme\/#organization","name":"KME","url":"https:\/\/kme.eu\/kme\/","logo":{"@type":"ImageObject","inLanguage":"pl-PL","@id":"https:\/\/kme.eu\/kme\/#\/schema\/logo\/image\/","url":"https:\/\/kme.eu\/kme\/wp-content\/uploads\/2020\/04\/logo_KME_RGB_small_200px.png","contentUrl":"https:\/\/kme.eu\/kme\/wp-content\/uploads\/2020\/04\/logo_KME_RGB_small_200px.png","width":272,"height":200,"caption":"KME"},"image":{"@id":"https:\/\/kme.eu\/kme\/#\/schema\/logo\/image\/"},"sameAs":["https:\/\/www.facebook.com\/KME.LPG\/","https:\/\/www.instagram.com\/kme_lpg\/"]}]}},"_links":{"self":[{"href":"https:\/\/kme.eu\/kme\/wp-json\/wp\/v2\/product\/7212","targetHints":{"allow":["GET"]}}],"collection":[{"href":"https:\/\/kme.eu\/kme\/wp-json\/wp\/v2\/product"}],"about":[{"href":"https:\/\/kme.eu\/kme\/wp-json\/wp\/v2\/types\/product"}],"wp:featuredmedia":[{"embeddable":true,"href":"https:\/\/kme.eu\/kme\/wp-json\/wp\/v2\/media\/10705"}],"wp:attachment":[{"href":"https:\/\/kme.eu\/kme\/wp-json\/wp\/v2\/media?parent=7212"}],"wp:term":[{"taxonomy":"product_brand","embeddable":true,"href":"https:\/\/kme.eu\/kme\/wp-json\/wp\/v2\/product_brand?post=7212"},{"taxonomy":"product_cat","embeddable":true,"href":"https:\/\/kme.eu\/kme\/wp-json\/wp\/v2\/product_cat?post=7212"},{"taxonomy":"product_tag","embeddable":true,"href":"https:\/\/kme.eu\/kme\/wp-json\/wp\/v2\/product_tag?post=7212"}],"curies":[{"name":"wp","href":"https:\/\/api.w.org\/{rel}","templated":true}]}}