{"id":7333,"date":"2020-06-16T11:06:15","date_gmt":"2020-06-16T09:06:15","guid":{"rendered":"https:\/\/mucha.sobnet.eu\/kme\/?post_type=product&#038;p=7333"},"modified":"2026-03-30T11:19:51","modified_gmt":"2026-03-30T09:19:51","slug":"sterownik-jet-max","status":"publish","type":"product","link":"https:\/\/kme.eu\/kme\/produkt\/sterownik-jet-max\/","title":{"rendered":"Sterownik MAX"},"content":{"rendered":"<h5><strong>NEVO-SKY MAX<\/strong><\/h5>\n<p>Nowoczesny system dla silnik\u00f3w z PO\u015aREDNIM wtryskiem benzyny. System dla wymagaj\u0105cych klient\u00f3w, z mo\u017cliwo\u015bciami pe\u0142nego wykorzystania strategii OBD sterownika benzynowego. Posiada wbudowane emulatory poziomu paliwa EPP oraz emulatory ci\u015bnienia paliwa.<\/p>\n<ul>\n<li id=\"_mcePaste\">Sterownik KME NEVO-SKY MAX dost\u0119pny jest w wersji Hyundai Genesis dedykowanej dla silnika 2.0T.<\/li>\n<li id=\"_mcePaste\">Sterownik KME NEVO-SKY MAX dost\u0119pny jest w wersji RL, np. dla Mitsubishi.<\/li>\n<li>Sterownik KME NEVO-SKY MAX MODEL2 dost\u0119pny jest w wersji Hyundai Genesis dedykowanej dla silnika 2.0T.<\/li>\n<li>Sterownik KME NEVO-SKY MAX MODEL2 dost\u0119pny jest w wersji RL, np. dla Mitsubishi.<\/li>\n<\/ul>\n<h5><strong>AUTO-SETUP w 5 krokach<\/strong><\/h5>\n<p>Dla u\u0142atwienia monta\u017cu i kalibracji sterowniki z rodziny <strong>NEVO-SKY<\/strong> posiadaj\u0105 funkcje <strong>AUTO-SETUP<\/strong>, kt\u00f3ra w prosty i szybki spos\u00f3b pomaga w ustawieniu wi\u0119kszo\u015bci samochod\u00f3w.<\/p>\n<p><img loading=\"lazy\" decoding=\"async\" class=\"alignnone wp-image-7313\" src=\"https:\/\/mucha.sobnet.eu\/kme\/wp-content\/uploads\/2020\/06\/5-krokow-300x91.jpg\" alt=\"\" width=\"705\" height=\"214\" srcset=\"https:\/\/kme.eu\/kme\/wp-content\/uploads\/2020\/06\/5-krokow-300x91.jpg 300w, https:\/\/kme.eu\/kme\/wp-content\/uploads\/2020\/06\/5-krokow-600x182.jpg 600w, https:\/\/kme.eu\/kme\/wp-content\/uploads\/2020\/06\/5-krokow-1024x310.jpg 1024w, https:\/\/kme.eu\/kme\/wp-content\/uploads\/2020\/06\/5-krokow-768x232.jpg 768w, https:\/\/kme.eu\/kme\/wp-content\/uploads\/2020\/06\/5-krokow.jpg 1147w\" sizes=\"auto, (max-width: 705px) 100vw, 705px\" \/><\/p>\n<h5><strong>SYSTEM EKSPERCKI SKY<\/strong><\/h5>\n<p>Rodzina <strong>NEVO-SKY<\/strong>, do kt\u00f3rej nale\u017cy elektronika <strong>MAX<\/strong> wsp\u00f3\u0142pracuje z oprogramowaniem <strong>NEVO-SKY<\/strong>, kt\u00f3re zosta\u0142o wyposa\u017cone w zaawansowany <strong>SYSTEM EKSPERCKI SKY<\/strong> s\u0142u\u017c\u0105cy do automatycznego wykrywania nieprawid\u0142owo\u015bci w ustawieniach i pracy systemu gazowego. System ten generuje podpowiedzi\/ostrze\u017cenia, sugeruje rozwi\u0105zania. Ka\u017cdorazowe wyst\u0105pienie ostrze\u017cenia powoduje uruchomienie sygnalizacji d\u017awi\u0119kowej, tak by nie przeoczy\u0107 momentu pojawienia si\u0119 udzielanej wskaz\u00f3wki. Z ka\u017cdym wydaniem programu <strong>SYSTEM EKSPERCKI <\/strong><strong>SKY <\/strong>ma rozszerzana baz\u0119 wiedzy, aby pomaga\u0107 w kalibracji aut.<\/p>\n<div class=\"sdm_download_button_box_default\"><div class=\"sdm_download_link\"><a href=\"https:\/\/kme.eu\/kme\/?sdm_process_download=1&download_id=17325\" class=\"sdm_download orange\" title=\"NEVO-SKY MAX \u2013 karta produktu\" target=&quot;_blank&quot;>Pobierz kart\u0119 produktu NEVO-SKY MAX<\/a><\/div><\/div>\n<div class=\"sdm_download_button_box_default\"><div class=\"sdm_download_link\"><a href=\"https:\/\/kme.eu\/kme\/?sdm_process_download=1&download_id=8971\" class=\"sdm_download orange\" title=\"Schemat pod\u0142\u0105czania sterownika MAX\" target=&quot;_blank&quot;>Pobierz schemat pod\u0142\u0105czenia NEVO-SKY MAX 4 cyl.<\/a><\/div><\/div>\n<p><script>\n   $(window).on('load', function(){\n      $(\".sdm_download\").each(function( index, element ){\n         console.log($(this));\n         $(this).attr('target','_blank');\n      });\n   });\n<\/script><\/p>\n","protected":false},"excerpt":{"rendered":"<p>Nowoczesny system dla silnik\u00f3w z PO\u015aREDNIM wtryskiem benzyny. System dla wymagaj\u0105cych klient\u00f3w, z mo\u017cliwo\u015bciami pe\u0142nego wykorzystania strategii OBD sterownika benzynowego. Posiada wbudowane emulatory poziomu paliwa EPP oraz emulatory ci\u015bnienia paliwa.<\/p>\n","protected":false},"featured_media":7323,"template":"","meta":[],"product_brand":[],"product_cat":[150],"product_tag":[666,315,239],"class_list":{"0":"post-7333","1":"product","2":"type-product","3":"status-publish","4":"has-post-thumbnail","6":"product_cat-sterowniki","7":"product_tag-max","8":"product_tag-nevo-sky","9":"product_tag-wtrysk-posredni","11":"first","12":"instock","13":"shipping-taxable","14":"product-type-grouped"},"acf":[],"yoast_head":"<!-- This site is optimized with the Yoast SEO plugin v27.5 - https:\/\/yoast.com\/product\/yoast-seo-wordpress\/ -->\n<title>Sterownik MAX - KME<\/title>\n<meta name=\"robots\" content=\"index, follow, max-snippet:-1, max-image-preview:large, max-video-preview:-1\" \/>\n<link rel=\"canonical\" href=\"https:\/\/kme.eu\/kme\/produkt\/sterownik-jet-max\/\" \/>\n<meta property=\"og:locale\" content=\"pl_PL\" \/>\n<meta property=\"og:type\" content=\"article\" \/>\n<meta property=\"og:title\" content=\"Sterownik MAX - KME\" \/>\n<meta property=\"og:description\" content=\"Nowoczesny system dla silnik\u00f3w z PO\u015aREDNIM wtryskiem benzyny. System dla wymagaj\u0105cych klient\u00f3w, z mo\u017cliwo\u015bciami pe\u0142nego wykorzystania strategii OBD sterownika benzynowego. Posiada wbudowane emulatory poziomu paliwa EPP oraz emulatory ci\u015bnienia paliwa.\" \/>\n<meta property=\"og:url\" content=\"https:\/\/kme.eu\/kme\/produkt\/sterownik-jet-max\/\" \/>\n<meta property=\"og:site_name\" content=\"KME\" \/>\n<meta property=\"article:publisher\" content=\"https:\/\/www.facebook.com\/KME.LPG\/\" \/>\n<meta property=\"article:modified_time\" content=\"2026-03-30T09:19:51+00:00\" \/>\n<meta property=\"og:image\" content=\"https:\/\/kme.eu\/kme\/wp-content\/uploads\/2020\/06\/MAX.jpg\" \/>\n\t<meta property=\"og:image:width\" content=\"800\" \/>\n\t<meta property=\"og:image:height\" content=\"900\" \/>\n\t<meta property=\"og:image:type\" content=\"image\/jpeg\" \/>\n<meta name=\"twitter:card\" content=\"summary_large_image\" \/>\n<meta name=\"twitter:label1\" content=\"Szacowany czas czytania\" \/>\n\t<meta name=\"twitter:data1\" content=\"2 minuty\" \/>\n<script type=\"application\/ld+json\" class=\"yoast-schema-graph\">{\"@context\":\"https:\\\/\\\/schema.org\",\"@graph\":[{\"@type\":\"WebPage\",\"@id\":\"https:\\\/\\\/kme.eu\\\/kme\\\/produkt\\\/sterownik-jet-max\\\/\",\"url\":\"https:\\\/\\\/kme.eu\\\/kme\\\/produkt\\\/sterownik-jet-max\\\/\",\"name\":\"Sterownik MAX - KME\",\"isPartOf\":{\"@id\":\"https:\\\/\\\/kme.eu\\\/kme\\\/#website\"},\"primaryImageOfPage\":{\"@id\":\"https:\\\/\\\/kme.eu\\\/kme\\\/produkt\\\/sterownik-jet-max\\\/#primaryimage\"},\"image\":{\"@id\":\"https:\\\/\\\/kme.eu\\\/kme\\\/produkt\\\/sterownik-jet-max\\\/#primaryimage\"},\"thumbnailUrl\":\"https:\\\/\\\/kme.eu\\\/kme\\\/wp-content\\\/uploads\\\/2020\\\/06\\\/MAX.jpg\",\"datePublished\":\"2020-06-16T09:06:15+00:00\",\"dateModified\":\"2026-03-30T09:19:51+00:00\",\"breadcrumb\":{\"@id\":\"https:\\\/\\\/kme.eu\\\/kme\\\/produkt\\\/sterownik-jet-max\\\/#breadcrumb\"},\"inLanguage\":\"pl-PL\",\"potentialAction\":[{\"@type\":\"ReadAction\",\"target\":[\"https:\\\/\\\/kme.eu\\\/kme\\\/produkt\\\/sterownik-jet-max\\\/\"]}]},{\"@type\":\"ImageObject\",\"inLanguage\":\"pl-PL\",\"@id\":\"https:\\\/\\\/kme.eu\\\/kme\\\/produkt\\\/sterownik-jet-max\\\/#primaryimage\",\"url\":\"https:\\\/\\\/kme.eu\\\/kme\\\/wp-content\\\/uploads\\\/2020\\\/06\\\/MAX.jpg\",\"contentUrl\":\"https:\\\/\\\/kme.eu\\\/kme\\\/wp-content\\\/uploads\\\/2020\\\/06\\\/MAX.jpg\",\"width\":800,\"height\":900},{\"@type\":\"BreadcrumbList\",\"@id\":\"https:\\\/\\\/kme.eu\\\/kme\\\/produkt\\\/sterownik-jet-max\\\/#breadcrumb\",\"itemListElement\":[{\"@type\":\"ListItem\",\"position\":1,\"name\":\"Strona g\u0142\u00f3wna\",\"item\":\"https:\\\/\\\/kme.eu\\\/kme\\\/\"},{\"@type\":\"ListItem\",\"position\":2,\"name\":\"Produkty\",\"item\":\"https:\\\/\\\/kme.eu\\\/kme\\\/produkty\\\/\"},{\"@type\":\"ListItem\",\"position\":3,\"name\":\"Sterownik MAX\"}]},{\"@type\":\"WebSite\",\"@id\":\"https:\\\/\\\/kme.eu\\\/kme\\\/#website\",\"url\":\"https:\\\/\\\/kme.eu\\\/kme\\\/\",\"name\":\"KME\",\"description\":\"Autogas Systems\",\"publisher\":{\"@id\":\"https:\\\/\\\/kme.eu\\\/kme\\\/#organization\"},\"potentialAction\":[{\"@type\":\"SearchAction\",\"target\":{\"@type\":\"EntryPoint\",\"urlTemplate\":\"https:\\\/\\\/kme.eu\\\/kme\\\/?s={search_term_string}\"},\"query-input\":{\"@type\":\"PropertyValueSpecification\",\"valueRequired\":true,\"valueName\":\"search_term_string\"}}],\"inLanguage\":\"pl-PL\"},{\"@type\":\"Organization\",\"@id\":\"https:\\\/\\\/kme.eu\\\/kme\\\/#organization\",\"name\":\"KME\",\"url\":\"https:\\\/\\\/kme.eu\\\/kme\\\/\",\"logo\":{\"@type\":\"ImageObject\",\"inLanguage\":\"pl-PL\",\"@id\":\"https:\\\/\\\/kme.eu\\\/kme\\\/#\\\/schema\\\/logo\\\/image\\\/\",\"url\":\"https:\\\/\\\/kme.eu\\\/kme\\\/wp-content\\\/uploads\\\/2020\\\/04\\\/logo_KME_RGB_small_200px.png\",\"contentUrl\":\"https:\\\/\\\/kme.eu\\\/kme\\\/wp-content\\\/uploads\\\/2020\\\/04\\\/logo_KME_RGB_small_200px.png\",\"width\":272,\"height\":200,\"caption\":\"KME\"},\"image\":{\"@id\":\"https:\\\/\\\/kme.eu\\\/kme\\\/#\\\/schema\\\/logo\\\/image\\\/\"},\"sameAs\":[\"https:\\\/\\\/www.facebook.com\\\/KME.LPG\\\/\",\"https:\\\/\\\/www.instagram.com\\\/kme_lpg\\\/\"]}]}<\/script>\n<!-- \/ Yoast SEO plugin. -->","yoast_head_json":{"title":"Sterownik MAX - KME","robots":{"index":"index","follow":"follow","max-snippet":"max-snippet:-1","max-image-preview":"max-image-preview:large","max-video-preview":"max-video-preview:-1"},"canonical":"https:\/\/kme.eu\/kme\/produkt\/sterownik-jet-max\/","og_locale":"pl_PL","og_type":"article","og_title":"Sterownik MAX - KME","og_description":"Nowoczesny system dla silnik\u00f3w z PO\u015aREDNIM wtryskiem benzyny. System dla wymagaj\u0105cych klient\u00f3w, z mo\u017cliwo\u015bciami pe\u0142nego wykorzystania strategii OBD sterownika benzynowego. Posiada wbudowane emulatory poziomu paliwa EPP oraz emulatory ci\u015bnienia paliwa.","og_url":"https:\/\/kme.eu\/kme\/produkt\/sterownik-jet-max\/","og_site_name":"KME","article_publisher":"https:\/\/www.facebook.com\/KME.LPG\/","article_modified_time":"2026-03-30T09:19:51+00:00","og_image":[{"width":800,"height":900,"url":"https:\/\/kme.eu\/kme\/wp-content\/uploads\/2020\/06\/MAX.jpg","type":"image\/jpeg"}],"twitter_card":"summary_large_image","twitter_misc":{"Szacowany czas czytania":"2 minuty"},"schema":{"@context":"https:\/\/schema.org","@graph":[{"@type":"WebPage","@id":"https:\/\/kme.eu\/kme\/produkt\/sterownik-jet-max\/","url":"https:\/\/kme.eu\/kme\/produkt\/sterownik-jet-max\/","name":"Sterownik MAX - KME","isPartOf":{"@id":"https:\/\/kme.eu\/kme\/#website"},"primaryImageOfPage":{"@id":"https:\/\/kme.eu\/kme\/produkt\/sterownik-jet-max\/#primaryimage"},"image":{"@id":"https:\/\/kme.eu\/kme\/produkt\/sterownik-jet-max\/#primaryimage"},"thumbnailUrl":"https:\/\/kme.eu\/kme\/wp-content\/uploads\/2020\/06\/MAX.jpg","datePublished":"2020-06-16T09:06:15+00:00","dateModified":"2026-03-30T09:19:51+00:00","breadcrumb":{"@id":"https:\/\/kme.eu\/kme\/produkt\/sterownik-jet-max\/#breadcrumb"},"inLanguage":"pl-PL","potentialAction":[{"@type":"ReadAction","target":["https:\/\/kme.eu\/kme\/produkt\/sterownik-jet-max\/"]}]},{"@type":"ImageObject","inLanguage":"pl-PL","@id":"https:\/\/kme.eu\/kme\/produkt\/sterownik-jet-max\/#primaryimage","url":"https:\/\/kme.eu\/kme\/wp-content\/uploads\/2020\/06\/MAX.jpg","contentUrl":"https:\/\/kme.eu\/kme\/wp-content\/uploads\/2020\/06\/MAX.jpg","width":800,"height":900},{"@type":"BreadcrumbList","@id":"https:\/\/kme.eu\/kme\/produkt\/sterownik-jet-max\/#breadcrumb","itemListElement":[{"@type":"ListItem","position":1,"name":"Strona g\u0142\u00f3wna","item":"https:\/\/kme.eu\/kme\/"},{"@type":"ListItem","position":2,"name":"Produkty","item":"https:\/\/kme.eu\/kme\/produkty\/"},{"@type":"ListItem","position":3,"name":"Sterownik MAX"}]},{"@type":"WebSite","@id":"https:\/\/kme.eu\/kme\/#website","url":"https:\/\/kme.eu\/kme\/","name":"KME","description":"Autogas Systems","publisher":{"@id":"https:\/\/kme.eu\/kme\/#organization"},"potentialAction":[{"@type":"SearchAction","target":{"@type":"EntryPoint","urlTemplate":"https:\/\/kme.eu\/kme\/?s={search_term_string}"},"query-input":{"@type":"PropertyValueSpecification","valueRequired":true,"valueName":"search_term_string"}}],"inLanguage":"pl-PL"},{"@type":"Organization","@id":"https:\/\/kme.eu\/kme\/#organization","name":"KME","url":"https:\/\/kme.eu\/kme\/","logo":{"@type":"ImageObject","inLanguage":"pl-PL","@id":"https:\/\/kme.eu\/kme\/#\/schema\/logo\/image\/","url":"https:\/\/kme.eu\/kme\/wp-content\/uploads\/2020\/04\/logo_KME_RGB_small_200px.png","contentUrl":"https:\/\/kme.eu\/kme\/wp-content\/uploads\/2020\/04\/logo_KME_RGB_small_200px.png","width":272,"height":200,"caption":"KME"},"image":{"@id":"https:\/\/kme.eu\/kme\/#\/schema\/logo\/image\/"},"sameAs":["https:\/\/www.facebook.com\/KME.LPG\/","https:\/\/www.instagram.com\/kme_lpg\/"]}]}},"_links":{"self":[{"href":"https:\/\/kme.eu\/kme\/wp-json\/wp\/v2\/product\/7333","targetHints":{"allow":["GET"]}}],"collection":[{"href":"https:\/\/kme.eu\/kme\/wp-json\/wp\/v2\/product"}],"about":[{"href":"https:\/\/kme.eu\/kme\/wp-json\/wp\/v2\/types\/product"}],"wp:featuredmedia":[{"embeddable":true,"href":"https:\/\/kme.eu\/kme\/wp-json\/wp\/v2\/media\/7323"}],"wp:attachment":[{"href":"https:\/\/kme.eu\/kme\/wp-json\/wp\/v2\/media?parent=7333"}],"wp:term":[{"taxonomy":"product_brand","embeddable":true,"href":"https:\/\/kme.eu\/kme\/wp-json\/wp\/v2\/product_brand?post=7333"},{"taxonomy":"product_cat","embeddable":true,"href":"https:\/\/kme.eu\/kme\/wp-json\/wp\/v2\/product_cat?post=7333"},{"taxonomy":"product_tag","embeddable":true,"href":"https:\/\/kme.eu\/kme\/wp-json\/wp\/v2\/product_tag?post=7333"}],"curies":[{"name":"wp","href":"https:\/\/api.w.org\/{rel}","templated":true}]}}