{"id":7514,"date":"2020-06-24T07:39:27","date_gmt":"2020-06-24T05:39:27","guid":{"rendered":"https:\/\/mucha.sobnet.eu\/kme\/?post_type=product&#038;p=7514"},"modified":"2026-03-30T11:14:54","modified_gmt":"2026-03-30T09:14:54","slug":"sterownik-nevo-plus","status":"publish","type":"product","link":"https:\/\/kme.eu\/kme\/produkt\/sterownik-nevo-plus\/","title":{"rendered":"Sterownik NEVO PLUS"},"content":{"rendered":"<div class=\"sixteen columns\">\n<h5>RODZINA SAMOCHODOWEJ ELEKTRONIKI LPG\/CNG<\/h5>\n<\/div>\n<div class=\"sixteen columns\">\n<div class=\"eight columns\"><img decoding=\"async\" class=\"alignleft\" title=\"NEVO automotive CPU\" src=\"https:\/\/nevo.kme.eu\/images\/nevo\/NEVO_automotive_CPU.png\" alt=\"NEVO automotive CPU\" \/><\/div>\n<div class=\"eight columns\">\n<p>Rodzina sterownik\u00f3w sekwencyjnego wtrysku gazu NEVO powsta\u0142a na bazie sprawdzonego i niezawodnego\u00a0<strong>systemu DIEGO<\/strong>. Zaawansowana i najnowsza technologicznie konstrukcja oparta jest na dwurdzeniowym procesorze dedykowanym dla przemys\u0142u samochodowego &#8211;\u00a0<strong>AUTOMOTIVE<\/strong>\u00a0&#8211; co u\u0142atwia precyzyjne sterowanie procesem spalania paliwa LPG i CNG w nowoczesnych silnikach samochodowych.<\/p>\n<\/div>\n<\/div>\n<div class=\"sixteen columns\">\n<div>\n<p>&nbsp;<\/p>\n<p>&nbsp;<\/p>\n<\/div>\n<p>&nbsp;<\/p>\n<p>&nbsp;<\/p>\n<p>Dost\u0119pne s\u0105 r\u00f3wnie\u017c rozwi\u0105zania z <strong>emulatorem indukcyjnym RL<\/strong>, wykorzystywane przy niezwykle czu\u0142ych sterownikach benzynowych, sygnalizuj\u0105cych od\u0142\u0105czenie wtryskiwaczy benzynowych po zamontowaniu instalacji gazowej w samochodzie.<\/p>\n<div>\n<p>Nasz system obs\u0142uguje samochody najnowszej generacji z ekologiczn\u0105 funkcj\u0105\u00a0<strong>START\/STOP<\/strong>.<\/p>\n<\/div>\n<\/div>\n<p>&nbsp;<\/p>\n<div class=\"sixteen columns\">\n<div class=\"eight columns\"><img decoding=\"async\" class=\"alignleft\" title=\"NEVO valvematic valvetronic\" src=\"https:\/\/nevo.kme.eu\/images\/nevo\/NEVO_valvematic_valvetronic.png\" alt=\"NEVO valvematic valvetronic\" \/><\/div>\n<div class=\"eight columns\">\n<p>Pewno\u015b\u0107 dzia\u0142ania oraz zwi\u0119kszone mo\u017cliwo\u015bci zagwarantowane zosta\u0142y poprzez u\u017cycie magistrali cyfrowej. Najnowszej generacji rodzina sterownik\u00f3w NEVO zapewnia zar\u00f3wno obs\u0142ug\u0119 standardowych silnik\u00f3w, jak r\u00f3wnie\u017c nowoczesnych rozwi\u0105za\u0144 m.in.:\u00a0<strong>VALVEMATIC, VALVETRONIC<\/strong>\u00a0(bez podci\u015bnienia w kolektorze).<\/p>\n<\/div>\n<\/div>\n<div class=\"sixteen columns\">\n<h3><\/h3>\n<h5><\/h5>\n<h5 style=\"text-align: left;\"><div class=\"mkdf-separator-holder clearfix  mkdf-separator-center mkdf-separator-normal\">\n\t<div class=\"mkdf-separator\" ><\/div>\n<\/div>\nPARAMETRY U\u017bYTKOWE ELEKTRONIKI NEVO<\/h5>\n<ul>\n<li>Automatyczne prze\u0142\u0105czanie na\u00a0 zasilanie gazowe oraz samoczynny powr\u00f3t na benzyn\u0119 w przypadku braku gazu<\/li>\n<li>Automatyczne przyciemnianie diod panelu po zmroku<\/li>\n<li>Przyjazny panel u\u017cytkownika informuj\u0105cy o obecnym stanie pracy instalacji m.in.: przegl\u0105dy, kody samodiagnozy<\/li>\n<li>Awaryjne uruchomienie silnika bezpo\u015brednio na zasilaniu gazowym<\/li>\n<li>Mechanizm :ciep\u0142y start&#8221;, kt\u00f3ry umo\u017cliwia uruchomienie auta na gazie w przypadku gdy sinik jest &#8222;rozgrzany&#8221;<\/li>\n<li>Automatyczna kalibracja wska\u017anika poziomu gazu<\/li>\n<li>Rozbudowany system samodiagnozy m.in.: test systemu, rejestrator. kody b\u0142\u0119d\u00f3w z ilo\u015bci\u0105 i czasem wyst\u0105pienia<\/li>\n<li>Wbudowany test wtryskiwaczy gazowych<\/li>\n<li>Opcje warsztatowe (przegl\u0105dy, blokowanie sterownika has\u0142em warsztatowym, monitorowanie wprowadzonych zmian w sterowniku)<\/li>\n<li>Rejterowanie czasu pracy na gazie i benzynie<\/li>\n<li>Wyb\u00f3r koloru diody stanu pracy lub jej wy\u0142\u0105czenie na panelu kierowcy<\/li>\n<\/ul>\n<\/div>\n<div class=\"sixteen columns\">\n<div>\n<p>W por\u00f3wnaniu do naszego pierwszego sytemu sekwencyjnego wtrysku gazu DIEGO G3, obecny system posiada \u0142atwy w obs\u0142udze, <strong>intuicyjny interfejs programu<\/strong>. Przy wsp\u00f3\u0142pracy z monta\u017cystami, kt\u00f3rzy na co dzie\u0144 kalibruj\u0105 samochody, powsta\u0142y u\u0142atwienia w obs\u0142udze programu m.in.\u00a0<strong>pasek FUNC<\/strong>\u00a0informuj\u0105cy o aktywnych funkcjach sterownika i\u00a0<strong>zawsze widoczny pasek boczny odczyt\u00f3w<\/strong>, kt\u00f3ry jest pomocny w bie\u017c\u0105cym monitorowaniu systemu.<\/p>\n<p>Autorskie rozwi\u0105zania adaptacji sterownika gazowego OSA i MOSA zapewniaj\u0105 komfortowe u\u017cytkowanie samochodu z zasilaniem gazowym oraz automatyczne dopasowanie dawki gazu do zmieniaj\u0105cych si\u0119 warunk\u00f3w pracy.\u00a0<strong>MOSA<\/strong>\u00a0(Map On-Board System Adaptation tj. Adaptacja Wed\u0142ug Map) dost\u0119pna jest we wszystkich sterownikach z rodziny NEVO. Umo\u017cliwia korygowanie dawki gazu na podstawie charakterystyki pracy na benzynie i monitorowanie pracy na gazie.<\/p>\n<p>&nbsp;<\/p>\n<\/div>\n<\/div>\n<div class=\"sixteen columns\">\n<div class=\"eight columns\"><img decoding=\"async\" class=\"alignleft\" title=\"NEVO On Board Diagnostic System\" src=\"https:\/\/nevo.kme.eu\/images\/nevo\/NEVO_obd_2017.png\" alt=\"NEVO On Board Diagnostic System\" \/><\/div>\n<div class=\"eight columns\">\n<p><strong>Adaptacja OSA<\/strong>\u00a0(OBD System Adaptation tj.\u00a0<strong>Adaptacja OBD<\/strong>) dost\u0119pna jest w sterowniku NEVO PRO z wbudowanym modu\u0142em OBD. W instalacjach ze sterownikami NEVO i NEVO PLUS mechanizm OSA jest dost\u0119pny po do\u0142o\u017ceniu\u00a0<strong><a href=\"https:\/\/nevo.kme.eu\/#adapter_obd\"><i class=\"icon-eye-open\"><\/i>\u00a0\u00a0\u00a0Adaptera OBD v2<\/a><\/strong>, produkowanego przez nasz\u0105 firm\u0119. Mechanizm wykorzystuj\u0105cy dane z OBD pozwala na: dopasowanie sk\u0142adu mieszanki zgodnie ze strategi\u0105 sterownika benzynowego monitorowanie trybu pracy systemu monitorowanie zaistnia\u0142ych b\u0142\u0119d\u00f3w w sterowniku benzynowym z mo\u017cliwo\u015bci\u0105 ich kasowania<\/p>\n<\/div>\n<\/div>\n<div class=\"sixteen columns\">\n<h5><\/h5>\n<h5><\/h5>\n<h5><\/h5>\n<h5 style=\"text-align: left;\"><i class=\"icon-bar-chart\"><div class=\"mkdf-separator-holder clearfix  mkdf-separator-center mkdf-separator-normal\">\n\t<div class=\"mkdf-separator\" ><\/div>\n<\/div>\n<\/i>PARAMETRY TECHNICZNE ELEKTRONIKI NEVO<\/h5>\n<ul>\n<li>Sta\u0142a i stabilna adaptacja dawki gazu (wbudowany mechanizm MOSA, OSA)<\/li>\n<li>Zachowanie dynamiki i w\u0142a\u015bciwo\u015bci trakcyjnych pojazdu (moc, przyspieszenie)<\/li>\n<li>Tryb uruchamiania silnika przy niskich temperaturach otoczenia<\/li>\n<li>Modu\u0142owa zgodno\u015b\u0107 pod\u0142\u0105czenia wi\u0105zek w sterownikach z rodziny NEVO<\/li>\n<li>Funkcja START\/STOP przeznaczona do samochod\u00f3w charakteryzuj\u0105cych si\u0119 nisk\u0105 emisj\u0105 CO2<\/li>\n<li>\u0141atwy monta\u017c umo\u017cliwiony poprzez kompaktow\u0105 konstrukcj\u0119 i modu\u0142owe rozwi\u0105zanie dok\u0142adania wi\u0105zki o optymalnej d\u0142ugo\u015bci i parametrach technicznych<\/li>\n<li>Automatyczny lub\/i manualna zaawansowana konfiguracja i kalibracja systemu<\/li>\n<li>Innowacyjne funkcje oprogramowania (dodawanie benzyny podczas pracy na gazie, wykrywanie zmiany typu uk\u0142adu wtryskowego, korekta na przyspieszenie, filtry przeciwzak\u0142\u00f3ceniowe, itp.)<\/li>\n<\/ul>\n<\/div>\n<div class=\"sixteen columns\">\n<div class=\"eight columns\"><img decoding=\"async\" class=\"alignleft\" title=\"NEVO modu\u0142owo\u015b\u0107\" src=\"https:\/\/nevo.kme.eu\/images\/nevo\/NEVO_modulowosc_2017.png\" alt=\"NEVO modu\u0142owo\u015b\u0107\" \/><\/div>\n<div class=\"eight columns\">\n<p>Pojazdy z systemami NEVO spe\u0142niaj\u0105 normy emisji spalin\u00a0<strong>EURO 4\/5\/6<\/strong>.<\/p>\n<p>Jedn\u0105 z najwa\u017cniejszych cech monta\u017cowych systemu jest\u00a0<strong>MODU\u0141OWO\u015a\u0106<\/strong>. W sytuacji gdy samoch\u00f3d potrzebuje lepszej i efektywniejszej kalibracji, a w samochodzie zamontowany jest sterownik NEVO z jedn\u0105 wi\u0105zk\u0105 czarn\u0105, nale\u017cy tylko doda\u0107 wi\u0105zk\u0119 szar\u0105 do ju\u017c zamontowanej i podmieni\u0107 sterownik na NEVO PLUS lub PRO. Nie ma potrzeby wymiany ca\u0142ej instalacji, wystarczy tylko doda\u0107 elementy do ju\u017c istniej\u0105cej.<\/p>\n<\/div>\n<\/div>\n<p>&nbsp;<\/p>\n<div class=\"sdm_download_button_box_default\"><div class=\"sdm_download_link\"><a href=\"https:\/\/kme.eu\/kme\/?sdm_process_download=1&download_id=7674\" class=\"sdm_download orange\" title=\"NEVO 4.0.10.4\" >Pobierz program<\/a><\/div><\/div>\n<p>&nbsp;<\/p>\n<p>\t\t\t<rs-module-wrap id=\"rev_slider_error_1_wrapper\">\n\t\t\t\t<rs-module id=\"rev_slider_error_1\">\n\t\t\t\t\t<div class=\"rs_error_message_box\">\n\t\t\t\t\t\t<div class=\"rs_error_message_oops\">There is nothing to show here!<\/div>\n\t\t\t\t\t\t<div class=\"rs_error_message_content\">Slider with alias sun not found.<\/div>\n\t\t\t\t\t<\/div>\n\t\t\t\t<\/rs-module>\n\t\t\t<\/rs-module-wrap>\n\t\t\t<script>\n\t\t\t\tvar rs_eslider = document.getElementById(\"rev_slider_error_1\");\n\t\t\t\trs_eslider.style.display = \"none\";\n\t\t\t\tconsole.log(\"Slider with alias sun not found.\");\n\t\t\t<\/script>\n<br \/>\n<script>\n   $(window).on('load', function(){\n      $(\".sdm_download\").each(function( index, element ){\n         console.log($(this));\n         $(this).attr('target','_blank');\n      });\n   });\n<\/script><\/p>\n","protected":false},"excerpt":{"rendered":"<p>Rozszerzona wersja sterownika NEVO posiadaj\u0105ca 2 z\u0142\u0105cza. Sterownik NEVO PLUS wyst\u0119puje w wersjach 4, 6, 8 cylindrowych. U\u017cywaj\u0105c dodatkowo wi\u0105zki master-slave mo\u017cna zamontowa\u0107 sterowniki w samochodach m.in. 10- lub 12-cylindrowych. Modu\u0142owe rozwi\u0105zanie pozwala na do\u0142o\u017cenie wi\u0105zki szarej do ju\u017c zamontowanej w samochodzie wi\u0105zki czarnej i szybk\u0105 podmian\u0119 sterownika na wersj\u0119 NEVO PLUS.<\/p>\n<p>Sterownik dodatkowo posiada: funkcj\u0119 odczytu sygna\u0142\u00f3w analogowych np. Sond Lambda, mo\u017cliwo\u015b\u0107 pod\u0142\u0105czenia przetwornika PPO* w samochodach typu Valvetronic. Ponadto dysponuje konfigurowalnym wyj\u015bciem 12V, umo\u017cliwiaj\u0105cym poprzez przeka\u017anik np. roz\u0142\u0105czenie pompy paliwa. Opcjonalnie mo\u017cna pod\u0142\u0105czy\u0107 zewn\u0119trzny czujnik temperatury reduktora lub temperatury gazu.<\/p>\n","protected":false},"featured_media":7506,"template":"","meta":[],"product_brand":[],"product_cat":[150],"product_tag":[424,239],"class_list":{"0":"post-7514","1":"product","2":"type-product","3":"status-publish","4":"has-post-thumbnail","6":"product_cat-sterowniki","7":"product_tag-nevo","8":"product_tag-wtrysk-posredni","10":"first","11":"instock","12":"shipping-taxable","13":"product-type-simple"},"acf":[],"yoast_head":"<!-- This site is optimized with the Yoast SEO plugin v27.4 - https:\/\/yoast.com\/product\/yoast-seo-wordpress\/ -->\n<title>Sterownik NEVO PLUS - KME<\/title>\n<meta name=\"robots\" content=\"index, follow, max-snippet:-1, max-image-preview:large, max-video-preview:-1\" \/>\n<link rel=\"canonical\" href=\"https:\/\/kme.eu\/kme\/produkt\/sterownik-nevo-plus\/\" \/>\n<meta property=\"og:locale\" content=\"pl_PL\" \/>\n<meta property=\"og:type\" content=\"article\" \/>\n<meta property=\"og:title\" content=\"Sterownik NEVO PLUS - KME\" \/>\n<meta property=\"og:description\" content=\"Rozszerzona wersja sterownika NEVO posiadaj\u0105ca 2 z\u0142\u0105cza. Sterownik NEVO PLUS wyst\u0119puje w wersjach 4, 6, 8 cylindrowych. U\u017cywaj\u0105c dodatkowo wi\u0105zki master-slave mo\u017cna zamontowa\u0107 sterowniki w samochodach m.in. 10- lub 12-cylindrowych. Modu\u0142owe rozwi\u0105zanie pozwala na do\u0142o\u017cenie wi\u0105zki szarej do ju\u017c zamontowanej w samochodzie wi\u0105zki czarnej i szybk\u0105 podmian\u0119 sterownika na wersj\u0119 NEVO PLUS.  Sterownik dodatkowo posiada: funkcj\u0119 odczytu sygna\u0142\u00f3w analogowych np. Sond Lambda, mo\u017cliwo\u015b\u0107 pod\u0142\u0105czenia przetwornika PPO* w samochodach typu Valvetronic. Ponadto dysponuje konfigurowalnym wyj\u015bciem 12V, umo\u017cliwiaj\u0105cym poprzez przeka\u017anik np. roz\u0142\u0105czenie pompy paliwa. Opcjonalnie mo\u017cna pod\u0142\u0105czy\u0107 zewn\u0119trzny czujnik temperatury reduktora lub temperatury gazu.\" \/>\n<meta property=\"og:url\" content=\"https:\/\/kme.eu\/kme\/produkt\/sterownik-nevo-plus\/\" \/>\n<meta property=\"og:site_name\" content=\"KME\" \/>\n<meta property=\"article:publisher\" content=\"https:\/\/www.facebook.com\/KME.LPG\/\" \/>\n<meta property=\"article:modified_time\" content=\"2026-03-30T09:14:54+00:00\" \/>\n<meta property=\"og:image\" content=\"https:\/\/kme.eu\/kme\/wp-content\/uploads\/2020\/06\/NEVO_PLUS.jpg\" \/>\n\t<meta property=\"og:image:width\" content=\"800\" \/>\n\t<meta property=\"og:image:height\" content=\"900\" \/>\n\t<meta property=\"og:image:type\" content=\"image\/jpeg\" \/>\n<meta name=\"twitter:card\" content=\"summary_large_image\" \/>\n<meta name=\"twitter:label1\" content=\"Szacowany czas czytania\" \/>\n\t<meta name=\"twitter:data1\" content=\"5 minut\" \/>\n<script type=\"application\/ld+json\" class=\"yoast-schema-graph\">{\"@context\":\"https:\\\/\\\/schema.org\",\"@graph\":[{\"@type\":\"WebPage\",\"@id\":\"https:\\\/\\\/kme.eu\\\/kme\\\/produkt\\\/sterownik-nevo-plus\\\/\",\"url\":\"https:\\\/\\\/kme.eu\\\/kme\\\/produkt\\\/sterownik-nevo-plus\\\/\",\"name\":\"Sterownik NEVO PLUS - KME\",\"isPartOf\":{\"@id\":\"https:\\\/\\\/kme.eu\\\/kme\\\/#website\"},\"primaryImageOfPage\":{\"@id\":\"https:\\\/\\\/kme.eu\\\/kme\\\/produkt\\\/sterownik-nevo-plus\\\/#primaryimage\"},\"image\":{\"@id\":\"https:\\\/\\\/kme.eu\\\/kme\\\/produkt\\\/sterownik-nevo-plus\\\/#primaryimage\"},\"thumbnailUrl\":\"https:\\\/\\\/kme.eu\\\/kme\\\/wp-content\\\/uploads\\\/2020\\\/06\\\/NEVO_PLUS.jpg\",\"datePublished\":\"2020-06-24T05:39:27+00:00\",\"dateModified\":\"2026-03-30T09:14:54+00:00\",\"breadcrumb\":{\"@id\":\"https:\\\/\\\/kme.eu\\\/kme\\\/produkt\\\/sterownik-nevo-plus\\\/#breadcrumb\"},\"inLanguage\":\"pl-PL\",\"potentialAction\":[{\"@type\":\"ReadAction\",\"target\":[\"https:\\\/\\\/kme.eu\\\/kme\\\/produkt\\\/sterownik-nevo-plus\\\/\"]}]},{\"@type\":\"ImageObject\",\"inLanguage\":\"pl-PL\",\"@id\":\"https:\\\/\\\/kme.eu\\\/kme\\\/produkt\\\/sterownik-nevo-plus\\\/#primaryimage\",\"url\":\"https:\\\/\\\/kme.eu\\\/kme\\\/wp-content\\\/uploads\\\/2020\\\/06\\\/NEVO_PLUS.jpg\",\"contentUrl\":\"https:\\\/\\\/kme.eu\\\/kme\\\/wp-content\\\/uploads\\\/2020\\\/06\\\/NEVO_PLUS.jpg\",\"width\":800,\"height\":900},{\"@type\":\"BreadcrumbList\",\"@id\":\"https:\\\/\\\/kme.eu\\\/kme\\\/produkt\\\/sterownik-nevo-plus\\\/#breadcrumb\",\"itemListElement\":[{\"@type\":\"ListItem\",\"position\":1,\"name\":\"Strona g\u0142\u00f3wna\",\"item\":\"https:\\\/\\\/kme.eu\\\/kme\\\/\"},{\"@type\":\"ListItem\",\"position\":2,\"name\":\"Produkty\",\"item\":\"https:\\\/\\\/kme.eu\\\/kme\\\/produkty\\\/\"},{\"@type\":\"ListItem\",\"position\":3,\"name\":\"Sterownik NEVO PLUS\"}]},{\"@type\":\"WebSite\",\"@id\":\"https:\\\/\\\/kme.eu\\\/kme\\\/#website\",\"url\":\"https:\\\/\\\/kme.eu\\\/kme\\\/\",\"name\":\"KME\",\"description\":\"Autogas Systems\",\"publisher\":{\"@id\":\"https:\\\/\\\/kme.eu\\\/kme\\\/#organization\"},\"potentialAction\":[{\"@type\":\"SearchAction\",\"target\":{\"@type\":\"EntryPoint\",\"urlTemplate\":\"https:\\\/\\\/kme.eu\\\/kme\\\/?s={search_term_string}\"},\"query-input\":{\"@type\":\"PropertyValueSpecification\",\"valueRequired\":true,\"valueName\":\"search_term_string\"}}],\"inLanguage\":\"pl-PL\"},{\"@type\":\"Organization\",\"@id\":\"https:\\\/\\\/kme.eu\\\/kme\\\/#organization\",\"name\":\"KME\",\"url\":\"https:\\\/\\\/kme.eu\\\/kme\\\/\",\"logo\":{\"@type\":\"ImageObject\",\"inLanguage\":\"pl-PL\",\"@id\":\"https:\\\/\\\/kme.eu\\\/kme\\\/#\\\/schema\\\/logo\\\/image\\\/\",\"url\":\"https:\\\/\\\/kme.eu\\\/kme\\\/wp-content\\\/uploads\\\/2020\\\/04\\\/logo_KME_RGB_small_200px.png\",\"contentUrl\":\"https:\\\/\\\/kme.eu\\\/kme\\\/wp-content\\\/uploads\\\/2020\\\/04\\\/logo_KME_RGB_small_200px.png\",\"width\":272,\"height\":200,\"caption\":\"KME\"},\"image\":{\"@id\":\"https:\\\/\\\/kme.eu\\\/kme\\\/#\\\/schema\\\/logo\\\/image\\\/\"},\"sameAs\":[\"https:\\\/\\\/www.facebook.com\\\/KME.LPG\\\/\",\"https:\\\/\\\/www.instagram.com\\\/kme_lpg\\\/\"]}]}<\/script>\n<!-- \/ Yoast SEO plugin. -->","yoast_head_json":{"title":"Sterownik NEVO PLUS - KME","robots":{"index":"index","follow":"follow","max-snippet":"max-snippet:-1","max-image-preview":"max-image-preview:large","max-video-preview":"max-video-preview:-1"},"canonical":"https:\/\/kme.eu\/kme\/produkt\/sterownik-nevo-plus\/","og_locale":"pl_PL","og_type":"article","og_title":"Sterownik NEVO PLUS - KME","og_description":"Rozszerzona wersja sterownika NEVO posiadaj\u0105ca 2 z\u0142\u0105cza. Sterownik NEVO PLUS wyst\u0119puje w wersjach 4, 6, 8 cylindrowych. U\u017cywaj\u0105c dodatkowo wi\u0105zki master-slave mo\u017cna zamontowa\u0107 sterowniki w samochodach m.in. 10- lub 12-cylindrowych. Modu\u0142owe rozwi\u0105zanie pozwala na do\u0142o\u017cenie wi\u0105zki szarej do ju\u017c zamontowanej w samochodzie wi\u0105zki czarnej i szybk\u0105 podmian\u0119 sterownika na wersj\u0119 NEVO PLUS.  Sterownik dodatkowo posiada: funkcj\u0119 odczytu sygna\u0142\u00f3w analogowych np. Sond Lambda, mo\u017cliwo\u015b\u0107 pod\u0142\u0105czenia przetwornika PPO* w samochodach typu Valvetronic. Ponadto dysponuje konfigurowalnym wyj\u015bciem 12V, umo\u017cliwiaj\u0105cym poprzez przeka\u017anik np. roz\u0142\u0105czenie pompy paliwa. Opcjonalnie mo\u017cna pod\u0142\u0105czy\u0107 zewn\u0119trzny czujnik temperatury reduktora lub temperatury gazu.","og_url":"https:\/\/kme.eu\/kme\/produkt\/sterownik-nevo-plus\/","og_site_name":"KME","article_publisher":"https:\/\/www.facebook.com\/KME.LPG\/","article_modified_time":"2026-03-30T09:14:54+00:00","og_image":[{"width":800,"height":900,"url":"https:\/\/kme.eu\/kme\/wp-content\/uploads\/2020\/06\/NEVO_PLUS.jpg","type":"image\/jpeg"}],"twitter_card":"summary_large_image","twitter_misc":{"Szacowany czas czytania":"5 minut"},"schema":{"@context":"https:\/\/schema.org","@graph":[{"@type":"WebPage","@id":"https:\/\/kme.eu\/kme\/produkt\/sterownik-nevo-plus\/","url":"https:\/\/kme.eu\/kme\/produkt\/sterownik-nevo-plus\/","name":"Sterownik NEVO PLUS - KME","isPartOf":{"@id":"https:\/\/kme.eu\/kme\/#website"},"primaryImageOfPage":{"@id":"https:\/\/kme.eu\/kme\/produkt\/sterownik-nevo-plus\/#primaryimage"},"image":{"@id":"https:\/\/kme.eu\/kme\/produkt\/sterownik-nevo-plus\/#primaryimage"},"thumbnailUrl":"https:\/\/kme.eu\/kme\/wp-content\/uploads\/2020\/06\/NEVO_PLUS.jpg","datePublished":"2020-06-24T05:39:27+00:00","dateModified":"2026-03-30T09:14:54+00:00","breadcrumb":{"@id":"https:\/\/kme.eu\/kme\/produkt\/sterownik-nevo-plus\/#breadcrumb"},"inLanguage":"pl-PL","potentialAction":[{"@type":"ReadAction","target":["https:\/\/kme.eu\/kme\/produkt\/sterownik-nevo-plus\/"]}]},{"@type":"ImageObject","inLanguage":"pl-PL","@id":"https:\/\/kme.eu\/kme\/produkt\/sterownik-nevo-plus\/#primaryimage","url":"https:\/\/kme.eu\/kme\/wp-content\/uploads\/2020\/06\/NEVO_PLUS.jpg","contentUrl":"https:\/\/kme.eu\/kme\/wp-content\/uploads\/2020\/06\/NEVO_PLUS.jpg","width":800,"height":900},{"@type":"BreadcrumbList","@id":"https:\/\/kme.eu\/kme\/produkt\/sterownik-nevo-plus\/#breadcrumb","itemListElement":[{"@type":"ListItem","position":1,"name":"Strona g\u0142\u00f3wna","item":"https:\/\/kme.eu\/kme\/"},{"@type":"ListItem","position":2,"name":"Produkty","item":"https:\/\/kme.eu\/kme\/produkty\/"},{"@type":"ListItem","position":3,"name":"Sterownik NEVO PLUS"}]},{"@type":"WebSite","@id":"https:\/\/kme.eu\/kme\/#website","url":"https:\/\/kme.eu\/kme\/","name":"KME","description":"Autogas Systems","publisher":{"@id":"https:\/\/kme.eu\/kme\/#organization"},"potentialAction":[{"@type":"SearchAction","target":{"@type":"EntryPoint","urlTemplate":"https:\/\/kme.eu\/kme\/?s={search_term_string}"},"query-input":{"@type":"PropertyValueSpecification","valueRequired":true,"valueName":"search_term_string"}}],"inLanguage":"pl-PL"},{"@type":"Organization","@id":"https:\/\/kme.eu\/kme\/#organization","name":"KME","url":"https:\/\/kme.eu\/kme\/","logo":{"@type":"ImageObject","inLanguage":"pl-PL","@id":"https:\/\/kme.eu\/kme\/#\/schema\/logo\/image\/","url":"https:\/\/kme.eu\/kme\/wp-content\/uploads\/2020\/04\/logo_KME_RGB_small_200px.png","contentUrl":"https:\/\/kme.eu\/kme\/wp-content\/uploads\/2020\/04\/logo_KME_RGB_small_200px.png","width":272,"height":200,"caption":"KME"},"image":{"@id":"https:\/\/kme.eu\/kme\/#\/schema\/logo\/image\/"},"sameAs":["https:\/\/www.facebook.com\/KME.LPG\/","https:\/\/www.instagram.com\/kme_lpg\/"]}]}},"_links":{"self":[{"href":"https:\/\/kme.eu\/kme\/wp-json\/wp\/v2\/product\/7514","targetHints":{"allow":["GET"]}}],"collection":[{"href":"https:\/\/kme.eu\/kme\/wp-json\/wp\/v2\/product"}],"about":[{"href":"https:\/\/kme.eu\/kme\/wp-json\/wp\/v2\/types\/product"}],"wp:featuredmedia":[{"embeddable":true,"href":"https:\/\/kme.eu\/kme\/wp-json\/wp\/v2\/media\/7506"}],"wp:attachment":[{"href":"https:\/\/kme.eu\/kme\/wp-json\/wp\/v2\/media?parent=7514"}],"wp:term":[{"taxonomy":"product_brand","embeddable":true,"href":"https:\/\/kme.eu\/kme\/wp-json\/wp\/v2\/product_brand?post=7514"},{"taxonomy":"product_cat","embeddable":true,"href":"https:\/\/kme.eu\/kme\/wp-json\/wp\/v2\/product_cat?post=7514"},{"taxonomy":"product_tag","embeddable":true,"href":"https:\/\/kme.eu\/kme\/wp-json\/wp\/v2\/product_tag?post=7514"}],"curies":[{"name":"wp","href":"https:\/\/api.w.org\/{rel}","templated":true}]}}