{"id":9215,"date":"2020-09-01T10:34:59","date_gmt":"2020-09-01T08:34:59","guid":{"rendered":"https:\/\/kme.eu\/kme\/?post_type=product&#038;p=9215"},"modified":"2026-03-30T10:43:28","modified_gmt":"2026-03-30T08:43:28","slug":"sterownik-sun","status":"publish","type":"product","link":"https:\/\/kme.eu\/kme\/produkt\/sterownik-sun\/","title":{"rendered":"Sterownik SUN"},"content":{"rendered":"<h5><strong>Sterownik NEVO-SKY SUN<\/strong><\/h5>\n<p>Nast\u0119pca rodziny<strong> NEVO<\/strong>, wyposa\u017cony w zaawansowane mechanizmy <strong>platformy SKY.<\/strong> Sterownik dedykowany do silnik\u00f3w 3-4 cylindrowych z wtryskiem po\u015brednim.\u00a0 Wyposa\u017cony w jedno z\u0142\u0105cze z optymalnie dopasowan\u0105 wi\u0105zk\u0105 oraz hermetyczn\u0105 obudow\u0119, kt\u00f3ra chroni urz\u0105dzenie przed ingerencj\u0105 czynnik\u00f3w zewn\u0119trznych.<\/p>\n<p>Obs\u0142ugiwany <strong>oprogramowaniem NEVO-SKY<\/strong>, tym samym co sterownik <strong>MAX<\/strong> czy <strong>DIRECT<\/strong>.<\/p>\n<h5><strong>AUTO-SETUP w 5 krokach<\/strong><\/h5>\n<p>Dla u\u0142atwienia monta\u017cu i kalibracji sterowniki z rodziny <strong>NEVO-SKY<\/strong> posiadaj\u0105 funkcje <strong>AUTO-SETUP<\/strong>, kt\u00f3ra w prosty i szybki spos\u00f3b pomaga w ustawieniu wi\u0119kszo\u015bci samochod\u00f3w.<\/p>\n<p><img loading=\"lazy\" decoding=\"async\" class=\"alignnone wp-image-7313\" src=\"https:\/\/mucha.sobnet.eu\/kme\/wp-content\/uploads\/2020\/06\/5-krokow-300x91.jpg\" alt=\"\" width=\"705\" height=\"214\" srcset=\"https:\/\/kme.eu\/kme\/wp-content\/uploads\/2020\/06\/5-krokow-300x91.jpg 300w, https:\/\/kme.eu\/kme\/wp-content\/uploads\/2020\/06\/5-krokow-600x182.jpg 600w, https:\/\/kme.eu\/kme\/wp-content\/uploads\/2020\/06\/5-krokow-1024x310.jpg 1024w, https:\/\/kme.eu\/kme\/wp-content\/uploads\/2020\/06\/5-krokow-768x232.jpg 768w, https:\/\/kme.eu\/kme\/wp-content\/uploads\/2020\/06\/5-krokow.jpg 1147w\" sizes=\"auto, (max-width: 705px) 100vw, 705px\" \/><\/p>\n<h5><strong>SYSTEM EKSPERCKI SKY<\/strong><\/h5>\n<p>Rodzina <strong>NEVO-SKY<\/strong>, do kt\u00f3rej nale\u017cny sterownik <strong>SUN<\/strong> wsp\u00f3\u0142pracuje z oprogramowaniem <strong>NEVO-SKY<\/strong>, kt\u00f3re zosta\u0142o wyposa\u017cone w zaawansowany <strong>SYSTEM EKSPERCKI SKY<\/strong> s\u0142u\u017c\u0105cy do automatycznego wykrywania nieprawid\u0142owo\u015bci w ustawieniach i pracy systemu gazowego. System ten generuje podpowiedzi\/ostrze\u017cenia, sugeruje rozwi\u0105zania. Ka\u017cdorazowe wyst\u0105pienie ostrze\u017cenia powoduje uruchomienie sygnalizacji d\u017awi\u0119kowej, tak by nie przeoczy\u0107 momentu pojawienia si\u0119 udzielanej wskaz\u00f3wki. Z ka\u017cdym wydaniem programu <strong>SYSTEM EKSPERCKI <\/strong><strong>SKY <\/strong>ma rozszerzana baz\u0119 wiedzy, aby pomaga\u0107 w kalibracji aut.<\/p>\n<p>&nbsp;<\/p>\n<div class=\"sdm_download_button_box_default\"><div class=\"sdm_download_link\"><a href=\"https:\/\/kme.eu\/kme\/?sdm_process_download=1&download_id=7664\" class=\"sdm_download orange\" title=\"Oprogramowanie NEVO-SKY 5.0.4.1\" >Pobierz program<\/a><\/div><\/div>\n<p>&nbsp;<\/p>\n<p>\t\t\t<rs-module-wrap id=\"rev_slider_error_1_wrapper\">\n\t\t\t\t<rs-module id=\"rev_slider_error_1\">\n\t\t\t\t\t<div class=\"rs_error_message_box\">\n\t\t\t\t\t\t<div class=\"rs_error_message_oops\">There is nothing to show here!<\/div>\n\t\t\t\t\t\t<div class=\"rs_error_message_content\">Slider with alias sun not found.<\/div>\n\t\t\t\t\t<\/div>\n\t\t\t\t<\/rs-module>\n\t\t\t<\/rs-module-wrap>\n\t\t\t<script>\n\t\t\t\tvar rs_eslider = document.getElementById(\"rev_slider_error_1\");\n\t\t\t\trs_eslider.style.display = \"none\";\n\t\t\t\tconsole.log(\"Slider with alias sun not found.\");\n\t\t\t<\/script>\n<br \/>\n<script>\n   $(window).on('load', function(){\n      $(\".sdm_download\").each(function( index, element ){\n         console.log($(this));\n         $(this).attr('target','_blank');\n      });\n   });\n<\/script><\/p>\n","protected":false},"excerpt":{"rendered":"<p>Nast\u0119pca rodziny NEVO, wyposa\u017cony w zaawansowane mechanizmy platformy SKY. Sterownik dedykowany do silnik\u00f3w 3-4 cylindrowych z wtryskiem po\u015brednim.\u00a0 Wyposa\u017cony w jedno z\u0142\u0105cze z optymalnie dopasowan\u0105 wi\u0105zk\u0105 oraz hermetyczn\u0105 obudow\u0119, kt\u00f3ra chroni urz\u0105dzenie przed ingerencj\u0105 czynnik\u00f3w zewn\u0119trznych.<\/p>\n<p>Obs\u0142ugiwany oprogramowaniem NEVO-SKY, tym samym co sterownik MAX czy DIRECT.<\/p>\n","protected":false},"featured_media":9218,"template":"","meta":[],"product_brand":[],"product_cat":[150],"product_tag":[315,239],"class_list":{"0":"post-9215","1":"product","2":"type-product","3":"status-publish","4":"has-post-thumbnail","6":"product_cat-sterowniki","7":"product_tag-nevo-sky","8":"product_tag-wtrysk-posredni","10":"first","11":"instock","12":"shipping-taxable","13":"product-type-simple"},"acf":[],"yoast_head":"<!-- This site is optimized with the Yoast SEO plugin v27.4 - https:\/\/yoast.com\/product\/yoast-seo-wordpress\/ -->\n<title>Sterownik SUN - KME<\/title>\n<meta name=\"robots\" content=\"index, follow, max-snippet:-1, max-image-preview:large, max-video-preview:-1\" \/>\n<link rel=\"canonical\" href=\"https:\/\/kme.eu\/kme\/produkt\/sterownik-sun\/\" \/>\n<meta property=\"og:locale\" content=\"pl_PL\" \/>\n<meta property=\"og:type\" content=\"article\" \/>\n<meta property=\"og:title\" content=\"Sterownik SUN - KME\" \/>\n<meta property=\"og:description\" content=\"Nast\u0119pca rodziny NEVO, wyposa\u017cony w zaawansowane mechanizmy platformy SKY. Sterownik dedykowany do silnik\u00f3w 3-4 cylindrowych z wtryskiem po\u015brednim.\u00a0 Wyposa\u017cony w jedno z\u0142\u0105cze z optymalnie dopasowan\u0105 wi\u0105zk\u0105 oraz hermetyczn\u0105 obudow\u0119, kt\u00f3ra chroni urz\u0105dzenie przed ingerencj\u0105 czynnik\u00f3w zewn\u0119trznych.  Obs\u0142ugiwany oprogramowaniem NEVO-SKY, tym samym co sterownik MAX czy DIRECT.\" \/>\n<meta property=\"og:url\" content=\"https:\/\/kme.eu\/kme\/produkt\/sterownik-sun\/\" \/>\n<meta property=\"og:site_name\" content=\"KME\" \/>\n<meta property=\"article:publisher\" content=\"https:\/\/www.facebook.com\/KME.LPG\/\" \/>\n<meta property=\"article:modified_time\" content=\"2026-03-30T08:43:28+00:00\" \/>\n<meta property=\"og:image\" content=\"https:\/\/kme.eu\/kme\/wp-content\/uploads\/2020\/09\/SUN.jpg\" \/>\n\t<meta property=\"og:image:width\" content=\"800\" \/>\n\t<meta property=\"og:image:height\" content=\"900\" \/>\n\t<meta property=\"og:image:type\" content=\"image\/jpeg\" \/>\n<meta name=\"twitter:card\" content=\"summary_large_image\" \/>\n<meta name=\"twitter:label1\" content=\"Szacowany czas czytania\" \/>\n\t<meta name=\"twitter:data1\" content=\"2 minuty\" \/>\n<script type=\"application\/ld+json\" class=\"yoast-schema-graph\">{\"@context\":\"https:\\\/\\\/schema.org\",\"@graph\":[{\"@type\":\"WebPage\",\"@id\":\"https:\\\/\\\/kme.eu\\\/kme\\\/produkt\\\/sterownik-sun\\\/\",\"url\":\"https:\\\/\\\/kme.eu\\\/kme\\\/produkt\\\/sterownik-sun\\\/\",\"name\":\"Sterownik SUN - KME\",\"isPartOf\":{\"@id\":\"https:\\\/\\\/kme.eu\\\/kme\\\/#website\"},\"primaryImageOfPage\":{\"@id\":\"https:\\\/\\\/kme.eu\\\/kme\\\/produkt\\\/sterownik-sun\\\/#primaryimage\"},\"image\":{\"@id\":\"https:\\\/\\\/kme.eu\\\/kme\\\/produkt\\\/sterownik-sun\\\/#primaryimage\"},\"thumbnailUrl\":\"https:\\\/\\\/kme.eu\\\/kme\\\/wp-content\\\/uploads\\\/2020\\\/09\\\/SUN.jpg\",\"datePublished\":\"2020-09-01T08:34:59+00:00\",\"dateModified\":\"2026-03-30T08:43:28+00:00\",\"breadcrumb\":{\"@id\":\"https:\\\/\\\/kme.eu\\\/kme\\\/produkt\\\/sterownik-sun\\\/#breadcrumb\"},\"inLanguage\":\"pl-PL\",\"potentialAction\":[{\"@type\":\"ReadAction\",\"target\":[\"https:\\\/\\\/kme.eu\\\/kme\\\/produkt\\\/sterownik-sun\\\/\"]}]},{\"@type\":\"ImageObject\",\"inLanguage\":\"pl-PL\",\"@id\":\"https:\\\/\\\/kme.eu\\\/kme\\\/produkt\\\/sterownik-sun\\\/#primaryimage\",\"url\":\"https:\\\/\\\/kme.eu\\\/kme\\\/wp-content\\\/uploads\\\/2020\\\/09\\\/SUN.jpg\",\"contentUrl\":\"https:\\\/\\\/kme.eu\\\/kme\\\/wp-content\\\/uploads\\\/2020\\\/09\\\/SUN.jpg\",\"width\":800,\"height\":900},{\"@type\":\"BreadcrumbList\",\"@id\":\"https:\\\/\\\/kme.eu\\\/kme\\\/produkt\\\/sterownik-sun\\\/#breadcrumb\",\"itemListElement\":[{\"@type\":\"ListItem\",\"position\":1,\"name\":\"Strona g\u0142\u00f3wna\",\"item\":\"https:\\\/\\\/kme.eu\\\/kme\\\/\"},{\"@type\":\"ListItem\",\"position\":2,\"name\":\"Produkty\",\"item\":\"https:\\\/\\\/kme.eu\\\/kme\\\/produkty\\\/\"},{\"@type\":\"ListItem\",\"position\":3,\"name\":\"Sterownik SUN\"}]},{\"@type\":\"WebSite\",\"@id\":\"https:\\\/\\\/kme.eu\\\/kme\\\/#website\",\"url\":\"https:\\\/\\\/kme.eu\\\/kme\\\/\",\"name\":\"KME\",\"description\":\"Autogas Systems\",\"publisher\":{\"@id\":\"https:\\\/\\\/kme.eu\\\/kme\\\/#organization\"},\"potentialAction\":[{\"@type\":\"SearchAction\",\"target\":{\"@type\":\"EntryPoint\",\"urlTemplate\":\"https:\\\/\\\/kme.eu\\\/kme\\\/?s={search_term_string}\"},\"query-input\":{\"@type\":\"PropertyValueSpecification\",\"valueRequired\":true,\"valueName\":\"search_term_string\"}}],\"inLanguage\":\"pl-PL\"},{\"@type\":\"Organization\",\"@id\":\"https:\\\/\\\/kme.eu\\\/kme\\\/#organization\",\"name\":\"KME\",\"url\":\"https:\\\/\\\/kme.eu\\\/kme\\\/\",\"logo\":{\"@type\":\"ImageObject\",\"inLanguage\":\"pl-PL\",\"@id\":\"https:\\\/\\\/kme.eu\\\/kme\\\/#\\\/schema\\\/logo\\\/image\\\/\",\"url\":\"https:\\\/\\\/kme.eu\\\/kme\\\/wp-content\\\/uploads\\\/2020\\\/04\\\/logo_KME_RGB_small_200px.png\",\"contentUrl\":\"https:\\\/\\\/kme.eu\\\/kme\\\/wp-content\\\/uploads\\\/2020\\\/04\\\/logo_KME_RGB_small_200px.png\",\"width\":272,\"height\":200,\"caption\":\"KME\"},\"image\":{\"@id\":\"https:\\\/\\\/kme.eu\\\/kme\\\/#\\\/schema\\\/logo\\\/image\\\/\"},\"sameAs\":[\"https:\\\/\\\/www.facebook.com\\\/KME.LPG\\\/\",\"https:\\\/\\\/www.instagram.com\\\/kme_lpg\\\/\"]}]}<\/script>\n<!-- \/ Yoast SEO plugin. -->","yoast_head_json":{"title":"Sterownik SUN - KME","robots":{"index":"index","follow":"follow","max-snippet":"max-snippet:-1","max-image-preview":"max-image-preview:large","max-video-preview":"max-video-preview:-1"},"canonical":"https:\/\/kme.eu\/kme\/produkt\/sterownik-sun\/","og_locale":"pl_PL","og_type":"article","og_title":"Sterownik SUN - KME","og_description":"Nast\u0119pca rodziny NEVO, wyposa\u017cony w zaawansowane mechanizmy platformy SKY. Sterownik dedykowany do silnik\u00f3w 3-4 cylindrowych z wtryskiem po\u015brednim.\u00a0 Wyposa\u017cony w jedno z\u0142\u0105cze z optymalnie dopasowan\u0105 wi\u0105zk\u0105 oraz hermetyczn\u0105 obudow\u0119, kt\u00f3ra chroni urz\u0105dzenie przed ingerencj\u0105 czynnik\u00f3w zewn\u0119trznych.  Obs\u0142ugiwany oprogramowaniem NEVO-SKY, tym samym co sterownik MAX czy DIRECT.","og_url":"https:\/\/kme.eu\/kme\/produkt\/sterownik-sun\/","og_site_name":"KME","article_publisher":"https:\/\/www.facebook.com\/KME.LPG\/","article_modified_time":"2026-03-30T08:43:28+00:00","og_image":[{"width":800,"height":900,"url":"https:\/\/kme.eu\/kme\/wp-content\/uploads\/2020\/09\/SUN.jpg","type":"image\/jpeg"}],"twitter_card":"summary_large_image","twitter_misc":{"Szacowany czas czytania":"2 minuty"},"schema":{"@context":"https:\/\/schema.org","@graph":[{"@type":"WebPage","@id":"https:\/\/kme.eu\/kme\/produkt\/sterownik-sun\/","url":"https:\/\/kme.eu\/kme\/produkt\/sterownik-sun\/","name":"Sterownik SUN - KME","isPartOf":{"@id":"https:\/\/kme.eu\/kme\/#website"},"primaryImageOfPage":{"@id":"https:\/\/kme.eu\/kme\/produkt\/sterownik-sun\/#primaryimage"},"image":{"@id":"https:\/\/kme.eu\/kme\/produkt\/sterownik-sun\/#primaryimage"},"thumbnailUrl":"https:\/\/kme.eu\/kme\/wp-content\/uploads\/2020\/09\/SUN.jpg","datePublished":"2020-09-01T08:34:59+00:00","dateModified":"2026-03-30T08:43:28+00:00","breadcrumb":{"@id":"https:\/\/kme.eu\/kme\/produkt\/sterownik-sun\/#breadcrumb"},"inLanguage":"pl-PL","potentialAction":[{"@type":"ReadAction","target":["https:\/\/kme.eu\/kme\/produkt\/sterownik-sun\/"]}]},{"@type":"ImageObject","inLanguage":"pl-PL","@id":"https:\/\/kme.eu\/kme\/produkt\/sterownik-sun\/#primaryimage","url":"https:\/\/kme.eu\/kme\/wp-content\/uploads\/2020\/09\/SUN.jpg","contentUrl":"https:\/\/kme.eu\/kme\/wp-content\/uploads\/2020\/09\/SUN.jpg","width":800,"height":900},{"@type":"BreadcrumbList","@id":"https:\/\/kme.eu\/kme\/produkt\/sterownik-sun\/#breadcrumb","itemListElement":[{"@type":"ListItem","position":1,"name":"Strona g\u0142\u00f3wna","item":"https:\/\/kme.eu\/kme\/"},{"@type":"ListItem","position":2,"name":"Produkty","item":"https:\/\/kme.eu\/kme\/produkty\/"},{"@type":"ListItem","position":3,"name":"Sterownik SUN"}]},{"@type":"WebSite","@id":"https:\/\/kme.eu\/kme\/#website","url":"https:\/\/kme.eu\/kme\/","name":"KME","description":"Autogas Systems","publisher":{"@id":"https:\/\/kme.eu\/kme\/#organization"},"potentialAction":[{"@type":"SearchAction","target":{"@type":"EntryPoint","urlTemplate":"https:\/\/kme.eu\/kme\/?s={search_term_string}"},"query-input":{"@type":"PropertyValueSpecification","valueRequired":true,"valueName":"search_term_string"}}],"inLanguage":"pl-PL"},{"@type":"Organization","@id":"https:\/\/kme.eu\/kme\/#organization","name":"KME","url":"https:\/\/kme.eu\/kme\/","logo":{"@type":"ImageObject","inLanguage":"pl-PL","@id":"https:\/\/kme.eu\/kme\/#\/schema\/logo\/image\/","url":"https:\/\/kme.eu\/kme\/wp-content\/uploads\/2020\/04\/logo_KME_RGB_small_200px.png","contentUrl":"https:\/\/kme.eu\/kme\/wp-content\/uploads\/2020\/04\/logo_KME_RGB_small_200px.png","width":272,"height":200,"caption":"KME"},"image":{"@id":"https:\/\/kme.eu\/kme\/#\/schema\/logo\/image\/"},"sameAs":["https:\/\/www.facebook.com\/KME.LPG\/","https:\/\/www.instagram.com\/kme_lpg\/"]}]}},"_links":{"self":[{"href":"https:\/\/kme.eu\/kme\/wp-json\/wp\/v2\/product\/9215","targetHints":{"allow":["GET"]}}],"collection":[{"href":"https:\/\/kme.eu\/kme\/wp-json\/wp\/v2\/product"}],"about":[{"href":"https:\/\/kme.eu\/kme\/wp-json\/wp\/v2\/types\/product"}],"wp:featuredmedia":[{"embeddable":true,"href":"https:\/\/kme.eu\/kme\/wp-json\/wp\/v2\/media\/9218"}],"wp:attachment":[{"href":"https:\/\/kme.eu\/kme\/wp-json\/wp\/v2\/media?parent=9215"}],"wp:term":[{"taxonomy":"product_brand","embeddable":true,"href":"https:\/\/kme.eu\/kme\/wp-json\/wp\/v2\/product_brand?post=9215"},{"taxonomy":"product_cat","embeddable":true,"href":"https:\/\/kme.eu\/kme\/wp-json\/wp\/v2\/product_cat?post=9215"},{"taxonomy":"product_tag","embeddable":true,"href":"https:\/\/kme.eu\/kme\/wp-json\/wp\/v2\/product_tag?post=9215"}],"curies":[{"name":"wp","href":"https:\/\/api.w.org\/{rel}","templated":true}]}}