{"id":9704,"date":"2020-10-13T12:03:44","date_gmt":"2020-10-13T10:03:44","guid":{"rendered":"https:\/\/kme.eu\/kme\/?post_type=product&#038;p=9704"},"modified":"2026-03-30T10:24:52","modified_gmt":"2026-03-30T08:24:52","slug":"panel-sterowania-dg7-rgb","status":"publish","type":"product","link":"https:\/\/kme.eu\/kme\/produkt\/panel-sterowania-dg7-rgb\/","title":{"rendered":"Panel Sterowania DG7 RGB"},"content":{"rendered":"<p>Zar\u00f3wno system NEVO-SKY [DIRECT, MAX],jak i NEVO PRO standardowo wyposa\u017cone s\u0105 w innowacyjne <strong>panele sterowania\/kierowcy<\/strong> <strong>DG7 RGB<\/strong>. Kszta\u0142t urz\u0105dze\u0144 zaprojektowany zosta\u0142 w spos\u00f3b, kt\u00f3ry wpisuje je w stylistyk\u0119 wn\u0119trz wsp\u00f3\u0142czesnych samochod\u00f3w. Panel sterowania [benzyna\/gaz] &#8211; s\u0142u\u017cy do komunikacji kierowcy ze sterownikiem gazowym,<\/p>\n<p><img loading=\"lazy\" decoding=\"async\" class=\"alignnone wp-image-9723 size-full\" src=\"https:\/\/kme.eu\/kme\/wp-content\/uploads\/2020\/10\/RGB_jasnosc.png\" alt=\"\" width=\"100\" height=\"117\" \/>\u00a0 \u00a0 \u00a0 \u00a0 \u00a0 \u00a0 \u00a0 \u00a0\u00a0<img loading=\"lazy\" decoding=\"async\" class=\"alignnone wp-image-9722 size-full\" src=\"https:\/\/kme.eu\/kme\/wp-content\/uploads\/2020\/10\/RGB_kolory.png\" alt=\"\" width=\"100\" height=\"108\" \/><\/p>\n<ul>\n<li>automatycznie lub manualnie prze\u0142\u0105cza na zasilanie gazowe;<\/li>\n<li>informuje \u015bwietlnie i d\u017awi\u0119kowo o braku gazu w zbiorniku;<\/li>\n<li>automatycznie przyciemnia si\u0119 po zmroku;<\/li>\n<li><strong>kierowca ma mo\u017cliwo\u015b\u0107 wyboru kolor\u00f3w \u015bwiecenia diod [RGB]<\/strong>.<\/li>\n<\/ul>\n<p><img loading=\"lazy\" decoding=\"async\" class=\"alignnone wp-image-9729 size-full\" src=\"https:\/\/kme.eu\/kme\/wp-content\/uploads\/2020\/10\/RGB_opis_500.png\" alt=\"\" width=\"500\" height=\"192\" srcset=\"https:\/\/kme.eu\/kme\/wp-content\/uploads\/2020\/10\/RGB_opis_500.png 500w, https:\/\/kme.eu\/kme\/wp-content\/uploads\/2020\/10\/RGB_opis_500-300x115.png 300w\" sizes=\"auto, (max-width: 500px) 100vw, 500px\" \/><\/p>\n<h4>Konfiguracja wskazania poziomu gazu<\/h4>\n<p>W konfiguracji wskazania poziomu gazu dost\u0119pne s\u0105 3 wizualizacje:<\/p>\n<p><img loading=\"lazy\" decoding=\"async\" class=\"alignnone size-full wp-image-9724\" src=\"https:\/\/kme.eu\/kme\/wp-content\/uploads\/2020\/10\/RGB_dzialanie.png\" alt=\"\" width=\"800\" height=\"256\" srcset=\"https:\/\/kme.eu\/kme\/wp-content\/uploads\/2020\/10\/RGB_dzialanie.png 800w, https:\/\/kme.eu\/kme\/wp-content\/uploads\/2020\/10\/RGB_dzialanie-300x96.png 300w, https:\/\/kme.eu\/kme\/wp-content\/uploads\/2020\/10\/RGB_dzialanie-768x246.png 768w, https:\/\/kme.eu\/kme\/wp-content\/uploads\/2020\/10\/RGB_dzialanie-600x192.png 600w\" sizes=\"auto, (max-width: 800px) 100vw, 800px\" \/><\/p>\n<h4>Cechy panela<\/h4>\n<p><img loading=\"lazy\" decoding=\"async\" class=\"alignnone size-full wp-image-9725\" src=\"https:\/\/kme.eu\/kme\/wp-content\/uploads\/2020\/10\/RGB_cechy.png\" alt=\"\" width=\"800\" height=\"241\" srcset=\"https:\/\/kme.eu\/kme\/wp-content\/uploads\/2020\/10\/RGB_cechy.png 800w, https:\/\/kme.eu\/kme\/wp-content\/uploads\/2020\/10\/RGB_cechy-300x90.png 300w, https:\/\/kme.eu\/kme\/wp-content\/uploads\/2020\/10\/RGB_cechy-768x231.png 768w, https:\/\/kme.eu\/kme\/wp-content\/uploads\/2020\/10\/RGB_cechy-600x181.png 600w\" sizes=\"auto, (max-width: 800px) 100vw, 800px\" \/><\/p>\n<h4>Sygnalizacja rodzaj\u00f3w pracy<\/h4>\n<p><img loading=\"lazy\" decoding=\"async\" class=\"alignnone size-full wp-image-9776\" src=\"https:\/\/kme.eu\/kme\/wp-content\/uploads\/2020\/10\/Panele_tabela.png\" alt=\"\" width=\"800\" height=\"446\" srcset=\"https:\/\/kme.eu\/kme\/wp-content\/uploads\/2020\/10\/Panele_tabela.png 800w, https:\/\/kme.eu\/kme\/wp-content\/uploads\/2020\/10\/Panele_tabela-300x167.png 300w, https:\/\/kme.eu\/kme\/wp-content\/uploads\/2020\/10\/Panele_tabela-768x428.png 768w, https:\/\/kme.eu\/kme\/wp-content\/uploads\/2020\/10\/Panele_tabela-600x335.png 600w\" sizes=\"auto, (max-width: 800px) 100vw, 800px\" \/><\/p>\n<p>* kolory i spos\u00f3b sygnalizacji konfigurowalne z poziomu programu<\/p>\n<p>&nbsp;<\/p>\n<div class=\"sdm_download_button_box_default\"><div class=\"sdm_download_link\"><a href=\"https:\/\/kme.eu\/kme\/?sdm_process_download=1&download_id=9232\" class=\"sdm_download orange\" title=\"Instrukcja obs\u0142ugi samochodowej instalacji LPG\" target=&quot;_blank&quot;>Pobierz instrukcj\u0119 obs\u0142ugi<\/a><\/div><\/div>\n<p><script>\n   $(window).on('load', function(){\n      $(\".sdm_download\").each(function( index, element ){\n         console.log($(this));\n         $(this).attr('target','_blank');\n      });\n   });\n<\/script><\/p>\n","protected":false},"excerpt":{"rendered":"<p>Panel sterowania DG7 RGB [benzyna\/gaz] &#8211; s\u0142u\u017cy do komunikacji kierowcy ze sterownikiem gazowym.<\/p>\n","protected":false},"featured_media":9775,"template":"","meta":[],"product_brand":[],"product_cat":[762,152],"product_tag":[240,666,315,656],"class_list":{"0":"post-9704","1":"product","2":"type-product","3":"status-publish","4":"has-post-thumbnail","6":"product_cat-panele-sterowania","7":"product_cat-akcesoria","8":"product_tag-jet","9":"product_tag-max","10":"product_tag-nevo-sky","11":"product_tag-sun","12":"pa_brak-gazu-704","13":"pa_przelacza-na-gaz-700","15":"first","16":"instock","17":"shipping-taxable","18":"product-type-simple"},"acf":[],"yoast_head":"<!-- This site is optimized with the Yoast SEO plugin v27.5 - https:\/\/yoast.com\/product\/yoast-seo-wordpress\/ -->\n<title>Panel Sterowania DG7 RGB - KME<\/title>\n<meta name=\"robots\" content=\"index, follow, max-snippet:-1, max-image-preview:large, max-video-preview:-1\" \/>\n<link rel=\"canonical\" href=\"https:\/\/kme.eu\/kme\/produkt\/panel-sterowania-dg7-rgb\/\" \/>\n<meta property=\"og:locale\" content=\"pl_PL\" \/>\n<meta property=\"og:type\" content=\"article\" \/>\n<meta property=\"og:title\" content=\"Panel Sterowania DG7 RGB - KME\" \/>\n<meta property=\"og:description\" content=\"Panel sterowania DG7 RGB [benzyna\/gaz] - s\u0142u\u017cy do komunikacji kierowcy ze sterownikiem gazowym.\" \/>\n<meta property=\"og:url\" content=\"https:\/\/kme.eu\/kme\/produkt\/panel-sterowania-dg7-rgb\/\" \/>\n<meta property=\"og:site_name\" content=\"KME\" \/>\n<meta property=\"article:publisher\" content=\"https:\/\/www.facebook.com\/KME.LPG\/\" \/>\n<meta property=\"article:modified_time\" content=\"2026-03-30T08:24:52+00:00\" \/>\n<meta property=\"og:image\" content=\"https:\/\/kme.eu\/kme\/wp-content\/uploads\/2020\/10\/Akcesoria_DG7_RGB_Black.jpg\" \/>\n\t<meta property=\"og:image:width\" content=\"800\" \/>\n\t<meta property=\"og:image:height\" content=\"900\" \/>\n\t<meta property=\"og:image:type\" content=\"image\/jpeg\" \/>\n<meta name=\"twitter:card\" content=\"summary_large_image\" \/>\n<meta name=\"twitter:label1\" content=\"Szacowany czas czytania\" \/>\n\t<meta name=\"twitter:data1\" content=\"3 minuty\" \/>\n<script type=\"application\/ld+json\" class=\"yoast-schema-graph\">{\"@context\":\"https:\\\/\\\/schema.org\",\"@graph\":[{\"@type\":\"WebPage\",\"@id\":\"https:\\\/\\\/kme.eu\\\/kme\\\/produkt\\\/panel-sterowania-dg7-rgb\\\/\",\"url\":\"https:\\\/\\\/kme.eu\\\/kme\\\/produkt\\\/panel-sterowania-dg7-rgb\\\/\",\"name\":\"Panel Sterowania DG7 RGB - KME\",\"isPartOf\":{\"@id\":\"https:\\\/\\\/kme.eu\\\/kme\\\/#website\"},\"primaryImageOfPage\":{\"@id\":\"https:\\\/\\\/kme.eu\\\/kme\\\/produkt\\\/panel-sterowania-dg7-rgb\\\/#primaryimage\"},\"image\":{\"@id\":\"https:\\\/\\\/kme.eu\\\/kme\\\/produkt\\\/panel-sterowania-dg7-rgb\\\/#primaryimage\"},\"thumbnailUrl\":\"https:\\\/\\\/kme.eu\\\/kme\\\/wp-content\\\/uploads\\\/2020\\\/10\\\/Akcesoria_DG7_RGB_Black.jpg\",\"datePublished\":\"2020-10-13T10:03:44+00:00\",\"dateModified\":\"2026-03-30T08:24:52+00:00\",\"breadcrumb\":{\"@id\":\"https:\\\/\\\/kme.eu\\\/kme\\\/produkt\\\/panel-sterowania-dg7-rgb\\\/#breadcrumb\"},\"inLanguage\":\"pl-PL\",\"potentialAction\":[{\"@type\":\"ReadAction\",\"target\":[\"https:\\\/\\\/kme.eu\\\/kme\\\/produkt\\\/panel-sterowania-dg7-rgb\\\/\"]}]},{\"@type\":\"ImageObject\",\"inLanguage\":\"pl-PL\",\"@id\":\"https:\\\/\\\/kme.eu\\\/kme\\\/produkt\\\/panel-sterowania-dg7-rgb\\\/#primaryimage\",\"url\":\"https:\\\/\\\/kme.eu\\\/kme\\\/wp-content\\\/uploads\\\/2020\\\/10\\\/Akcesoria_DG7_RGB_Black.jpg\",\"contentUrl\":\"https:\\\/\\\/kme.eu\\\/kme\\\/wp-content\\\/uploads\\\/2020\\\/10\\\/Akcesoria_DG7_RGB_Black.jpg\",\"width\":800,\"height\":900},{\"@type\":\"BreadcrumbList\",\"@id\":\"https:\\\/\\\/kme.eu\\\/kme\\\/produkt\\\/panel-sterowania-dg7-rgb\\\/#breadcrumb\",\"itemListElement\":[{\"@type\":\"ListItem\",\"position\":1,\"name\":\"Strona g\u0142\u00f3wna\",\"item\":\"https:\\\/\\\/kme.eu\\\/kme\\\/\"},{\"@type\":\"ListItem\",\"position\":2,\"name\":\"Produkty\",\"item\":\"https:\\\/\\\/kme.eu\\\/kme\\\/produkty\\\/\"},{\"@type\":\"ListItem\",\"position\":3,\"name\":\"Panel Sterowania DG7 RGB\"}]},{\"@type\":\"WebSite\",\"@id\":\"https:\\\/\\\/kme.eu\\\/kme\\\/#website\",\"url\":\"https:\\\/\\\/kme.eu\\\/kme\\\/\",\"name\":\"KME\",\"description\":\"Autogas Systems\",\"publisher\":{\"@id\":\"https:\\\/\\\/kme.eu\\\/kme\\\/#organization\"},\"potentialAction\":[{\"@type\":\"SearchAction\",\"target\":{\"@type\":\"EntryPoint\",\"urlTemplate\":\"https:\\\/\\\/kme.eu\\\/kme\\\/?s={search_term_string}\"},\"query-input\":{\"@type\":\"PropertyValueSpecification\",\"valueRequired\":true,\"valueName\":\"search_term_string\"}}],\"inLanguage\":\"pl-PL\"},{\"@type\":\"Organization\",\"@id\":\"https:\\\/\\\/kme.eu\\\/kme\\\/#organization\",\"name\":\"KME\",\"url\":\"https:\\\/\\\/kme.eu\\\/kme\\\/\",\"logo\":{\"@type\":\"ImageObject\",\"inLanguage\":\"pl-PL\",\"@id\":\"https:\\\/\\\/kme.eu\\\/kme\\\/#\\\/schema\\\/logo\\\/image\\\/\",\"url\":\"https:\\\/\\\/kme.eu\\\/kme\\\/wp-content\\\/uploads\\\/2020\\\/04\\\/logo_KME_RGB_small_200px.png\",\"contentUrl\":\"https:\\\/\\\/kme.eu\\\/kme\\\/wp-content\\\/uploads\\\/2020\\\/04\\\/logo_KME_RGB_small_200px.png\",\"width\":272,\"height\":200,\"caption\":\"KME\"},\"image\":{\"@id\":\"https:\\\/\\\/kme.eu\\\/kme\\\/#\\\/schema\\\/logo\\\/image\\\/\"},\"sameAs\":[\"https:\\\/\\\/www.facebook.com\\\/KME.LPG\\\/\",\"https:\\\/\\\/www.instagram.com\\\/kme_lpg\\\/\"]}]}<\/script>\n<!-- \/ Yoast SEO plugin. -->","yoast_head_json":{"title":"Panel Sterowania DG7 RGB - KME","robots":{"index":"index","follow":"follow","max-snippet":"max-snippet:-1","max-image-preview":"max-image-preview:large","max-video-preview":"max-video-preview:-1"},"canonical":"https:\/\/kme.eu\/kme\/produkt\/panel-sterowania-dg7-rgb\/","og_locale":"pl_PL","og_type":"article","og_title":"Panel Sterowania DG7 RGB - KME","og_description":"Panel sterowania DG7 RGB [benzyna\/gaz] - s\u0142u\u017cy do komunikacji kierowcy ze sterownikiem gazowym.","og_url":"https:\/\/kme.eu\/kme\/produkt\/panel-sterowania-dg7-rgb\/","og_site_name":"KME","article_publisher":"https:\/\/www.facebook.com\/KME.LPG\/","article_modified_time":"2026-03-30T08:24:52+00:00","og_image":[{"width":800,"height":900,"url":"https:\/\/kme.eu\/kme\/wp-content\/uploads\/2020\/10\/Akcesoria_DG7_RGB_Black.jpg","type":"image\/jpeg"}],"twitter_card":"summary_large_image","twitter_misc":{"Szacowany czas czytania":"3 minuty"},"schema":{"@context":"https:\/\/schema.org","@graph":[{"@type":"WebPage","@id":"https:\/\/kme.eu\/kme\/produkt\/panel-sterowania-dg7-rgb\/","url":"https:\/\/kme.eu\/kme\/produkt\/panel-sterowania-dg7-rgb\/","name":"Panel Sterowania DG7 RGB - KME","isPartOf":{"@id":"https:\/\/kme.eu\/kme\/#website"},"primaryImageOfPage":{"@id":"https:\/\/kme.eu\/kme\/produkt\/panel-sterowania-dg7-rgb\/#primaryimage"},"image":{"@id":"https:\/\/kme.eu\/kme\/produkt\/panel-sterowania-dg7-rgb\/#primaryimage"},"thumbnailUrl":"https:\/\/kme.eu\/kme\/wp-content\/uploads\/2020\/10\/Akcesoria_DG7_RGB_Black.jpg","datePublished":"2020-10-13T10:03:44+00:00","dateModified":"2026-03-30T08:24:52+00:00","breadcrumb":{"@id":"https:\/\/kme.eu\/kme\/produkt\/panel-sterowania-dg7-rgb\/#breadcrumb"},"inLanguage":"pl-PL","potentialAction":[{"@type":"ReadAction","target":["https:\/\/kme.eu\/kme\/produkt\/panel-sterowania-dg7-rgb\/"]}]},{"@type":"ImageObject","inLanguage":"pl-PL","@id":"https:\/\/kme.eu\/kme\/produkt\/panel-sterowania-dg7-rgb\/#primaryimage","url":"https:\/\/kme.eu\/kme\/wp-content\/uploads\/2020\/10\/Akcesoria_DG7_RGB_Black.jpg","contentUrl":"https:\/\/kme.eu\/kme\/wp-content\/uploads\/2020\/10\/Akcesoria_DG7_RGB_Black.jpg","width":800,"height":900},{"@type":"BreadcrumbList","@id":"https:\/\/kme.eu\/kme\/produkt\/panel-sterowania-dg7-rgb\/#breadcrumb","itemListElement":[{"@type":"ListItem","position":1,"name":"Strona g\u0142\u00f3wna","item":"https:\/\/kme.eu\/kme\/"},{"@type":"ListItem","position":2,"name":"Produkty","item":"https:\/\/kme.eu\/kme\/produkty\/"},{"@type":"ListItem","position":3,"name":"Panel Sterowania DG7 RGB"}]},{"@type":"WebSite","@id":"https:\/\/kme.eu\/kme\/#website","url":"https:\/\/kme.eu\/kme\/","name":"KME","description":"Autogas Systems","publisher":{"@id":"https:\/\/kme.eu\/kme\/#organization"},"potentialAction":[{"@type":"SearchAction","target":{"@type":"EntryPoint","urlTemplate":"https:\/\/kme.eu\/kme\/?s={search_term_string}"},"query-input":{"@type":"PropertyValueSpecification","valueRequired":true,"valueName":"search_term_string"}}],"inLanguage":"pl-PL"},{"@type":"Organization","@id":"https:\/\/kme.eu\/kme\/#organization","name":"KME","url":"https:\/\/kme.eu\/kme\/","logo":{"@type":"ImageObject","inLanguage":"pl-PL","@id":"https:\/\/kme.eu\/kme\/#\/schema\/logo\/image\/","url":"https:\/\/kme.eu\/kme\/wp-content\/uploads\/2020\/04\/logo_KME_RGB_small_200px.png","contentUrl":"https:\/\/kme.eu\/kme\/wp-content\/uploads\/2020\/04\/logo_KME_RGB_small_200px.png","width":272,"height":200,"caption":"KME"},"image":{"@id":"https:\/\/kme.eu\/kme\/#\/schema\/logo\/image\/"},"sameAs":["https:\/\/www.facebook.com\/KME.LPG\/","https:\/\/www.instagram.com\/kme_lpg\/"]}]}},"_links":{"self":[{"href":"https:\/\/kme.eu\/kme\/wp-json\/wp\/v2\/product\/9704","targetHints":{"allow":["GET"]}}],"collection":[{"href":"https:\/\/kme.eu\/kme\/wp-json\/wp\/v2\/product"}],"about":[{"href":"https:\/\/kme.eu\/kme\/wp-json\/wp\/v2\/types\/product"}],"wp:featuredmedia":[{"embeddable":true,"href":"https:\/\/kme.eu\/kme\/wp-json\/wp\/v2\/media\/9775"}],"wp:attachment":[{"href":"https:\/\/kme.eu\/kme\/wp-json\/wp\/v2\/media?parent=9704"}],"wp:term":[{"taxonomy":"product_brand","embeddable":true,"href":"https:\/\/kme.eu\/kme\/wp-json\/wp\/v2\/product_brand?post=9704"},{"taxonomy":"product_cat","embeddable":true,"href":"https:\/\/kme.eu\/kme\/wp-json\/wp\/v2\/product_cat?post=9704"},{"taxonomy":"product_tag","embeddable":true,"href":"https:\/\/kme.eu\/kme\/wp-json\/wp\/v2\/product_tag?post=9704"}],"curies":[{"name":"wp","href":"https:\/\/api.w.org\/{rel}","templated":true}]}}