{"id":9746,"date":"2020-10-13T14:31:31","date_gmt":"2020-10-13T12:31:31","guid":{"rendered":"https:\/\/kme.eu\/kme\/?post_type=product&#038;p=9746"},"modified":"2026-04-08T10:22:22","modified_gmt":"2026-04-08T08:22:22","slug":"emulator-poziomu-paliwa-epp-2-psa-honda-japan","status":"publish","type":"product","link":"https:\/\/kme.eu\/kme\/produkt\/emulator-poziomu-paliwa-epp-2-psa-honda-japan\/","title":{"rendered":"Emulator poziomu paliwa EPP (PSA, HONDA, JAPAN, TOYOTA)"},"content":{"rendered":"<p>W niekt\u00f3rych nowoczesnych samochodach poziom paliwa ustalany jest przy uruchomieniu silnika na podstawie odczyt\u00f3w z czujnika w zbiorniku paliwa. Wskazanie poziomu paliwa na wska\u017aniku kierowcy jest korygowane przez komputer benzynowy na podstawie bie\u017c\u0105cego zu\u017cycia wynikaj\u0105cego z czas\u00f3w wtrysku benzyny. W takim przypadku, podczas jazdy na gazie, wska\u017anik poziomu benzyny w samochodzie pokazuje ubytek paliwa w zbiorniku, mimo tego, \u017ce paliwo nie jest zu\u017cywane. Dzi\u0119ki zastosowaniu emulatora EPP przy ka\u017cdym uruchomieniu silnika wskazanie poziomu paliwa b\u0119dzie przywracane do rzeczywistego stanu. W ofercie KME znajduj\u0105 si\u0119 4 typy emulator\u00f3w EPP: PSA, HONDA, JAPAN i TOYOTA.<\/p>\n<h5><\/h5>\n<p>&nbsp;<\/p>\n<div class=\"sdm_download_button_box_default\"><div class=\"sdm_download_link\"><a href=\"https:\/\/kme.eu\/kme\/?sdm_process_download=1&download_id=8464\" class=\"sdm_download orange\" title=\"Instrukcja Emulatora Poziomu Paliwa EPP\" target=&quot;_blank&quot;>EPP instrukcja<\/a><\/div><\/div><br \/>\n<script>\n   $(window).on('load', function(){\n      $(\".sdm_download\").each(function( index, element ){\n         console.log($(this));\n         $(this).attr('target','_blank');\n      });\n   });\n<\/script><\/p>\n","protected":false},"excerpt":{"rendered":"<p>W nowoczesnych samochodach, gdzie zu\u017cycie paliwa wynika z czas\u00f3w wtrysku benzyny, urz\u0105dzenie s\u0142u\u017cy do przywr\u00f3cenia wskazania faktycznego poziomy benzyny przy uruchamianiu silnika.<\/p>\n","protected":false},"featured_media":21726,"template":"","meta":[],"product_brand":[],"product_cat":[152],"product_tag":[698],"class_list":{"0":"post-9746","1":"product","2":"type-product","3":"status-publish","4":"has-post-thumbnail","6":"product_cat-akcesoria","7":"product_tag-emulator","9":"first","10":"instock","11":"shipping-taxable","12":"product-type-simple"},"acf":[],"yoast_head":"<!-- This site is optimized with the Yoast SEO plugin v27.4 - https:\/\/yoast.com\/product\/yoast-seo-wordpress\/ -->\n<title>Emulator poziomu paliwa EPP (PSA, HONDA, JAPAN, TOYOTA) - KME<\/title>\n<meta name=\"description\" content=\"Urz\u0105dzenie s\u0142u\u017cy do przywr\u00f3cenia wskazania faktycznego poziomy benzyny przy uruchamianiu silnika.\" \/>\n<meta name=\"robots\" content=\"index, follow, max-snippet:-1, max-image-preview:large, max-video-preview:-1\" \/>\n<link rel=\"canonical\" href=\"https:\/\/kme.eu\/kme\/produkt\/emulator-poziomu-paliwa-epp-2-psa-honda-japan\/\" \/>\n<meta property=\"og:locale\" content=\"pl_PL\" \/>\n<meta property=\"og:type\" content=\"article\" \/>\n<meta property=\"og:title\" content=\"Emulator poziomu paliwa EPP (PSA, HONDA, JAPAN, TOYOTA)\" \/>\n<meta property=\"og:description\" content=\"KME\" \/>\n<meta property=\"og:url\" content=\"https:\/\/kme.eu\/kme\/produkt\/emulator-poziomu-paliwa-epp-2-psa-honda-japan\/\" \/>\n<meta property=\"og:site_name\" content=\"KME\" \/>\n<meta property=\"article:publisher\" content=\"https:\/\/www.facebook.com\/KME.LPG\/\" \/>\n<meta property=\"article:modified_time\" content=\"2026-04-08T08:22:22+00:00\" \/>\n<meta property=\"og:image\" content=\"https:\/\/kme.eu\/kme\/wp-content\/uploads\/2020\/10\/Akcesoria_EPP_2_PSA.jpg\" \/>\n\t<meta property=\"og:image:width\" content=\"800\" \/>\n\t<meta property=\"og:image:height\" content=\"900\" \/>\n\t<meta property=\"og:image:type\" content=\"image\/jpeg\" \/>\n<meta name=\"twitter:card\" content=\"summary_large_image\" \/>\n<meta name=\"twitter:label1\" content=\"Szacowany czas czytania\" \/>\n\t<meta name=\"twitter:data1\" content=\"1 minuta\" \/>\n<script type=\"application\/ld+json\" class=\"yoast-schema-graph\">{\"@context\":\"https:\\\/\\\/schema.org\",\"@graph\":[{\"@type\":\"WebPage\",\"@id\":\"https:\\\/\\\/kme.eu\\\/kme\\\/produkt\\\/emulator-poziomu-paliwa-epp-2-psa-honda-japan\\\/\",\"url\":\"https:\\\/\\\/kme.eu\\\/kme\\\/produkt\\\/emulator-poziomu-paliwa-epp-2-psa-honda-japan\\\/\",\"name\":\"Emulator poziomu paliwa EPP (PSA, HONDA, JAPAN, TOYOTA) - KME\",\"isPartOf\":{\"@id\":\"https:\\\/\\\/kme.eu\\\/kme\\\/#website\"},\"primaryImageOfPage\":{\"@id\":\"https:\\\/\\\/kme.eu\\\/kme\\\/produkt\\\/emulator-poziomu-paliwa-epp-2-psa-honda-japan\\\/#primaryimage\"},\"image\":{\"@id\":\"https:\\\/\\\/kme.eu\\\/kme\\\/produkt\\\/emulator-poziomu-paliwa-epp-2-psa-honda-japan\\\/#primaryimage\"},\"thumbnailUrl\":\"https:\\\/\\\/kme.eu\\\/kme\\\/wp-content\\\/uploads\\\/2026\\\/04\\\/EMULATOR-POZIOMU-PALIWA-EPP-PSA_6701000005.jpg\",\"datePublished\":\"2020-10-13T12:31:31+00:00\",\"dateModified\":\"2026-04-08T08:22:22+00:00\",\"description\":\"Urz\u0105dzenie s\u0142u\u017cy do przywr\u00f3cenia wskazania faktycznego poziomy benzyny przy uruchamianiu silnika.\",\"breadcrumb\":{\"@id\":\"https:\\\/\\\/kme.eu\\\/kme\\\/produkt\\\/emulator-poziomu-paliwa-epp-2-psa-honda-japan\\\/#breadcrumb\"},\"inLanguage\":\"pl-PL\",\"potentialAction\":[{\"@type\":\"ReadAction\",\"target\":[\"https:\\\/\\\/kme.eu\\\/kme\\\/produkt\\\/emulator-poziomu-paliwa-epp-2-psa-honda-japan\\\/\"]}]},{\"@type\":\"ImageObject\",\"inLanguage\":\"pl-PL\",\"@id\":\"https:\\\/\\\/kme.eu\\\/kme\\\/produkt\\\/emulator-poziomu-paliwa-epp-2-psa-honda-japan\\\/#primaryimage\",\"url\":\"https:\\\/\\\/kme.eu\\\/kme\\\/wp-content\\\/uploads\\\/2026\\\/04\\\/EMULATOR-POZIOMU-PALIWA-EPP-PSA_6701000005.jpg\",\"contentUrl\":\"https:\\\/\\\/kme.eu\\\/kme\\\/wp-content\\\/uploads\\\/2026\\\/04\\\/EMULATOR-POZIOMU-PALIWA-EPP-PSA_6701000005.jpg\",\"width\":800,\"height\":800},{\"@type\":\"BreadcrumbList\",\"@id\":\"https:\\\/\\\/kme.eu\\\/kme\\\/produkt\\\/emulator-poziomu-paliwa-epp-2-psa-honda-japan\\\/#breadcrumb\",\"itemListElement\":[{\"@type\":\"ListItem\",\"position\":1,\"name\":\"Strona g\u0142\u00f3wna\",\"item\":\"https:\\\/\\\/kme.eu\\\/kme\\\/\"},{\"@type\":\"ListItem\",\"position\":2,\"name\":\"Produkty\",\"item\":\"https:\\\/\\\/kme.eu\\\/kme\\\/produkty\\\/\"},{\"@type\":\"ListItem\",\"position\":3,\"name\":\"Emulator poziomu paliwa EPP (PSA, HONDA, JAPAN, TOYOTA)\"}]},{\"@type\":\"WebSite\",\"@id\":\"https:\\\/\\\/kme.eu\\\/kme\\\/#website\",\"url\":\"https:\\\/\\\/kme.eu\\\/kme\\\/\",\"name\":\"KME\",\"description\":\"Autogas Systems\",\"publisher\":{\"@id\":\"https:\\\/\\\/kme.eu\\\/kme\\\/#organization\"},\"potentialAction\":[{\"@type\":\"SearchAction\",\"target\":{\"@type\":\"EntryPoint\",\"urlTemplate\":\"https:\\\/\\\/kme.eu\\\/kme\\\/?s={search_term_string}\"},\"query-input\":{\"@type\":\"PropertyValueSpecification\",\"valueRequired\":true,\"valueName\":\"search_term_string\"}}],\"inLanguage\":\"pl-PL\"},{\"@type\":\"Organization\",\"@id\":\"https:\\\/\\\/kme.eu\\\/kme\\\/#organization\",\"name\":\"KME\",\"url\":\"https:\\\/\\\/kme.eu\\\/kme\\\/\",\"logo\":{\"@type\":\"ImageObject\",\"inLanguage\":\"pl-PL\",\"@id\":\"https:\\\/\\\/kme.eu\\\/kme\\\/#\\\/schema\\\/logo\\\/image\\\/\",\"url\":\"https:\\\/\\\/kme.eu\\\/kme\\\/wp-content\\\/uploads\\\/2020\\\/04\\\/logo_KME_RGB_small_200px.png\",\"contentUrl\":\"https:\\\/\\\/kme.eu\\\/kme\\\/wp-content\\\/uploads\\\/2020\\\/04\\\/logo_KME_RGB_small_200px.png\",\"width\":272,\"height\":200,\"caption\":\"KME\"},\"image\":{\"@id\":\"https:\\\/\\\/kme.eu\\\/kme\\\/#\\\/schema\\\/logo\\\/image\\\/\"},\"sameAs\":[\"https:\\\/\\\/www.facebook.com\\\/KME.LPG\\\/\",\"https:\\\/\\\/www.instagram.com\\\/kme_lpg\\\/\"]}]}<\/script>\n<!-- \/ Yoast SEO plugin. -->","yoast_head_json":{"title":"Emulator poziomu paliwa EPP (PSA, HONDA, JAPAN, TOYOTA) - KME","description":"Urz\u0105dzenie s\u0142u\u017cy do przywr\u00f3cenia wskazania faktycznego poziomy benzyny przy uruchamianiu silnika.","robots":{"index":"index","follow":"follow","max-snippet":"max-snippet:-1","max-image-preview":"max-image-preview:large","max-video-preview":"max-video-preview:-1"},"canonical":"https:\/\/kme.eu\/kme\/produkt\/emulator-poziomu-paliwa-epp-2-psa-honda-japan\/","og_locale":"pl_PL","og_type":"article","og_title":"Emulator poziomu paliwa EPP (PSA, HONDA, JAPAN, TOYOTA)","og_description":"KME","og_url":"https:\/\/kme.eu\/kme\/produkt\/emulator-poziomu-paliwa-epp-2-psa-honda-japan\/","og_site_name":"KME","article_publisher":"https:\/\/www.facebook.com\/KME.LPG\/","article_modified_time":"2026-04-08T08:22:22+00:00","og_image":[{"width":800,"height":900,"url":"https:\/\/kme.eu\/kme\/wp-content\/uploads\/2020\/10\/Akcesoria_EPP_2_PSA.jpg","type":"image\/jpeg"}],"twitter_card":"summary_large_image","twitter_misc":{"Szacowany czas czytania":"1 minuta"},"schema":{"@context":"https:\/\/schema.org","@graph":[{"@type":"WebPage","@id":"https:\/\/kme.eu\/kme\/produkt\/emulator-poziomu-paliwa-epp-2-psa-honda-japan\/","url":"https:\/\/kme.eu\/kme\/produkt\/emulator-poziomu-paliwa-epp-2-psa-honda-japan\/","name":"Emulator poziomu paliwa EPP (PSA, HONDA, JAPAN, TOYOTA) - KME","isPartOf":{"@id":"https:\/\/kme.eu\/kme\/#website"},"primaryImageOfPage":{"@id":"https:\/\/kme.eu\/kme\/produkt\/emulator-poziomu-paliwa-epp-2-psa-honda-japan\/#primaryimage"},"image":{"@id":"https:\/\/kme.eu\/kme\/produkt\/emulator-poziomu-paliwa-epp-2-psa-honda-japan\/#primaryimage"},"thumbnailUrl":"https:\/\/kme.eu\/kme\/wp-content\/uploads\/2026\/04\/EMULATOR-POZIOMU-PALIWA-EPP-PSA_6701000005.jpg","datePublished":"2020-10-13T12:31:31+00:00","dateModified":"2026-04-08T08:22:22+00:00","description":"Urz\u0105dzenie s\u0142u\u017cy do przywr\u00f3cenia wskazania faktycznego poziomy benzyny przy uruchamianiu silnika.","breadcrumb":{"@id":"https:\/\/kme.eu\/kme\/produkt\/emulator-poziomu-paliwa-epp-2-psa-honda-japan\/#breadcrumb"},"inLanguage":"pl-PL","potentialAction":[{"@type":"ReadAction","target":["https:\/\/kme.eu\/kme\/produkt\/emulator-poziomu-paliwa-epp-2-psa-honda-japan\/"]}]},{"@type":"ImageObject","inLanguage":"pl-PL","@id":"https:\/\/kme.eu\/kme\/produkt\/emulator-poziomu-paliwa-epp-2-psa-honda-japan\/#primaryimage","url":"https:\/\/kme.eu\/kme\/wp-content\/uploads\/2026\/04\/EMULATOR-POZIOMU-PALIWA-EPP-PSA_6701000005.jpg","contentUrl":"https:\/\/kme.eu\/kme\/wp-content\/uploads\/2026\/04\/EMULATOR-POZIOMU-PALIWA-EPP-PSA_6701000005.jpg","width":800,"height":800},{"@type":"BreadcrumbList","@id":"https:\/\/kme.eu\/kme\/produkt\/emulator-poziomu-paliwa-epp-2-psa-honda-japan\/#breadcrumb","itemListElement":[{"@type":"ListItem","position":1,"name":"Strona g\u0142\u00f3wna","item":"https:\/\/kme.eu\/kme\/"},{"@type":"ListItem","position":2,"name":"Produkty","item":"https:\/\/kme.eu\/kme\/produkty\/"},{"@type":"ListItem","position":3,"name":"Emulator poziomu paliwa EPP (PSA, HONDA, JAPAN, TOYOTA)"}]},{"@type":"WebSite","@id":"https:\/\/kme.eu\/kme\/#website","url":"https:\/\/kme.eu\/kme\/","name":"KME","description":"Autogas Systems","publisher":{"@id":"https:\/\/kme.eu\/kme\/#organization"},"potentialAction":[{"@type":"SearchAction","target":{"@type":"EntryPoint","urlTemplate":"https:\/\/kme.eu\/kme\/?s={search_term_string}"},"query-input":{"@type":"PropertyValueSpecification","valueRequired":true,"valueName":"search_term_string"}}],"inLanguage":"pl-PL"},{"@type":"Organization","@id":"https:\/\/kme.eu\/kme\/#organization","name":"KME","url":"https:\/\/kme.eu\/kme\/","logo":{"@type":"ImageObject","inLanguage":"pl-PL","@id":"https:\/\/kme.eu\/kme\/#\/schema\/logo\/image\/","url":"https:\/\/kme.eu\/kme\/wp-content\/uploads\/2020\/04\/logo_KME_RGB_small_200px.png","contentUrl":"https:\/\/kme.eu\/kme\/wp-content\/uploads\/2020\/04\/logo_KME_RGB_small_200px.png","width":272,"height":200,"caption":"KME"},"image":{"@id":"https:\/\/kme.eu\/kme\/#\/schema\/logo\/image\/"},"sameAs":["https:\/\/www.facebook.com\/KME.LPG\/","https:\/\/www.instagram.com\/kme_lpg\/"]}]}},"_links":{"self":[{"href":"https:\/\/kme.eu\/kme\/wp-json\/wp\/v2\/product\/9746","targetHints":{"allow":["GET"]}}],"collection":[{"href":"https:\/\/kme.eu\/kme\/wp-json\/wp\/v2\/product"}],"about":[{"href":"https:\/\/kme.eu\/kme\/wp-json\/wp\/v2\/types\/product"}],"wp:featuredmedia":[{"embeddable":true,"href":"https:\/\/kme.eu\/kme\/wp-json\/wp\/v2\/media\/21726"}],"wp:attachment":[{"href":"https:\/\/kme.eu\/kme\/wp-json\/wp\/v2\/media?parent=9746"}],"wp:term":[{"taxonomy":"product_brand","embeddable":true,"href":"https:\/\/kme.eu\/kme\/wp-json\/wp\/v2\/product_brand?post=9746"},{"taxonomy":"product_cat","embeddable":true,"href":"https:\/\/kme.eu\/kme\/wp-json\/wp\/v2\/product_cat?post=9746"},{"taxonomy":"product_tag","embeddable":true,"href":"https:\/\/kme.eu\/kme\/wp-json\/wp\/v2\/product_tag?post=9746"}],"curies":[{"name":"wp","href":"https:\/\/api.w.org\/{rel}","templated":true}]}}